{"id":1985,"date":"2021-10-14T11:52:46","date_gmt":"2021-10-14T08:52:46","guid":{"rendered":"https:\/\/vaimnemaailm.ee\/www\/?page_id=1985"},"modified":"2022-02-24T10:51:51","modified_gmt":"2022-02-24T08:51:51","slug":"meditatsioonikursus-kuidas-luua-ja-valitseda-oma-elu-eluratta-keskmest-lahtuvalt-tulla-valja-egoringist","status":"publish","type":"page","link":"https:\/\/vaimnemaailm.ee\/www\/meditatsioonikursus-kuidas-luua-ja-valitseda-oma-elu-eluratta-keskmest-lahtuvalt-tulla-valja-egoringist\/","title":{"rendered":"Meditatsioonikursus &#8220;Kuidas luua ja valitseda oma elu eluratta keskmest l\u00e4htuvalt &#8211; v\u00e4ljuda egoringist&#8221;"},"content":{"rendered":"\n<p><strong>20. m\u00e4rtsil kell 12-14.00<\/strong> Tartus<\/p>\n\n\n\n<figure class=\"wp-block-image size-large\"><img loading=\"lazy\" decoding=\"async\" width=\"2557\" height=\"2560\" src=\"https:\/\/vaimnemaailm.ee\/www\/wp-content\/uploads\/2021\/10\/IMG_20210921_144940-edited-scaled.jpg\" alt=\"\" class=\"wp-image-1986\" srcset=\"https:\/\/vaimnemaailm.ee\/www\/wp-content\/uploads\/2021\/10\/IMG_20210921_144940-edited-scaled.jpg 2557w, https:\/\/vaimnemaailm.ee\/www\/wp-content\/uploads\/2021\/10\/IMG_20210921_144940-edited-300x300.jpg 300w, https:\/\/vaimnemaailm.ee\/www\/wp-content\/uploads\/2021\/10\/IMG_20210921_144940-edited-1024x1024.jpg 1024w, https:\/\/vaimnemaailm.ee\/www\/wp-content\/uploads\/2021\/10\/IMG_20210921_144940-edited-150x150.jpg 150w, https:\/\/vaimnemaailm.ee\/www\/wp-content\/uploads\/2021\/10\/IMG_20210921_144940-edited-768x769.jpg 768w, https:\/\/vaimnemaailm.ee\/www\/wp-content\/uploads\/2021\/10\/IMG_20210921_144940-edited-1534x1536.jpg 1534w, https:\/\/vaimnemaailm.ee\/www\/wp-content\/uploads\/2021\/10\/IMG_20210921_144940-edited-2046x2048.jpg 2046w, https:\/\/vaimnemaailm.ee\/www\/wp-content\/uploads\/2021\/10\/IMG_20210921_144940-edited-100x100.jpg 100w\" sizes=\"auto, (max-width: 767px) 89vw, (max-width: 1000px) 54vw, (max-width: 1071px) 543px, 580px\" \/><\/figure>\n\n\n\n<p>Kuidas liikuda \u00fcha enam keskmesse\/joondumusse ja j\u00e4\u00e4da sinna p\u00fcsima?  Kuidas tulla v\u00e4lja egoringist &#8211;  hologrammist,  kus allume\/reageerime provokatsioonidele, peibutustele, k\u00e4ivititele, soovidele, tahtmistele ja hakata hoopis juhtima oma elu iseenda keskemest &#8211; teljest l\u00e4htuvalt?<\/p>\n\n\n\n<p>Kogu meie valgustumisprotsessi ja \u00fclest\u00f5usu l\u00e4bitegemise p\u00f5hiline nihe seisnebki selles samas muutuses. Seda me \u00f5pime elust elusse, kihtkihilt, vastavalt oma parajasti k\u00e4sil olevale tasandile erineval viisil. Vanasti v\u00f5ttis see k\u00f5ik v\u00e4ga palju aega ja elusid, oli vaja palju aastaid keerulisi vaimseid praktikaid teha, treenida oma meele meisterlikkust, praegustes k\u00f5rgemates energiates on p\u00f5him\u00f5tteliselt v\u00f5imalik need muutused palju-palju kiiremini l\u00e4bi teha. Ja asjad on l\u00e4inud lihtsamaks.<\/p>\n\n\n\n<p>M\u00f5ni aeg tagasi anti mulle meditatsioonis v\u00e4ga selge seletus ja juhtn\u00f6\u00f6r, kuidas liikuda \u00fcha enam keskmesse ja j\u00e4\u00e4da sinna p\u00fcsima. Minu kogemused on n\u00e4idanud, et ainu\u00fcksi see praktika annab kiire ja m\u00e4rkimisv\u00e4\u00e4rse tulemuse, kus p\u00e4ev-p\u00e4evalt j\u00f5uadki \u00fcha rohkem \u00fchtsusteadvusesse ja hakkad looma ja valitsema oma elu iseenda eluratta keskmest l\u00e4htuvalt.<\/p>\n\n\n\n<p>Kursusel jagan seda infot ja teeme \u00fchekoos ka l\u00e4bi pikema juhitud meditatsioonir\u00e4nnaku sel teemal. <\/p>\n\n\n\n<p>Kursuse hind <strong>40 EUR<\/strong>  V\u00e4ike grupp!<\/p>\n\n\n\n<p>(Kursuse hinna sees on mp3 fail alateadvust \u00fcmberprogrammeeriva praktikaga, mille saad endale allalaadida ja siis korduvalt teha!)<\/p>\n\n\n\n<p>Vajalik kindlasti eelregistreerumine liina@vaimnemaailm.ee (kohti on piiratud hulgal), koha kursusel tagab tagastamatu ettemaksu (25 EUR) laekumine Vaimne Maailm O\u00dc pangakontole EE662200221049242077.<\/p>\n\n\n\n<p>Ettemaksu tasudes kinnitad endale koha grupis + saad k\u00e4tte kursuse esimese \u2013 teoreetilise osa. Kursusele mittetulemise korral ettemaksu ei tagastata!<\/p>\n\n\n\n<p>Juhendab Liina Kaumann<\/p>\n","protected":false},"excerpt":{"rendered":"<p>20. m\u00e4rtsil kell 12-14.00 Tartus Kuidas liikuda \u00fcha enam keskmesse\/joondumusse ja j\u00e4\u00e4da sinna p\u00fcsima? Kuidas tulla v\u00e4lja egoringist &#8211; hologrammist, kus allume\/reageerime provokatsioonidele, peibutustele, k\u00e4ivititele, soovidele, tahtmistele ja hakata hoopis juhtima oma elu iseenda keskemest &#8211; teljest l\u00e4htuvalt? Kogu meie valgustumisprotsessi ja \u00fclest\u00f5usu l\u00e4bitegemise p\u00f5hiline nihe seisnebki selles samas muutuses. Seda me \u00f5pime elust elusse, &hellip; <\/p>\n<p class=\"link-more\"><a href=\"https:\/\/vaimnemaailm.ee\/www\/meditatsioonikursus-kuidas-luua-ja-valitseda-oma-elu-eluratta-keskmest-lahtuvalt-tulla-valja-egoringist\/\" class=\"more-link\">Loe edasi<span class=\"screen-reader-text\"> &#8220;Meditatsioonikursus &#8220;Kuidas luua ja valitseda oma elu eluratta keskmest l\u00e4htuvalt &#8211; v\u00e4ljuda egoringist&#8221;&#8221;<\/span><\/a><\/p>\n","protected":false},"author":2,"featured_media":0,"parent":0,"menu_order":0,"comment_status":"closed","ping_status":"closed","template":"","meta":{"footnotes":""},"class_list":["post-1985","page","type-page","status-publish","hentry"],"_links":{"self":[{"href":"https:\/\/vaimnemaailm.ee\/www\/wp-json\/wp\/v2\/pages\/1985","targetHints":{"allow":["GET"]}}],"collection":[{"href":"https:\/\/vaimnemaailm.ee\/www\/wp-json\/wp\/v2\/pages"}],"about":[{"href":"https:\/\/vaimnemaailm.ee\/www\/wp-json\/wp\/v2\/types\/page"}],"author":[{"embeddable":true,"href":"https:\/\/vaimnemaailm.ee\/www\/wp-json\/wp\/v2\/users\/2"}],"replies":[{"embeddable":true,"href":"https:\/\/vaimnemaailm.ee\/www\/wp-json\/wp\/v2\/comments?post=1985"}],"version-history":[{"count":5,"href":"https:\/\/vaimnemaailm.ee\/www\/wp-json\/wp\/v2\/pages\/1985\/revisions"}],"predecessor-version":[{"id":2157,"href":"https:\/\/vaimnemaailm.ee\/www\/wp-json\/wp\/v2\/pages\/1985\/revisions\/2157"}],"wp:attachment":[{"href":"https:\/\/vaimnemaailm.ee\/www\/wp-json\/wp\/v2\/media?parent=1985"}],"curies":[{"name":"wp","href":"https:\/\/api.w.org\/{rel}","templated":true}]}}