{"id":196,"date":"2017-01-02T18:31:39","date_gmt":"2017-01-02T16:31:39","guid":{"rendered":"http:\/\/vaimnemaailm.ee\/www\/?page_id=196"},"modified":"2017-01-02T18:31:39","modified_gmt":"2017-01-02T16:31:39","slug":"kuidas-aru-saada-et-suhe-on-labi-kas-suhet-on-voimalik-onnelikult-lopetada-ajakiri-psuhholoogia-sinule-detsember-2015","status":"publish","type":"page","link":"https:\/\/vaimnemaailm.ee\/www\/kuidas-aru-saada-et-suhe-on-labi-kas-suhet-on-voimalik-onnelikult-lopetada-ajakiri-psuhholoogia-sinule-detsember-2015\/","title":{"rendered":"\u201cKuidas aru saada, et suhe on l\u00e4bi. Kas suhet on v\u00f5imalik \u00f5nnelikult l\u00f5petada?\u201d- Ajakiri \u201cPs\u00fchholoogia sinule\u201d, detsember 2015"},"content":{"rendered":"<p><em>Autor: Liina Kaumann <img loading=\"lazy\" decoding=\"async\" class=\"alignright wp-image-197 size-medium\" src=\"http:\/\/vaimnemaailm.ee\/www\/wp-content\/uploads\/2017\/01\/Ps\u00fchholoogia-sinule-1-217x300.jpg\" width=\"217\" height=\"300\" srcset=\"https:\/\/vaimnemaailm.ee\/www\/wp-content\/uploads\/2017\/01\/Ps\u00fchholoogia-sinule-1-217x300.jpg 217w, https:\/\/vaimnemaailm.ee\/www\/wp-content\/uploads\/2017\/01\/Ps\u00fchholoogia-sinule-1-768x1063.jpg 768w, https:\/\/vaimnemaailm.ee\/www\/wp-content\/uploads\/2017\/01\/Ps\u00fchholoogia-sinule-1-740x1024.jpg 740w, https:\/\/vaimnemaailm.ee\/www\/wp-content\/uploads\/2017\/01\/Ps\u00fchholoogia-sinule-1.jpg 1318w\" sizes=\"auto, (max-width: 217px) 100vw, 217px\" \/><br \/>\n<\/em><\/p>\n<p>Suhted on teema, mis huvitavad meid k\u00f5iki. See on loogiline, sest terve meie elu koosnebki suhtlemisest teistega. K\u00f5ik me unistame sisimas \u00f5nnelikust suhtest ja sellest, et kusagil on\u00a0 meie jaoks \u201e\u00f5ige kaaslane\u201d. Isegi juhul, kui elu on pakkunud korduvalt ebameeldivaid suhtekogemusi ja m\u00f6\u00f6dapanekuid, usume, et millalgi naeratab meile \u00f5nn. K\u00fcllap sellep\u00e4rast ongi nii palju kirjutatud teemadel, kuidas luua \u00f5nnelikku suhet, kes on \u201e\u00f5ige\u201d kaaslane, milliste nippidega suhet v\u00e4rskena hoida jne. Me tahame uskuda, loota ja unistada. See on inimloomusele nii omane ja \u00fchtlasi v\u00e4ga hea ning edasiviiv omadus, sest see aitab meil t\u00e4helepanu juhtida positiivsetele asjadele ja niiviisi paremat tulevikku luua. <img loading=\"lazy\" decoding=\"async\" class=\"alignleft wp-image-198 size-medium\" src=\"http:\/\/vaimnemaailm.ee\/www\/wp-content\/uploads\/2017\/01\/Ps\u00fchholoogia-sinule-2-214x300.jpg\" width=\"214\" height=\"300\" srcset=\"https:\/\/vaimnemaailm.ee\/www\/wp-content\/uploads\/2017\/01\/Ps\u00fchholoogia-sinule-2-214x300.jpg 214w, https:\/\/vaimnemaailm.ee\/www\/wp-content\/uploads\/2017\/01\/Ps\u00fchholoogia-sinule-2-768x1078.jpg 768w, https:\/\/vaimnemaailm.ee\/www\/wp-content\/uploads\/2017\/01\/Ps\u00fchholoogia-sinule-2-729x1024.jpg 729w, https:\/\/vaimnemaailm.ee\/www\/wp-content\/uploads\/2017\/01\/Ps\u00fchholoogia-sinule-2.jpg 1411w\" sizes=\"auto, (max-width: 214px) 100vw, 214px\" \/><\/p>\n<p>Kuid me elame duaalses maailmas, kus kogeme nii head kui halba, seda, mis meeldib ja ka seda, mis mitte nii v\u00e4ga. Kord oleme t\u00f5usulainel, siis j\u00e4rgneb langus \u2013 see on elu loomulik kulg ja ts\u00fcklilisus. K\u00f5ik muutub, mitte miski ei kesta igavesti. Nii on ka suhetega. Paljut\u00f5otavast algusest v\u00f5ib saada inetu l\u00f5pp ja vastupidi &#8211;\u00a0 totaalsest kaosest puhkeda ootamatult imekaunis lootose\u00f5is. Paljusid kehvaksmuutunud suhteid on siiski t\u00e4iesti v\u00f5imalik parandada, taas ellu \u00e4ratada ja seda tasuks kindlasti proovida, juhul kui m\u00f5lemad nii soovivad ja valivad. Aga on ka niisuguseid suhteid, mille aeg saab \u00fcmber, mis lihtsalt t\u00e4idavad \u00fchel hetkel oma eesm\u00e4rgi ja siis ongi k\u00f5ik&#8230;<\/p>\n<p>Oluline on aru saada, et mitte midagi ei ole valesti, kui suhe muutub v\u00f5i isegi otsa saab. See ongi elu. T\u00e4htis on seda m\u00f5ista, muutusi m\u00e4rgata, olla enda vastu l\u00f5puni aus \u00a0ja \u00f5igel ajal edasiliikuda. Me eeldame millegip\u00e4rast, et oleme tulnud siia maailma kogema p\u00fcsivalt \u00f5nnelikku suhet, kokkuj\u00e4\u00e4mist nii heas kui halvas, kuid see pole sugugi alati nii. Me vajame mitmekesiseid kogemusi, paljude elude jooksul kogeme kord \u00fchte, siis teist, m\u00f5nes elus \u00f5pime \u00f5nne kooselust, kokkuj\u00e4\u00e4mist, p\u00fcsivust. Teises v\u00f5ibolla hoopis \u00f5nnelikku,\u00a0 lugupidavat lahkuminekut? M\u00f5tle oma elu peale, kui su suhted ei taha p\u00fcsida ning leiad end ikka ja j\u00e4lle silmitsi valusa l\u00f5puga, siis on v\u00e4gagi v\u00f5imalik, et nii on ka sinuga. Minule on elu pakkunud v\u00e4ga mitmeid hindamatuid v\u00f5imalusi l\u00f5putegemine korralikult selgeks saada. Hea uudis on aga see, et meie \u00f5ppetunnid korduvad ainult seni, kuni need \u00e4ra\u00f5pime \u2013 seega kui oled omandanud oskuse suhteid \u00f5nnelikult\/v\u00e4\u00e4rikalt l\u00f5petada, saad v\u00f5imaluse tegeleda juba millegi palju meeldivamaga \u2013 miks ei v\u00f5iks see olla sedapuhku \u00f5nnelik kokkuj\u00e4\u00e4mine. <img loading=\"lazy\" decoding=\"async\" class=\"alignright wp-image-199 size-medium\" src=\"http:\/\/vaimnemaailm.ee\/www\/wp-content\/uploads\/2017\/01\/Ps\u00fchholoogia-sinule-3-209x300.jpg\" width=\"209\" height=\"300\" srcset=\"https:\/\/vaimnemaailm.ee\/www\/wp-content\/uploads\/2017\/01\/Ps\u00fchholoogia-sinule-3-209x300.jpg 209w, https:\/\/vaimnemaailm.ee\/www\/wp-content\/uploads\/2017\/01\/Ps\u00fchholoogia-sinule-3-768x1102.jpg 768w, https:\/\/vaimnemaailm.ee\/www\/wp-content\/uploads\/2017\/01\/Ps\u00fchholoogia-sinule-3-714x1024.jpg 714w, https:\/\/vaimnemaailm.ee\/www\/wp-content\/uploads\/2017\/01\/Ps\u00fchholoogia-sinule-3.jpg 1319w\" sizes=\"auto, (max-width: 209px) 100vw, 209px\" \/><\/p>\n<p><strong><em>Miks siis ikkagi on suhteid nii raske \u201e\u00f5nnelikult\u201d l\u00f5petada?<\/em><\/strong><\/p>\n<p>Siin on mitmeid p\u00f5hjusi, kuid minu t\u00e4helepanekute p\u00f5hjal on \u00fcks olulisemaid see, et me ei m\u00e4rka \u00f5iget hetke vajalikeks muutusteks. Suhted muutuvad l\u00f5ppj\u00e4rgus piinavaks ja ebameeldivaks just seep\u00e4rast, et lastakse m\u00f6\u00f6da \u00f5ige aeg suhte \u00f5nnelikuks l\u00f5petamiseks. Pikalt vinduv ja mittetoimiv suhe tekitab viha ja rahulolematust m\u00f5lemas partneris, nii kaob tasapisi lugupidamine nii kaaslase kui ka iseenda suhtes. Hiljem teeb see palju raskemaks rahumeelse ja \u00fcksteistaustava lahkumineku. Et seda v\u00e4ltida, oleks hea \u00f5ppida regulaarselt iseendasse vaatamaja k\u00fcsima endalt, kas ma olen \u00f5nnelik? Kas kaaslane on \u00f5nnelik? Kas meie suhe toimib?<\/p>\n<p>Kehvast suhtest kinnihoidmise p\u00f5hjuseks v\u00f5ib olla ka mugavustsoonis viibimine, hirm muutuste ees.<\/p>\n<p>Veel \u00fcks oluline takistus, mis teeb raskeks suhte rahumeelse ja lugupidava l\u00f5petamise, on ego. Ego varjutab niiv\u00f5rd tugevalt meie v\u00f5imet olukordi ja inimesi adekvaatselt n\u00e4ha, et me lihtsalt ei suuda tabada \u00e4ra asjade t\u00f5elist olemust. Selle asemel, et olukorda rahulikult anal\u00fc\u00fcsida ja p\u00fc\u00fcda leida parimat toimivat lahendust k\u00f5igi jaoks, reageerime hoopis \u00fclev\u00f5imendatult emotsionaalselt, asume kaitsesse, klammerdume, s\u00fc\u00fcdistame, r\u00fcndame jne. N\u00e4iteks, kui \u00fcks partner p\u00fc\u00fcab r\u00e4\u00e4kida teisele, et ei ole suhtes \u00f5nnelik ning tahaks, midagi muuta, siis teise ego kuuleb selleasemel s\u00fc\u00fcdistust, et ta on suhtes l\u00e4bikukkunud, temaga ei taheta koos olla, teda t\u00f5rjutakse, lisaks tunneb ka hirmu, et kaotab harjumusp\u00e4rase (toimiva) elu, pealegi mis n\u00fc\u00fcd teised m\u00f5tlevad, kui teada saavad jne. Edasi tekkib automaatselt kaitsesse t\u00f5mbumine ja omapoolne r\u00fcndamine, v\u00f5i hoopis klammerdumine. Niisuguses rattas pole enam v\u00f5imalik olukorda adekvaatselt n\u00e4ha, veel v\u00e4hem lahendusi leida. <img loading=\"lazy\" decoding=\"async\" class=\"alignleft wp-image-200 size-medium\" src=\"http:\/\/vaimnemaailm.ee\/www\/wp-content\/uploads\/2017\/01\/Ps\u00fchholoogia-sinule-4-300x216.jpg\" width=\"300\" height=\"216\" srcset=\"https:\/\/vaimnemaailm.ee\/www\/wp-content\/uploads\/2017\/01\/Ps\u00fchholoogia-sinule-4-300x216.jpg 300w, https:\/\/vaimnemaailm.ee\/www\/wp-content\/uploads\/2017\/01\/Ps\u00fchholoogia-sinule-4-768x553.jpg 768w, https:\/\/vaimnemaailm.ee\/www\/wp-content\/uploads\/2017\/01\/Ps\u00fchholoogia-sinule-4-1024x737.jpg 1024w, https:\/\/vaimnemaailm.ee\/www\/wp-content\/uploads\/2017\/01\/Ps\u00fchholoogia-sinule-4.jpg 1777w\" sizes=\"auto, (max-width: 300px) 100vw, 300px\" \/><\/p>\n<p>Suhte l\u00f5petamine l\u00e4heb valusalt ja raskelt just sellep\u00e4rast, et egotasandilt l\u00e4htuvalt me ei suuda m\u00f5elda kaasa ja n\u00e4ha, miks teine on rahulolematu, miks suhe on j\u00f5udnud sellisesse kriitilisse punkti, miks koos \u00f5nnelikud ei olda.\u00a0 Kui me seda suudaksime, siis v\u00f5imalik, et paljud lahkuminekud j\u00e4\u00e4ksid hoopiski olemata ja inimesed leiaksid selle asemel oma probleemidele lahendused. V\u00f5i siis avastatakse rahulikult j\u00e4relem\u00f5eldes, et tegelikult pole kumbki olemasolevas suhtes \u00f5nnelik ja m\u00f5lema huvides on midagi muuta v\u00f5i hoopis edasi liikuda.<\/p>\n<p>Tavaliselt l\u00e4heb suhte l\u00f5petamine raskemalt juhul, kui muutust tahab \u00fcks pooltest aga teine on olemasolevaga harjunud ja rahul, ning tunneb ennast muutusejuttude peale reedetuna, eemalel\u00fckatuna, hirmununa, ebakindlana. Hirm ja ebakindlus l\u00e4hevad kiiresti \u00fcle vihaks, s\u00fc\u00fcdistusteks ja r\u00fcnnakuks. Paljudel juhtudel ollakse ka eelarvamuse k\u00fc\u00fcsis, et suhe peab p\u00fcsima igavesti, kui nii ei l\u00e4he, siis tuntakse ennast suhetealal l\u00e4bikukkununa. See on halb tunne ja paneb vastukaaluks haaret tugevdama ning klammerduma, seda ka suhte k\u00fclge, mis v\u00f5ibolla polegi tegelikult \u00fcldse toimiv ja hea. Klammerduja ise aga seda ei n\u00e4e. Ta petab ennast arvates, et suhe on tema jaoks suurep\u00e4rane, kuid teine pool millegip\u00e4rast ei taha enam. Tegelikult see aga pole kunagi nii.<\/p>\n<p>Kuidas siis leida lahendust sellest puntrast? <strong><em>Kas sassil\u00e4inud suhetele v\u00f5iks olla ka \u201e\u00f5nnelik l\u00f5pp\u201d? <\/em><\/strong><\/p>\n<p>M\u00f5ned n\u00e4pun\u00e4ited:<\/p>\n<p>1. \u00d5pi regulaarselt iseendasse vaatama ja olukorda kaardistama. K\u00fcsi endalt, kas ma olen \u00f5nnelik? Kas kaaslane on \u00f5nnelik? Kas meie suhe toimib? V\u00f5ta probleemidega kohe midagi ette, siis kui need on veel lahendatavad ja v\u00e4ikesed.<\/p>\n<p>2. Kui kaaslane on otsustanud r\u00e4\u00e4kida sulle oma rahulolematusest suhtega ja see sind emotsionaalselt tasakaalust v\u00e4lja l\u00f6\u00f6b, siis kindlasti ei tohiks kohe nende emotsioonide m\u00f5ju all olles midagi otsustada v\u00f5i asju anal\u00fc\u00fcsida. Sa pole lihtsalt arukaks olukorra hindamiseks hetkel v\u00f5imeline. Vaja oleks v\u00f5tta endale veidi aega ja oma emotsioonid teadlikult l\u00e4bielada. Selleks pead need l\u00e4bi kogema, kuid samal ajal mitte ennast nendega samastama \u2013 need on vaid hetkeemotsioonid, mitte sina ise. Vaja oleks ka teadvustada, et niisugusel emotsionaalsel hetkel sa pole adekvaatne ega n\u00e4e asju selgelt. H\u00e4sti toimiv meetod on v\u00f5tta paber ja kirjutada \u00fckshaaval \u00fcles k\u00f5ik tunded, mis pinnale ujuvad.<\/p>\n<p><u>N\u00e4iteks:<\/u><\/p>\n<p>viha (ja koge viha t\u00e4iel rinnal),<\/p>\n<p>eba\u00f5igluse tunne (koge seda),<\/p>\n<p>reedetuse tunne,<\/p>\n<p>pettumus,<\/p>\n<p>s\u00fc\u00fctunne,<\/p>\n<p>enesehaletsus,<\/p>\n<p>tunne, et mind ei m\u00f5isteta,<\/p>\n<p>kurbus&#8230;<\/p>\n<p>Nuta, trambi jalgu v\u00f5i l\u00f5hu taldrikuid, kui vaja.<\/p>\n<p>3. N\u00fc\u00fcd on vaja v\u00f5tta aega ja olla iseenda vastu l\u00f5puni aus ning kaardistada uuesti olukord:<\/p>\n<ul>\n<li>Soovitan m\u00f5elda rahulikult j\u00e4rele, millist suhet sa tegelikult sooviksid? Mis on sinu jaoks olulised kriteeriumid, et olla elus \u00f5nnelik? Kirjuta \u00fchele paberile k\u00f5ik see, mis konkreetse suhte puhul sulle meeldib ja on plussideks, miks sa arvad, et tahad seda suhet j\u00e4tkata? Teisele paberile kirjuta miinused &#8211; need vajadused ja soovid, mida see suhe sinu jaoks ei t\u00e4ida, millest tunned puudust. Selline meetod v\u00f5ib tunduda liiga anal\u00fc\u00fctiline ja k\u00fclmalt kalkuleeriv, kuid ometi annab see kriisisituatsioonis olulist informatsiooni ja aitab sul selgust saada iseenda rahulolu osas. Pealegi on selle \u00fcks eesm\u00e4rke ka \u00fcmberl\u00fclitada liigemotsionaalselt egotasandil reageerimiselt arukamale ja avaramale vaatepunktile.<\/li>\n<\/ul>\n<ul>\n<li>Meenuta endale, mis oli kunagi teie suhtes\u00f5lmimise eesm\u00e4rk? Arvatavasti oli selleks olla \u00f5nnelik, areneda selles suhtes, koos selle kaaslasega, tunda ennast v\u00e4\u00e4rtuslikuna, austatuna, teda austada, toetada, usaldada jne. Nimekirjas v\u00f5is olla ka konkreetsemaid asju aga laias laastus kindlasti olid ka need eesm\u00e4rgid. Arvatavasti soovid praegugi olla \u00f5nnelik, tunda ennast armastatuna, austatuna, toetatuna, v\u00e4\u00e4rtuslikuna? Kas sa tunned ennast nii? Kui ei, siis kas ja kuidas saaks seda k\u00e4esoleva suhte raames muuta, et sa tunneksid ennast h\u00e4sti?\u00a0 Kas sa usud teie \u00fchisesse \u00f5nnelikku tulevikku, oled motiveeritud?<\/li>\n<\/ul>\n<p>4. Alles siis, kui oled rahunenud ja tasakaalu tagasi saanud, enda jaoks asjad selgeks teinud, on \u00f5ige aeg minna kaaslasega r\u00e4\u00e4kima sellest, mis tegelikult tingis tema soovi suhtes muutusi teha v\u00f5i isegi lahku minna. Nendele k\u00fcsimustele oleks oluline leida vastus nii iseendas kui ka koos kaaslasega arutades. \u00a0Kui selgub, et kumbki ei tunne ennast suhtes h\u00e4sti ega n\u00e4e ka potentsiaali areneda selle suunas, siis on ilmselge, et suhe on oma eesm\u00e4rgi teie jaoks t\u00e4itnud, ning edasine kinnihoidmine sellest teeks teid m\u00f5lemaid vaid \u00f5nnetuks ning takistaks teie arengut.\u00a0 Seda on v\u00e4ga oluline meeles hoida ja endale korrata, kui k\u00f5igele vaatamata tekib tahtmine mugavuse t\u00f5ttu paigale j\u00e4\u00e4da ja veel proovida, lootuses, et asjad ikka toimima hakkavad. Inimestena me paraku oleme mugavad ja p\u00fc\u00fcame dramaatilisi muutusi v\u00e4ltida v\u00f5i viimase hetkeni edasi l\u00fckata.<\/p>\n<p>5. Kui olete otsustanud suhte l\u00f5petada, siis on vaja lahti lasta ja andestada. Sageli just endale, sest paljud kipuvad iseennast s\u00fc\u00fcdistama, et ei suutnud suhet hoida, paremad kaaslased olla, et on eba\u00f5nnestunud suhete alal. Kuid andestada tuleks ka kaaslasele. V\u00f5ibolla olete muutunud teineteisega aja jooksul ebaviisakaks, \u00f6elnud asju, mida tahaks tagasi v\u00f5tta, solvanud, teinud teisele ja saanud ise haiget. Selliseid asju ikka juhtub suhtes olles ja see on loomulik. Andestada aitab see, kui meenutada endale, et iga suhe \u00f5petab meile midagi olulist, ka k\u00f5ige raskem ja valulikum. Iga \u00f5ppetund kestab vaid seni, kuni see omandatakse, seej\u00e4rel saab edasi liikuda t\u00e4nades kaaslast, et ta aitas sul kasvada. Kui see suhe sulle pikemas perspektiivis ka \u00f5nne ei toonud, siis kindlasti aitas see tugevamaks saada. Midagi ei juhtu meie elus p\u00f5hjuseta ja ka konkreetne kaaslane tuli p\u00f5hjusega. Kunagi tundus ta ju v\u00e4ga ligit\u00f5mbav ja paljut\u00f5otav, kindlasti oli teil ka ilusaid aegu &#8211; suhtu temasse siis lugupidamise ja t\u00e4nulikkusega. Lihtsalt n\u00fc\u00fcd on teie \u00fchine aeg l\u00e4bi ja te liigute kumbki edasi omadele radadele. See on elu loomulik kulg. Kui suudad andestada ja lased lahti soovist klammerduda harjumusp\u00e4rase elu k\u00fclge, v\u00f5tad oma elu juhtimise enda k\u00e4tte ja saad vabaks. Siis vabaneb tohutu potentsiaalne energia, mis hakkab kujundama sinu uut elu.<\/p>\n<p>6. Suuna oma pilk tulevikku ning m\u00f5tle sellele, millist elu sooviksid elada. Kui sooviksid uut suhet, siis unista sellest, kui soovid m\u00f5nda aega omaette olla, siis kujutle ennast \u00f5nnelikuna omas energias, tegemas seda, mida sina tahad, siis kui sina tahad ja tunne juba ette r\u00f5\u00f5mu nendest v\u00f5imalustest, mis su ees avanevad omaette olles. Nii saadad positiivse loova energia tulevikku, h\u00e4\u00e4lestud ja muutud ligit\u00f5mbavaks just niisugusele elule nagu soovid. Sina oled oma elu looja. Sina valid. Sa oled vaba. On sinu uue elu esimene p\u00e4ev. Tunne sellest siirast r\u00f5\u00f5mu.<\/p>\n<p>\u00d5nnelik l\u00f5pp ei pruugi olla alati niisugune, kus printsess ja prints ratsutavad k\u00e4sik\u00e4es loojangule vastu ning elavad igavesti \u00f5nnelikult koos &#8211; \u00a0see pole sugugi nii kitsalt m\u00e4\u00e4ratletud. Pigem tuleneb \u00f5nn oma tee ja \u00f5ppetundide m\u00f5istmisest, vabadusest ise otsustada ja omi valikuid teha, iseenda ja teiste v\u00e4\u00e4rtustamisest, austamisest ning julgusest usaldada ja muutusi teha, kui selleks on aeg k\u00e4es.<\/p>\n<p>&nbsp;<\/p>\n","protected":false},"excerpt":{"rendered":"<p>Autor: Liina Kaumann Suhted on teema, mis huvitavad meid k\u00f5iki. See on loogiline, sest terve meie elu koosnebki suhtlemisest teistega. K\u00f5ik me unistame sisimas \u00f5nnelikust suhtest ja sellest, et kusagil on\u00a0 meie jaoks \u201e\u00f5ige kaaslane\u201d. Isegi juhul, kui elu on pakkunud korduvalt ebameeldivaid suhtekogemusi ja m\u00f6\u00f6dapanekuid, usume, et millalgi naeratab meile \u00f5nn. K\u00fcllap sellep\u00e4rast ongi &hellip; <\/p>\n<p class=\"link-more\"><a href=\"https:\/\/vaimnemaailm.ee\/www\/kuidas-aru-saada-et-suhe-on-labi-kas-suhet-on-voimalik-onnelikult-lopetada-ajakiri-psuhholoogia-sinule-detsember-2015\/\" class=\"more-link\">Loe edasi<span class=\"screen-reader-text\"> &#8220;\u201cKuidas aru saada, et suhe on l\u00e4bi. Kas suhet on v\u00f5imalik \u00f5nnelikult l\u00f5petada?\u201d- Ajakiri \u201cPs\u00fchholoogia sinule\u201d, detsember 2015&#8221;<\/span><\/a><\/p>\n","protected":false},"author":2,"featured_media":0,"parent":0,"menu_order":0,"comment_status":"closed","ping_status":"closed","template":"","meta":{"footnotes":""},"class_list":["post-196","page","type-page","status-publish","hentry"],"_links":{"self":[{"href":"https:\/\/vaimnemaailm.ee\/www\/wp-json\/wp\/v2\/pages\/196","targetHints":{"allow":["GET"]}}],"collection":[{"href":"https:\/\/vaimnemaailm.ee\/www\/wp-json\/wp\/v2\/pages"}],"about":[{"href":"https:\/\/vaimnemaailm.ee\/www\/wp-json\/wp\/v2\/types\/page"}],"author":[{"embeddable":true,"href":"https:\/\/vaimnemaailm.ee\/www\/wp-json\/wp\/v2\/users\/2"}],"replies":[{"embeddable":true,"href":"https:\/\/vaimnemaailm.ee\/www\/wp-json\/wp\/v2\/comments?post=196"}],"version-history":[{"count":1,"href":"https:\/\/vaimnemaailm.ee\/www\/wp-json\/wp\/v2\/pages\/196\/revisions"}],"predecessor-version":[{"id":201,"href":"https:\/\/vaimnemaailm.ee\/www\/wp-json\/wp\/v2\/pages\/196\/revisions\/201"}],"wp:attachment":[{"href":"https:\/\/vaimnemaailm.ee\/www\/wp-json\/wp\/v2\/media?parent=196"}],"curies":[{"name":"wp","href":"https:\/\/api.w.org\/{rel}","templated":true}]}}