{"id":192,"date":"2017-01-02T18:16:39","date_gmt":"2017-01-02T16:16:39","guid":{"rendered":"http:\/\/vaimnemaailm.ee\/www\/?page_id=192"},"modified":"2017-01-02T18:16:39","modified_gmt":"2017-01-02T16:16:39","slug":"millele-me-keskendume-seda-me-loome-mustilised-lood-kevad-2012","status":"publish","type":"page","link":"https:\/\/vaimnemaailm.ee\/www\/millele-me-keskendume-seda-me-loome-mustilised-lood-kevad-2012\/","title":{"rendered":"&#8220;Millele me keskendume, seda me loome&#8230;&#8221;- &#8220;M\u00fcstilised lood&#8221;, kevad 2012"},"content":{"rendered":"<p>autor: Aive Antsov<\/p>\n<p><em>Kunstnik Lea Liblik, kellest r\u00e4\u00e4kis eelnev lugu, teeb teraapilise maalimise \u00f5htuid koos meditatsioonidega just oma \u00f5e <strong>Liina Kaumanniga <\/strong>kahasse. Liina loob meditatsioone, k\u00f5rgemate vibratsioonidega koosk\u00f5las.<\/em><\/p>\n<p>Liina usub, et Universumis toimib T\u00e4helepanuseadus. See t\u00e4hendab, et millele me keskendume, seda me loome. \u201eAsjad ja olukorrad manifesteeruvad vastavalt meie m\u00f5tetele, ootustele ja vastavalt sellele, kui palju t\u00e4helepanu me oma soovile p\u00fchendame. Seep\u00e4rast on v\u00e4ga oluline teadlikult rakendada oma loomulikku kujutlusv\u00f5imet ja visualiseerida enda jaoks kordaminekuid, soovitud olukordi, nii muudame oma unistused reaalsuseks,\u201c selgitab Liina.<\/p>\n<p>\u201eM\u00fcstilistest praktikatest\u201c, mis on siin maailmas viimase aastak\u00fcmnega kiiresti \u00fcha enam avanenud k\u00f5ikide inimeste jaoks, on Liina valinud reiki, kvantpuudutuse ning vahetevahel t\u00f6\u00f6tab ta ka pendli ja Taro kaartidega. Igap\u00e4evaselt aga on v\u00f5tnud oma ellu inglid, kellega suhtleb.<\/p>\n<p>Oma firma Vaimne Maailm O\u00dc kaudu korraldab ta meditatsioonkursuseid ja \u2013laagreid ning palju muud p\u00f5nevat. \u201eArvan, et k\u00f5ige &#8220;m\u00fcstilisem&#8221; on elu ise, kui \u00f5pime elama ja looma koost\u00f6\u00f6s k\u00f5rgemate j\u00f5ududega, oleme avatud ja usaldame Universumit,\u201c lisab naine, kes alustas oma vaimset teekonda 11 aastat tagasi. Selle teekonnani viis teda s\u00fcgav isiklik kriis, \u00e4revusdepressiooni all kannatamine ja sellest tulenevalt antidepressantide v\u00f5tmise vajadus. Need probleemid tema elus \u00e4ratasid ta hinge \u2013 ja kinkisid \u00fchel hetkel t\u00e4iesti selge arusaamise, et endist viisi edasi liikuda pole lihtsalt v\u00f5imalik.<\/p>\n<p>\u201eAlustasin enda muutmist Luule Viilmaa raamatutest. Peagi leidsin tee reiki juurde ja j\u00e4rgnesid aastad, kus ma s\u00f5na otses m\u00f5ttes neelasin erinevat vaimset kirjandust. Kogu mu senine \u201etavap\u00e4rane\u201c maailmapilt p\u00f6\u00f6rdus peapeale. Ma otsekui alustasin uut elu, kus kehtisid t\u00e4iesti uued m\u00e4ngureeglid. Tasapisi said asjad, mida tavamaailm on harjunud &#8220;m\u00fcstiliseks&#8221; pidama, minu jaoks igap\u00e4evaseks kogemuseks.\u201c<br \/>\nIga uus p\u00e4ev andis Liinale, kes oli avanemas s\u00fcdames Loomise V\u00e4ele, konkreetseid tunnistusi sellest, kuidas me t\u00f5epoolest loome oma elu ise ja tuginedes Universumis kehtivatele vaimsetele seadustele, on v\u00f5imalik teha seda teadlikult ja t\u00e4ita oma unistused maagilisel moel. Tuleb vaid t\u00e4ielikult usaldada K\u00f5iksust, lasta vabaks oma hirmud, eelarvamused, piirangud ja olla avatud. Siis juhtubki nii, et on vaja \u00fcksnes lubada soovitu oma ellu. See ongi p\u00f5nev, kuidas inimesed avanevad teekonnale koos Universumiga just selle kaudu, et nende soovid, mis koosk\u00f5las elu\u00fclesandega, hakkavad iseenesest t\u00e4ituma.<\/p>\n<p>Liina: \u201eKui ma r\u00e4\u00e4gin &#8220;m\u00fcstilistest&#8221; asjadest, mis minuga on juhtunud, siis pean kohe \u00fctlema, et minu jaoks nad pole enam m\u00fcstilised &#8211; minu jaoks on see lihtsalt elu ise. K\u00f5iksus on andnud mulle k\u00f5ik, mille suhtes olen v\u00f5tnud endas vastu selge otsuse, et soovin seda &#8211; \u00a0ka siis, kui see tundub inimese kombel m\u00f5eldes keerulisena ja teostumatuna. Minul j\u00e4\u00e4b \u00fcle vaid imetleda, millise t\u00e4psusega asetub iga puuduv mosaiigikilluke omale kohale ja kui \u00f6konoomselt ja t\u00e4iuslikult Universum soovi t\u00e4idab.\u201c<\/p>\n<p>*<\/p>\n<p>V\u00e4ga oluline koht Liina tegemistes on meditatsioonil. Meditatsiooni peavad aga vaimsed \u00f5petajad \u00fcheks v\u00e4gevamaks enda seisundi muutmise allikaks. Ja meistrid \u00fctlevad, et neil, kel on soov leida hingerahu, on kasulik iga p\u00e4ev v\u00e4hemalt korra mediteerida. Kui pole juhitud meditatsiooni k\u00e4ep\u00e4rast, siis tasub v\u00f5tta lihtsalt aeg vaikuses, kus istuda mugavalt, sulgeda silmad ja l\u00f5dvestuda, j\u00e4lgida hingamist ja kuulatada endas ja \u00fcmber toimuvat.<\/p>\n<p>Liina teeb aga selliseid meditatsioone, mille abil ta juhib inimest avastama enda sees elumosaiigi erinevaid osakesi, energiaid ja ka j\u00f5ude, mis inimest toetavad.<\/p>\n<p>Huvitav, kust ja kuidas Liinal mediteerimine ja meditatsioonide loomine alguse sai?<\/p>\n<p>\u201eOlen meditatsiooniga tegelenud 2003 aastast. Juhitud meditatsiooniga hakkasin t\u00f5sisemalt tegelema 2007. aastal ja sellest sai alguse t\u00f5eline vaimne areng minu jaoks,\u201c tunnistab naine. Juhitud meditatsioon on Liina s\u00f5nul sisemine r\u00e4nnak ja nende r\u00e4nnakute k\u00e4igus on v\u00f5imalik teha \u00e4ra v\u00e4ga palju sisemist t\u00f6\u00f6d iseendaga, tervendada oma elu eri aspekte, k\u00e4ia minevikus, eelmistes eludes ja teha seal korrektuure, aga k\u00fclastada ka tulevikku, k\u00f5rgemaid dimensioone, kohtuda inglite, k\u00f5rgete valgusolenditega ja saada neilt juhtn\u00f6\u00f6re. Samuti saame nende r\u00e4nnakute k\u00e4igus luua visualiseerimise teel endale just niisuguse reaalsuse nagu soovime.\u201c<br \/>\nLiina n\u00e4gi iseenda peal, kui efektiivsed v\u00f5ivad olla sellised r\u00e4nnakud ja nii tuligi teadmine, et v\u00f5iks seda teistelegi pakkuda. \u201eNiikuinii olin juba aastaid tegutsenud reiki paraktiku ja vaimse n\u00f5ustajana, n\u00fc\u00fcd lisasin sellele ka juhitud meditatsiooni. Tulemused olid v\u00e4ga head, n\u00e4gin, kuidas ka teised sellest abi said. Hiljem tulime \u00f5e Leaga m\u00f5ttele lisada juurde maalimine, sest \u00fcksk\u00f5ik mida me maalime, alati j\u00e4\u00e4dvustame ju l\u00f5uendile tegelikult iseenda &#8211; oma probleemid, salasoovid, igatsused &#8211; oma olemuse, ja hiljem pilti anal\u00fc\u00fcsides v\u00f5ime saada j\u00e4lile v\u00e4ga olulistele asjadele.\u201c<br \/>\nLiina ise on tegelenud vahelduva eduga kogu elu maalimisega. Viimastel aastatel \u00fcha rohkem. N\u00fc\u00fcd maalib ta peamiselt ingleid, seejuures teeb ka tellimust\u00f6id. \u00a0\u201eOlen kogenud maalimise vabastavat ja tervendavat m\u00f5ju ja nii saan soovitada seda ka teistele. Tundus kuidagi v\u00e4ga loogilise ja \u00f5igena, teha niisugune \u00f5pituba, milles oleks \u00fchendatud meditatsioon ja maalimine.\u201c<\/p>\n<p>Liina usub, et meid juhendatakse ju kogu aeg k\u00f5rgemalt poolt, et asuksime teostama oma elu\u00fclesannet. Selle tunneme \u00e4ra, kui m\u00f5tleme asjadele, mida meile t\u00f5eliselt teha meeldib, mis annab meile elusolekutunde.<\/p>\n<p>\u201eJa kui m\u00f5tleme k\u00f5ikv\u00f5imalikele oskustele, ka veidratele ja esimesel pilgul ebaolulisena tunduvatele, mida oleme elu jooksul omandanud, haridusele, mida oleme saanud \u2013 saame n\u00e4pun\u00e4iteid selleks, mille kaudu v\u00f5ime hakata oma elu\u00fclesannet teostama. Kui vaatame oma elu avaramal pilgul, siis taipame \u00fchel hetkel, mis see on, mille jaoks on Universum meid tegelikult kogu aeg koolitanud, ettevalmistanud. Nii m\u00f5eldes tundub t\u00e4iesti loomulik, et teeme seda, mida teeme. Mulle meeldib mediteerida, inimestega tegeleda, n\u00f5ustada ja meeldib maalida.\u201c<br \/>\nOma meditatsioone, mida ta maalikursusel esitab, koostab ta tuginedes elukogemusele ja hulgaliselt loetud vaimsesisulistele raamatutele. Kasutab seejuures meetodeid, millest on ise abi saanud ja t\u00e4iendab neid tasapisi. Inspiratsiooni meditatsioonide \u00fclesehitamiseks kogub ja ammutab ennek\u00f5ike omaenda elust. Et mis probleem tal endal parajasti k\u00e4sil on, selleteemaline tuleb ka siis uus loodav meditatsioon.<br \/>\n\u201eGrupis tehtav juhitud meditatsioon on \u00fcheks t\u00f5husamaks meditatsioonitehnikaks, sest seda saavad kergesti praktiseerida ka algajad ja need, kellel on v\u00e4ga keeruline eluperiood ja pidevalt liiga palju probleeme-m\u00f5tteid peas tiirlemas, nii et vaikuses istumine tundub v\u00f5imatuna,\u201c selgitab tegus naine.<\/p>\n<p>Juhitud meditatsiooni puhul osalejad kuulavad, mida juhendaja r\u00e4\u00e4gib ja see v\u00f5imaldab juhtida t\u00e4helepanu probleemidelt k\u00f5rvale positiivsetele kujutelmadele.<\/p>\n<p>\u201eSamas on juhitud meditatsioon v\u00e4ga hea ka kogenud mediteerijatele, kuna v\u00f5imaldab v\u00e4ga s\u00fcgavale endasse kaevuda ja viia oma ellu sisse positiivseid muutusi. Lisaks on kasuks ka toetav grupienergia.\u201c<\/p>\n<p><em><strong>Juhitud grupimeditatsiooniga on mitmel pool maailmas p\u00fc\u00fctud tervendada ka planeeti Maad. Kas oled sellega ka ise tegelenud? Milliseid tulemusi oled kogenud?<br \/>\n<\/strong><\/em><strong>Liina:<\/strong> \u201eOleme k\u00fcll grupis p\u00fc\u00fcnud tervendada ka planeeti. Tegelikult on k\u00f5igis minu meditatsioonides, olenemata p\u00f5hiteemast, alati ka see osa, mis p\u00fchendatud planeet Maa tervendamisele. See, mida ma oma meditatsioonikursustel osalejatele soovitan, ongi, et v\u00f5tta ka Maa-Ema tervendamine oma igap\u00e4evastesse meditatsioonidesse sisse. Grupis on aga muidugi k\u00f5ik see veel tunduvalt v\u00f5imsam. Seda v\u00f5ib iga osaleja kogeda ka ise, tunnetades \u00fchiselt loodud valgusringi tugevust.\u201c<\/p>\n<p><em><strong>Tegeled erinevate vaimsete tervendusmeetoditega &#8211; reiki, meditatsioon, kvantpuudutus. Kas v\u00f5iksid kirjeldada palun m\u00f5nda konkreetset kogemust, kus inimene Su k\u00e4te all, v\u00f5ibolla \u00fche, v\u00f5ibolla mitme raviseansi v\u00e4ltel on tervenenud ja t\u00f5esti &#8211; esile on tulnud muutused?<br \/>\n<\/strong><\/em>\u201eEi reiki ega ka kvantpuudutus pole sellised imeasjad, et paned k\u00e4ed korra peale ja m\u00f5ne hetke p\u00e4rast enn\u00e4e \u2013 hakkab jalutu k\u00e4ima. Eesm\u00e4rgiks pole siin imesid teha, vaid toetada inimese enda loomulikku v\u00f5imet oma keha ja elu &#8220;ise&#8221; tervendada. &#8220;Imed&#8221; v\u00f5ivad juhtuda siis, kui tervendatav on t\u00f5esti v\u00e4ga valmis ja avatud ja t\u00f5esti kogu hingest soovib loobuda sellest, mis h\u00e4da p\u00f5hjustas. Tavalisem on see, et tervendataval hakkab parem: kui enne oli valu, siis valu kaob, inimene rahuneb, l\u00f5dvestub seansi k\u00e4igus. Ja t\u00f5sisem muutus toimub ikka mitmete seansside jooksul. Minu kogemused \u00fctlevad, et ikka enamik ravil k\u00e4inud inimesi saab p\u00e4rast tervemaks ja tunneb ennast paremini. Siiski \u2013 kordan veel, et see s\u00f5ltub suuresti konkreetse patsiendi valmisolekust ja avatusest. Tervenemine on koost\u00f6\u00f6 ravitava ja ravija vahel.<em><strong><br \/>\n<\/strong><\/em>Imelist tervenemist olen kogenud iseenda peal &#8211; tehes endale kvantpuudutust. N\u00e4iteks tuli mulle \u00e4kiline v\u00e4ga tugev nohu minu jaoks \u00e4\u00e4rmiselt ebasobival ajal, ma lihtsalt ei saanud lubada endale n\u00e4dalakest nohuga kodus olemist ja rahva ette sellisena ka ilmuda ei saanud. Siis tegin endale kvantpuudutuse 1,5-tunnise seansi ja uskumatu k\u00fcll, aga nohu j\u00e4i \u00fcle ja paar tundi peale seanssi mul polnud enam m\u00e4rkigi sellest. Samas on minu senine kogemus alati olnud niisugune, et kui juba nohu saan, siis 1-2 n\u00e4dalat kestab see kindlasti.\u201c<\/p>\n<p><em><strong>Inimesed kardavad sageli, et kui nad &#8220;lasevad&#8221; kellegi k\u00e4tega ennast tervendama, siis v\u00f5ibolla saavad enda k\u00fclge ka teise inimese probleemi. Kas sellised kartused on alusetud v\u00f5i siiski m\u00f5nikord on neil ka alust?<\/strong><\/em><\/p>\n<p>\u201eSellised kartused p\u00e4ris alusetud pole. V\u00e4ga t\u00e4htis on valida tervendajat hoolikalt. Reiki puhul pole mingit ohtu, kuna reiki sagedus on nii k\u00f5rge, et see v\u00e4listab \u00fcksteisele oma probleemide \u00fclekandmist. Kogu asi ongi vibratsioonitasemes. Kui tervendaja sagedus on k\u00f5rge ja ta p\u00fcsib kogu protsessi v\u00e4ltel keskmes, hetkes siin ja praegu, siis pole midagi karta. Samas kui tervendaja ja tervendatava sagedused on enamv\u00e4hem v\u00f5rdsed, siis v\u00f5ib juhtuda k\u00fcll, et embkumb v\u00f5tab teise probleemid endasse. Peab j\u00e4\u00e4ma inimest kuulates keskmesse ja k\u00f5rvaltvaatlejaks, mitte minema tema probleemidesse sisse. Ja olema kogu aeg &#8220;kohal&#8221; selles hetkes, see tagab kaitse.<br \/>\nTervendamine p\u00f5hineb resonantsil &#8211; tervendaja t\u00f5stab oma sageduse k\u00f5rgeks ja m\u00f5jutab nii ka ravitavat, kuni ka tema sagedus t\u00f5useb ja ta keha hakkab ennast ise tervendama. Seet\u00f5ttu ongi oluline kogu aeg oma sagedust hoida ja mitte lasta seda langeda.\u201c<\/p>\n<p><em><strong>\u00dctlesid, et tegeled ka Taro kaartidega. Millised on nendega seotud k\u00f5ige m\u00fcstilisemad kogemused?<\/strong><\/em><\/p>\n<p>\u201eMa ei pea ennast kaardimooriks, klassikaliseks ennustajaks. Siiski ma usun, et Taro kaartidelt v\u00f5ib saada olulist vaimset juhatust, kasutan neid pigem valikute tegemiseks, kui on vaja kaaluda ja vaadata erinevaid teid, arengusuundi. Taroga suhtlemine on sel juhul nagu\u00a0 vestlus targa inimesega, kes aitab n\u00e4ha asjade taha, nii nagu ma seda ehk ise ei oska veel. Olen pannud endale ja ka teistele kaarte m\u00f5ne olulise k\u00fcsimuse puhul ja alati ei saagi kohe p\u00e4ris k\u00f5igest l\u00f5puni aru, aga hiljem vaadates tagasi reaalsetele s\u00fcndmustele elus, tuleb tunnistada, et k\u00f5ik l\u00e4kski nii nagu Taro \u00fctles, ainult et v\u00f5ibolla kaardipanemise hetkel ei osanud veel k\u00f5ike m\u00f5ista.<br \/>\nMeil on levinud \u00fcsna lihtsustatud ja v\u00e4\u00e4r arusaamine Taro kaartidest. Nendes kaartides on tegelikult talletatud iidsed teadmised sellest, kuidas taastada Kuldajastut (Jumalanna kultuuri) Maal, nagu olid kunagi Atlantis, Lemuuria, H\u00fcperborea. Tegelikult 22 Suure Arkaani kaarti<br \/>\nvastavad 22-le K\u00f5rgema Tahte kiirele, mis on tegelikult Allika enda jumalikud omadused. Need 22 kaarti moodustavad kokku tervikliku protsessi inimese vaimsest\u00a0teekonnast, mis algab t\u00fchjusest (Narriga) ja l\u00f5peb kohale(sihile)j\u00f5udmisega (Maailm) &#8211;\u00a0 ring saab t\u00e4is ja algamas on uus ts\u00fckkel (Narr) aga n\u00fc\u00fcd juba k\u00f5rgemal tasandil.\u201c<\/p>\n<p><em><strong>Kas v\u00f5iksid palun kirjeldada kogu oma vaimse tee k\u00f5ige imelisemat hetke? Hetke, mil Sulle on tundunud, et see pole v\u00f5imalik&#8230; Aga siiski on? (See v\u00f5ib olla meditatsioonist, tervendamisest, m\u00f5nest \u00e4ratundmisest vm&#8230;)<\/strong><\/em><\/p>\n<p>\u201eNeid hetki on olnud mitmeid. N\u00e4iteks, kui palusin esimest korda ingleid endale appi \u2013 olin terve elu maadelnud \u00fche spetsiifilise isikliku probleemiga, mis takistas mul elamast t\u00e4iev\u00e4\u00e4rtuslikku \u00f5nnelikku elu. Olin k\u00f5ike proovinud, otsinud professionaalset abi, ise ennast tervendanud, ometi probleem j\u00e4i. Siis palusin pisar silmil ingleid see asi oma hoolde v\u00f5tta (ma isegi ei uskunud neisse siis nii v\u00e4ga, aga muud ka enam teha ei osanud). M\u00f5ne p\u00e4eva p\u00e4rast oli asi imekombel lahendatud \u2013 oli imetlusv\u00e4\u00e4rne kuidas iga mosaiigikilluke omale kohale asetus, kuidas oma koormast vabanesin.<\/p>\n<p>Teine minu jaoks veelgi imelisem kogemus oli seoses sellega, kui soovisin ema ellu uut toredat kaaslast &#8211; olin otsustanud unistada suurelt ja piiranguteta ning panna julgesti kirja k\u00f5ik, ka seni t\u00e4htsusetuna tundunud pisiasjad, milline ta olema peaks, mida me v\u00f5iksime koos teha ja lisasin ka selle, et ta tuleb mulle n\u00f6 \u201ekoju k\u00e4tte\u201d ma ei pea tegema omalt poolt ta leidmiseks mingeid j\u00f5upingutusi. See inimene tuligi mu ellu \u2013 ise &#8211; ja palju varem kui loota oskasin. Ja t\u00f5epoolest k\u00f5ik sobis \u2013 detailideni. Siis t\u00f5esti tundsin, et see lihtsalt pole v\u00f5imalik&#8230; Tegelikult olin kirja pannud ka veidraid (ehkki mulle olulisi) \u00fcksikasju, tol hetkel oli niisugune tuju, ka need veidrad asjad olid t\u00e4idetud.\u201d<\/p>\n<p><em><strong>Kui inimene soovib hakata midagi \u201em\u00fcstilist\u201c iseenda jaoks tegema \u2013 siis kuidas soovitad tal leida vaimne meetod, mis teda k\u00f5ige paremini aitaks?<\/strong><\/em><\/p>\n<p>\u201eTuleb vaadata s\u00fcgavale enda sisse ja k\u00fcsida, mida ja kuidas mulle meeldib k\u00f5ige rohkem teha \u2013 kas on oluline liikumine, muusika, teised inimesed, v\u00f5i pigem tahaks olla omaette, vaikuses, looduses. Inimesele, kes vajab liikumist pole m\u00f5tet peale sundida \u00fche koha peal vaikuses istumise meditatsiooni, kui see talle pingutav on. Tehku siis parem joogat, d\u00fcnaamilist meditatsiooni, tantsumeditatsiooni. Kui meeldib laulda, siis v\u00f5ib mantraid, v\u00e4elaule laulda, h\u00e4\u00e4lejoogat teha. Tegelikult on ju v\u00e4ga erinevaid vaimseid praktikaid, siin tuleb kasutada oma eristamisv\u00f5imet, et kuhu poole t\u00f5mmet tunned, sinna minegi ja proovi \u00e4ra. Kui kuidagi ei oska midagi v\u00e4lja valida, siis tasuks lihtsalt proovida erinevaid asju, samas aga peaks lahti laskma oma ootused, tahtmise saada liiga ruttu suuri tulemusi, muidu on pettumus paratamatu. \u00dckski praktika ei anna tulemusi otsekohe.<\/p>\n<p>Tegelikult on iga\u00fche jaoks olemas talle sobiv meetod. Selleks, et see \u00e4ratunda on vaja aga \u00f5ppida kuulama omaenda sisemist juhatust, oma tundeid. Hea tundub hea. Kui on hea tunne, oled \u00f5igel teel. Veel on oluline eristada teiste ja enda arvamust, mitte teha midagi sellep\u00e4rast, et su l\u00e4hedased v\u00f5i tuttavad peavad seda \u00f5igeks ja teevad, v\u00f5i et see on praegu maailmas \u00fcldtunnustatud. Tuleks endalt k\u00fcsida, mida ma ise k\u00f5ige meelsamini teeksin ja siis nii tehagi.\u201d<\/p>\n<p><em><strong>R\u00e4\u00e4kisid soovide t\u00e4itumisest. Kui inimesel on n\u00e4iteks konkreetne soov, siis kuidas seda Universumile esitada ja kuidas on v\u00f5imalik teha ise k\u00f5ik selleks, et see soov t\u00e4ituks? Kui pikk v\u00f5ib olla t\u00e4itumise protsess?<\/strong><\/em><\/p>\n<p>\u201eSoovid t\u00e4ituvad just nii kiirest, kui me selleks valmis oleme. Olen kogenud \u00fcllatavalt kiiret soovide t\u00e4itumist. N\u00e4iteks: tegin m\u00f5nda aega t\u00f6\u00f6d nii, et mul polnud enda arvutit, kasutasin kahasse \u00fche pereliikme oma aga see ei toiminud h\u00e4sti. Oli tungiv vajadus oma arvuti j\u00e4rele, samas raha mul polnud. Palusin siis Universumilt see probleem korda ajada. Polnud mul aimugi, kuidas leida selleks raha. Juba paari p\u00e4eva p\u00e4rast leidsin oma kodust kapist arvutikoti, kus oli sees tuliuus s\u00fclearvuti. Selgus, et see on juba m\u00f5nda aega seal, kuna \u00fcks mu kodustest oli selle ostnud s\u00f5prade pealek\u00e4imisel (v\u00e4ga soodne allahindlus), aga polnud seda kasutama hakanud, kuna talle nii v\u00e4ga ei meeldi uued asjad ja nendega harjumine. V\u00f5tsin siis ise selle arvuti kasutusele. Ja ma ei pidanud selle eest sentigi tasuma sel korral.<br \/>\nTeine kord v\u00f5tsin t\u00e4pselt sama moodi oma kapist diktofoni, mida olin k\u00fcsinud, kuna vajasin seda meditatsioonide salvestamiseks, et anda v\u00e4lja oma meditatsioonidega cd. Seekord selgus, et keegi pereliikmetest oli selle laenutanud s\u00f5bralt pikemaks ajaks. Ma sain oma asjad ilusasti tehtud ilma \u00fchegi kulutuseta.<\/p>\n<p>Selleks, et soov t\u00e4ituks, on esmat\u00e4htis teha endale t\u00e4pselt selgeks, mida soovid ja seejuures lasta vabaks k\u00f5ik piirangud &#8211; a\u00b4la pole raha, kuidas see saaks t\u00e4ituda jne. K\u00fcsida tuleks soovitu olemust pigem, mitte konkreetset asja konkreetsel kujul ja konkreetsel teel. Las Universum ise otsustab, kuidas su soovi t\u00e4idab.<br \/>\nSiiski tuleks olla v\u00f5imalikult t\u00e4pne olulistes detailides, muidu v\u00f5ib juhtuda, et saad vale asja.<br \/>\nVeel on oluline, et sinu soovi t\u00e4itumine ei kahjustaks kuidagi kedagi teist ja et sa seda ka t\u00f5epoolest vajad. Sest ego tahtmised ei t\u00e4itu.<br \/>\nSa pead oma sisimas t\u00f5epoolest kindel olema, et soovid seda ja oled selle vastuv\u00f5tmiseks valmis. Edasi on vaja usaldada k\u00f5ik Universumi hooleks ja mitte enam m\u00f5elda oma soovile. See on tavaliselt k\u00f5ige raskem osa, eriti kui oleme oma sooviga emotsionaalselt seotud &#8211;\u00a0 nii v\u00e4ga tahaks ju&#8230;<\/p>\n<p>Kui muudmoodi ei saa, siis tuleb teadlikult juhtida t\u00e4helepanu muudele asjadele &#8211; et mitte panna asjasse omalt poolt liiga palju energiat ja et mitte p\u00fc\u00fcda protsessi omalt poolt kontrollida. Lase lihtsalt soovid vabaks, unusta \u00e4ra.<br \/>\nOluline on ka m\u00e4rgata, et soovi esitades keskenduksid sellele, mida t\u00f5epoolest tahad, mitte ilmaolemisele \u2013 sest see on oluline vahe. V\u00f5id m\u00f5elda &#8220;tahan raha&#8221;, aga seejuures tunda mul pole raha. Seda suhtumist oleks vaja muuta, et h\u00e4\u00e4lestuksid uuele sagedusele. Siin aitab kujutlemisest, et su soov on juba t\u00e4itunud ja kogeda k\u00f5iki sellega seonduvaid h\u00e4id tundeid, t\u00e4nutunnet ja r\u00f5\u00f5mu. Teatud visualiseerimisharjutustega on v\u00f5imalik veelgi j\u00f5udu juurde anda kogu protsessile.<br \/>\nEdasi m\u00e4\u00e4ravad meie uskumised, arusaamad selle kui kiiresti soov t\u00e4itub. Kui olen kogu s\u00fcdamest veendunud, et vajan ja soovin konkreetset asja, olen valmis seda oma ellu vastu v\u00f5tma koos kogu sellega kaasneva vastutusega, olen usaldav ja avatud, vaba piirangutest ja selle soovi t\u00e4itumine ei kahjusta teisi, siis t\u00e4itub see soov kiiresti. Sageli me aga pole kindlad endas, pole valmis vastu v\u00f5tma, v\u00f5i on tegu ainult ego tahtmistega.<\/p>\n<p>Ka minul on selliseid soove, mille t\u00e4itumine v\u00f5tab aega. Suured soovid, millega olen ilmselt liiga emotsionaalselt seotud, v\u00f5i pole ma veel isiklikult valmis, v\u00f5i pole nende t\u00e4itumiseks lihtsalt veel \u00f5ige aeg k\u00e4es. Sest k\u00f5ik juhtub ju alati jumalikult \u00f5igel ajal. Sel juhul tuleb ikkagi usaldada k\u00f5rgemat plaani ja mitte teha endale etteheiteid, et miks juba ei ole.\u201c<\/p>\n","protected":false},"excerpt":{"rendered":"<p>autor: Aive Antsov Kunstnik Lea Liblik, kellest r\u00e4\u00e4kis eelnev lugu, teeb teraapilise maalimise \u00f5htuid koos meditatsioonidega just oma \u00f5e Liina Kaumanniga kahasse. Liina loob meditatsioone, k\u00f5rgemate vibratsioonidega koosk\u00f5las. Liina usub, et Universumis toimib T\u00e4helepanuseadus. See t\u00e4hendab, et millele me keskendume, seda me loome. \u201eAsjad ja olukorrad manifesteeruvad vastavalt meie m\u00f5tetele, ootustele ja vastavalt sellele, kui &hellip; <\/p>\n<p class=\"link-more\"><a href=\"https:\/\/vaimnemaailm.ee\/www\/millele-me-keskendume-seda-me-loome-mustilised-lood-kevad-2012\/\" class=\"more-link\">Loe edasi<span class=\"screen-reader-text\"> &#8220;&#8220;Millele me keskendume, seda me loome&#8230;&#8221;- &#8220;M\u00fcstilised lood&#8221;, kevad 2012&#8243;<\/span><\/a><\/p>\n","protected":false},"author":2,"featured_media":0,"parent":0,"menu_order":0,"comment_status":"closed","ping_status":"closed","template":"","meta":{"footnotes":""},"class_list":["post-192","page","type-page","status-publish","hentry"],"_links":{"self":[{"href":"https:\/\/vaimnemaailm.ee\/www\/wp-json\/wp\/v2\/pages\/192","targetHints":{"allow":["GET"]}}],"collection":[{"href":"https:\/\/vaimnemaailm.ee\/www\/wp-json\/wp\/v2\/pages"}],"about":[{"href":"https:\/\/vaimnemaailm.ee\/www\/wp-json\/wp\/v2\/types\/page"}],"author":[{"embeddable":true,"href":"https:\/\/vaimnemaailm.ee\/www\/wp-json\/wp\/v2\/users\/2"}],"replies":[{"embeddable":true,"href":"https:\/\/vaimnemaailm.ee\/www\/wp-json\/wp\/v2\/comments?post=192"}],"version-history":[{"count":1,"href":"https:\/\/vaimnemaailm.ee\/www\/wp-json\/wp\/v2\/pages\/192\/revisions"}],"predecessor-version":[{"id":193,"href":"https:\/\/vaimnemaailm.ee\/www\/wp-json\/wp\/v2\/pages\/192\/revisions\/193"}],"wp:attachment":[{"href":"https:\/\/vaimnemaailm.ee\/www\/wp-json\/wp\/v2\/media?parent=192"}],"curies":[{"name":"wp","href":"https:\/\/api.w.org\/{rel}","templated":true}]}}