{"id":181,"date":"2017-01-02T14:49:20","date_gmt":"2017-01-02T12:49:20","guid":{"rendered":"http:\/\/vaimnemaailm.ee\/www\/?page_id=181"},"modified":"2023-01-15T13:09:43","modified_gmt":"2023-01-15T11:09:43","slug":"taro-voimalus-saada-korgemat-juhatust-nadalavahetusel","status":"publish","type":"page","link":"https:\/\/vaimnemaailm.ee\/www\/taro-voimalus-saada-korgemat-juhatust-nadalavahetusel\/","title":{"rendered":"TARO &#8211; v\u00f5imalus saada k\u00f5rgemat juhatust (intensiivkursus)"},"content":{"rendered":"<p><strong><img loading=\"lazy\" decoding=\"async\" class=\"alignright wp-image-70 size-medium\" src=\"http:\/\/vaimnemaailm.ee\/www\/wp-content\/uploads\/2017\/01\/taro-ja-ruunid-4-Copy-300x202.jpg\" alt=\"\" width=\"300\" height=\"202\" srcset=\"https:\/\/vaimnemaailm.ee\/www\/wp-content\/uploads\/2017\/01\/taro-ja-ruunid-4-Copy-300x202.jpg 300w, https:\/\/vaimnemaailm.ee\/www\/wp-content\/uploads\/2017\/01\/taro-ja-ruunid-4-Copy-768x517.jpg 768w, https:\/\/vaimnemaailm.ee\/www\/wp-content\/uploads\/2017\/01\/taro-ja-ruunid-4-Copy-1024x689.jpg 1024w, https:\/\/vaimnemaailm.ee\/www\/wp-content\/uploads\/2017\/01\/taro-ja-ruunid-4-Copy.jpg 2046w\" sizes=\"auto, (max-width: 300px) 100vw, 300px\" \/><\/strong><strong>3-osaline taro kursus\u00a0 15,\u00a0 22, veebruaril ja 1. m\u00e4rtsil kell 18-20.00 <\/strong>Tartus<\/p>\n<p>V\u00e4ike grupp! Sobib algajale aga ka neile, kes juba \u00fcht-teist teavad, erinevate ladumiste ja t\u00f5lgendamise harjutamiseks!<\/p>\n<p>TARO kaardid on suurep\u00e4raseks abiliseks, et paremini saada \u00fchendust\u00a0 iseenda sisemise teadlikkusega, m\u00f5ista seda kuidas arengud toimuvad nii meie endi sees kui ka v\u00e4lises maailmas.\u00a0 Suure Arkaani kaardid v\u00e4ljendavad eri olukordi\/elusituatsioone,\u00a0 mida me k\u00f5ik kogeme\u00a0 ja mis esinevad pea iga projekti teostamisel \u2013 so. inimese teekond teadmatusest valgustuse suunas \u2013 v\u00f5i eesm\u00e4rgi tekkimisest selle realiseerumise suunas. Iga kaart s\u00fcmboliseerib mingit konkreetset \u00f5ppetundi v\u00f5i arengustaadiumi, mille inimene l\u00e4bib. Hea on teada, kus parajasti oma teekonnal asud, siis saad teha soovi korral vajalikke muutusi, et kujundada oma elu teadlikult selles suunas, kuhu soovid liikuda.<\/p>\n<p>Oleme k\u00f5ik v\u00f5imelised saama \u00fchendust K\u00f5rgema teadvusega, alati ei ole aga lihtne seda teha otse, vastuste kanaldamise teel oma K\u00f5rgemalt \u00f5petajalt. Sel juhul on heaks abivahendiks TARO, ruunid v\u00f5i pendel &#8211; nii on lihtsam saada k\u00e4tte enda jaoks vajalikku infot.<\/p>\n<p>See kursus annab juhtn\u00f6\u00f6rid, kuidas laduda ja t\u00f5lgendada TARO kaarte oma elusuundade v\u00e4ljaselgitamiseks. \u00d5nnistame sisse oma TARO-kaardid, \u00f5pime tegema ennustamisele eelnevat h\u00e4\u00e4lestavat ja tumedate j\u00f5udude eest kaitsvat rituaali, \u00f5pime m\u00f5istma kaartide t\u00e4hendusi ning teostama lihtsamaid ladumisi. Teoreetilise osa saab iga osaleja eelnevalt endale meilile, mis tuleks kodus l\u00e4bi lugeda ja v\u00e4ljaprindituna kursusele tulles kaasa v\u00f5tta, Taro-kaardid tuleks muretseda ise, need aga h\u00e4\u00e4lestame kohapeal vastava rituaali k\u00e4igus.<\/p>\n<ol>\n<li>Teeme h\u00e4\u00e4lestava sissejuhatava meditatsiooni ja Taro sisse\u00f5nnistamise rituaali<\/li>\n<li>Vaatleme l\u00e4hemalt Suure Arkaani kaarte, teeme nendega m\u00f5ned ladumised, \u00f5pime neid t\u00f5lgendama<\/li>\n<li>Vaatleme l\u00e4hemalt V\u00e4ikese Arkaani kaarte, teeme m\u00f5ne ladumise nendega endale, \u00f5pime neid t\u00f5lgendama<\/li>\n<li>\u00d5pime erinevaid ladumisi kaardipakiga, kus on kasutusel nii Suure kui V\u00e4ikese Arkaani kaardid segamini.<\/li>\n<\/ol>\n<p><strong>Hind 135 EUR<br \/>\n<\/strong><\/p>\n<p>Hinna sees on mahukad teoreetilised materjalid TARO t\u00f5lgendamiseks (need saab m\u00f5ni p\u00e4ev enne kursust meilile ja tuleks v\u00e4ljaprindituna kursusele tulles kaasa v\u00f5tta).<\/p>\n<p>Endal oleks vaja soetada TARO kaardid (soovitav Rider Waite)<\/p>\n<p>Vajalik eelregistreerumine ning tagastamatu ettemaksu 60 EUR tasumine Vaimne Maailm O\u00dc pangakontole EE662200221049242077. V\u00e4ike grupp!<\/p>\n<p>Ettemaksu tasudes kinnitad endale koha grupis + saad k\u00e4tte kursuse esimese &#8211; teoreetilise osa. Kursusele mittetulemise korral ettemaksu ei tagastata!<\/p>\n<p>Juhendab Liina Kaumann<\/p>\n<table>\n<tbody>\n<tr>\n<th><\/th>\n<\/tr>\n<\/tbody>\n<\/table>\n","protected":false},"excerpt":{"rendered":"<p>3-osaline taro kursus\u00a0 15,\u00a0 22, veebruaril ja 1. m\u00e4rtsil kell 18-20.00 Tartus V\u00e4ike grupp! Sobib algajale aga ka neile, kes juba \u00fcht-teist teavad, erinevate ladumiste ja t\u00f5lgendamise harjutamiseks! TARO kaardid on suurep\u00e4raseks abiliseks, et paremini saada \u00fchendust\u00a0 iseenda sisemise teadlikkusega, m\u00f5ista seda kuidas arengud toimuvad nii meie endi sees kui ka v\u00e4lises maailmas.\u00a0 Suure Arkaani &hellip; <\/p>\n<p class=\"link-more\"><a href=\"https:\/\/vaimnemaailm.ee\/www\/taro-voimalus-saada-korgemat-juhatust-nadalavahetusel\/\" class=\"more-link\">Loe edasi<span class=\"screen-reader-text\"> &#8220;TARO &#8211; v\u00f5imalus saada k\u00f5rgemat juhatust (intensiivkursus)&#8221;<\/span><\/a><\/p>\n","protected":false},"author":2,"featured_media":0,"parent":0,"menu_order":0,"comment_status":"closed","ping_status":"closed","template":"","meta":{"footnotes":""},"class_list":["post-181","page","type-page","status-publish","hentry"],"_links":{"self":[{"href":"https:\/\/vaimnemaailm.ee\/www\/wp-json\/wp\/v2\/pages\/181","targetHints":{"allow":["GET"]}}],"collection":[{"href":"https:\/\/vaimnemaailm.ee\/www\/wp-json\/wp\/v2\/pages"}],"about":[{"href":"https:\/\/vaimnemaailm.ee\/www\/wp-json\/wp\/v2\/types\/page"}],"author":[{"embeddable":true,"href":"https:\/\/vaimnemaailm.ee\/www\/wp-json\/wp\/v2\/users\/2"}],"replies":[{"embeddable":true,"href":"https:\/\/vaimnemaailm.ee\/www\/wp-json\/wp\/v2\/comments?post=181"}],"version-history":[{"count":5,"href":"https:\/\/vaimnemaailm.ee\/www\/wp-json\/wp\/v2\/pages\/181\/revisions"}],"predecessor-version":[{"id":2801,"href":"https:\/\/vaimnemaailm.ee\/www\/wp-json\/wp\/v2\/pages\/181\/revisions\/2801"}],"wp:attachment":[{"href":"https:\/\/vaimnemaailm.ee\/www\/wp-json\/wp\/v2\/media?parent=181"}],"curies":[{"name":"wp","href":"https:\/\/api.w.org\/{rel}","templated":true}]}}