{"id":1802,"date":"2021-03-09T16:01:36","date_gmt":"2021-03-09T14:01:36","guid":{"rendered":"http:\/\/vaimnemaailm.ee\/www\/?page_id=1802"},"modified":"2021-03-09T16:01:36","modified_gmt":"2021-03-09T14:01:36","slug":"e-kursus-haalestumine-5d-teadvustasandile-elamine-uues-maailmas","status":"publish","type":"page","link":"https:\/\/vaimnemaailm.ee\/www\/e-kursus-haalestumine-5d-teadvustasandile-elamine-uues-maailmas\/","title":{"rendered":"E-kursus &#8220;H\u00e4\u00e4lestumine 5D teadvustasandile, elamine uues maailmas&#8221;"},"content":{"rendered":"\n<div class=\"wp-block-image\"><figure class=\"alignright size-large\"><img loading=\"lazy\" decoding=\"async\" width=\"763\" height=\"1024\" src=\"http:\/\/vaimnemaailm.ee\/www\/wp-content\/uploads\/2020\/08\/IMG_20200815_220900-763x1024.jpg\" alt=\"\" class=\"wp-image-1619\" srcset=\"https:\/\/vaimnemaailm.ee\/www\/wp-content\/uploads\/2020\/08\/IMG_20200815_220900-763x1024.jpg 763w, https:\/\/vaimnemaailm.ee\/www\/wp-content\/uploads\/2020\/08\/IMG_20200815_220900-224x300.jpg 224w, https:\/\/vaimnemaailm.ee\/www\/wp-content\/uploads\/2020\/08\/IMG_20200815_220900-768x1030.jpg 768w\" sizes=\"auto, (max-width: 706px) 89vw, (max-width: 767px) 82vw, 740px\" \/><figcaption><em>&#8220;Hingega \u00fchinemine, s\u00fcdame avanemine&#8221; Liina Kaumann 2020<\/em><\/figcaption><\/figure><\/div>\n\n\n\n<p id=\"block-3a2934e4-c27c-41f5-8867-4879976ab30a\">On inimkonna kollektiivse vaimse \u00e4rkamise aeg, keerulised s\u00fcndmused maailmas, intensiivsed kosmilised energiad on k\u00f5ik antud k\u00f5rgemalt poolt selleks, et puhastuksime vanadest mustritest, h\u00e4\u00e4lestuksime, kohaneksime uute energiatega, k\u00e4ivitaksime j\u00e4rkj\u00e4rgult oma valguskeha ja \u00f5piksime hoopis teistmoodi elama ja olema kui seni &#8211; vana 3D hirmumaailm kukub kokku, on alanud inimeste massiline \u00e4rkamine ja \u00fcleminek 5D valgusmaailma. Uuele maailmale on iseloomulik see, et me \u201eteeme\u201d v\u00e4hem ja \u201eoleme\u201d rohkem. Oleme rohkem l\u00f5dvestunud, puhkame rohkem, kuulame rohkem iseenda sisemist r\u00fctmi, justkui \u201elaiskleme\u201d v\u00f5rreldes senise 3D maailma pideva rabelemisega. Meie Maa on juba t\u00f5usnud 5D tasandile ja meile on juba k\u00e4ttesaadavad need energiad, mis v\u00f5imaldavad hakata elama suuremas koosk\u00f5las iseenda ja maailmaga, luua k\u00f5ike, mida soovime justkui mittemillestki (eeldusel et see ei kahjusta teisi ning on koosk\u00f5las k\u00f5rgema plaaniga mitte 3D egotahtmine). P\u00f5hiline takistus on klammerdumine 3D arusaamade k\u00fclge, selle k\u00fclge, kuidas siiani oleme elanud, k\u00fcllust ja edu oma ellu loonud. Mida kergemini suudame need vanad meetodid ja energiad minemaheita, seda kergemini toimub uude energiasse \u00fcmberl\u00fclitumine.<\/p>\n\n\n\n<p id=\"block-7ccbb40e-93b2-4c87-b68c-67423c07a575\">Kuid vaimne \u00e4rkamine ja k\u00f5ik need muutused, mis toimuvad meie kehadega, energiaga, arusaamadega on paraku ebamugav ja keeruline, sest toob kaasa vana mina, ego surma, enne ei saa uus algus tulla. Inimestena me oleme harjunud kinnihoidma vanast ja harjumusp\u00e4rasest, isegi kui see pole suurem asi olukord. Inimestena me kardame muutusi, tundmatust&#8230; sest ego tahab kontrollida ja ette teada mis saab, tahab garantiisid, aga neid uude minnes v\u00f5tta pole. See tekitab sisemise vastupanu muutustele &#8211; valu ja kannatuse. On v\u00e4hem valus, kui alistuda, v\u00f5tta need uued energiad ja v\u00e4ljakutsed lihtasalt vastu, loobuda vastupanust ja usaldada. Kui kasvatada endas teadlikkust ja t\u00e4helepanelikkust m\u00e4rgata, millal oled voolus (unversumiga ja arenguga koosk\u00f5las) ja millal kukud vastupanusse, egotasandile ja siis teadlikult ennast tagasi tuua, joonduda oma valgusolemusega &#8211; oma hingega, oma K\u00f5rgema Minaga.<\/p>\n\n\n\n<p id=\"block-4119d34e-3b98-4e52-abc8-262167e3995a\"><strong>Sellel kursusel \u00f5pid:<\/strong><\/p>\n\n\n\n<p id=\"block-bd0d87c4-7826-457b-bced-39af183527bc\">kuidas \u00e4rkamisprotsess kergemini ja vastupanuta l\u00e4bi teha; \u00f5pid joonduma oma hingega, integreerima hingeenergiat ka oma f\u00fc\u00fcsilise keha tasandil tervendamaks ja h\u00e4\u00e4lestamaks sinu keha k\u00f5rgemasse 5D sagedusse; tooma ennast kohalolusse praegusesse hetke (kus peitub sinu v\u00e4epunkt); koondama kiiresti uuesti kokku oma hulpimal\u00e4inud energiat (mida igap\u00e4evaelu elades ikka juhtub, isegi k\u00f5rges teadlikkuses viibides); avama oma s\u00fcdant, elama s\u00fcdame tasandil ( sest uues maailmas, k\u00fcllus- ja \u00fchisteadvuses saab olla vaid avatud s\u00fcdamega); \u00f5pid nihutama oma fookust m\u00f5istuse ja meele tasandilt (mis opereerib vanade mustrite ja uskumuste baasil) s\u00fcdamesse ja kuulama, tunnetama s\u00fcdamega oma hinge s\u00f5numeid; \u00f5pid suhtlema universumiga, \u00fclest\u00f5usnud meistritega, kanaldama endale vajalikku infot; \u00fchined oma hingeperekonna \u00fchtse valgusv\u00f5rgustikuga, saad kasutada oma edasij\u00f5udnumate hingepereliikmete tarkust ja v\u00e4ge; \u00f5pid m\u00e4rkama ja l\u00e4bivalgustama oma egotasandit, lahustama oma varju; \u00f5pid ise m\u00e4rkama ja tervendama oma valukohti, muutma vanu piiravaid uskumusi DNA tasandil; \u00f5pid valima ennast, tasakaalustama oma elu eri valdkondi, iseenda eri osi, \u00f5pid enesermastust ja looma seestpoolt v\u00e4ljapoole.<\/p>\n\n\n\n<p id=\"block-442ac985-db66-4040-a6b3-d2668f0324d0\">Kursus koosneb teoreetilisest osast (46 lk) meilile kodus l\u00e4bilugemiseks ja praktilisest osast &#8211; juhitud meditatsioonir\u00e4nnakutest mp3 failidelt, mida saad teha endale sobival ajal ja korduvalt!<\/p>\n\n\n\n<p id=\"block-d3da961a-86ad-4663-ab01-771ad08d4551\">Kursuse hind  <strong>135 EUR,<\/strong> kuni  <strong>25. m\u00e4rtsini<\/strong> soodushind  <strong>111 EUR<\/strong><\/p>\n\n\n\n<p id=\"block-87beace0-ebf4-4ad1-b835-f53df26bb40b\">Meditatsioonid:<\/p>\n\n\n\n<ol class=\"wp-block-list\" id=\"block-635f3d6f-a9bc-4098-b18b-049f7ef01e2f\"><li>&#8220;Kohalolu, k\u00f5ige olemasolevaga \u00fcksolemise ja puhta teadlikkuse tajumine&#8221;<\/li><li>\u201cValgusmaailma sagedusele h\u00e4\u00e4lestumine, 5D t\u015bakrate allalaadimine\u201d<\/li><li>&#8220;Hingega \u00fchinemine, hinge energia keha tasandile integreerimine, keha tervendamine&#8221;<\/li><li>\u201cHingeperekonna ringi \u00fchendumine, hinge tervendamine ja hingeperekonna \u00fchise \u00fclesande vastuv\u00f5tmine\u201d<\/li><li>&#8220;Joondumine \u2013 \u00fcliteadvuse (vaimu), tavateadvuse ja alateadvuse liitmine \u00fcheks tervikuks, oma energia koondamine k\u00e4esolevasse hetke&#8221;<\/li><li>\u201eEgo lahustamine\u201d<\/li><li>\u201eRakum\u00e4llu minek, vanade programmide kustutamine, DNA \u00fcmberprogrammeerimine\u201d<\/li><li>&#8220;Alateadvuse korrastamine ja \u00fcmberprogrammeerimine&#8221;<\/li><li>&#8220;Illusioonidest vabanemine, asjade vaatlemine avaramast perspektiivist&#8221;<\/li><li>\u201c\u00dclest\u00f5us\u201d<\/li><\/ol>\n\n\n\n<p id=\"block-9f3da0e5-0015-448c-8c70-0eb6f670804a\">Kursusel osalemiseks tasu Vaimne Maailm O\u00dc pangakontole EE662200221049242077 111 EUR ja saada meil  liina@vaimnemaailm.ee.<\/p>\n\n\n\n<p>Juhendab Liina Kaumann<\/p>\n","protected":false},"excerpt":{"rendered":"<p>On inimkonna kollektiivse vaimse \u00e4rkamise aeg, keerulised s\u00fcndmused maailmas, intensiivsed kosmilised energiad on k\u00f5ik antud k\u00f5rgemalt poolt selleks, et puhastuksime vanadest mustritest, h\u00e4\u00e4lestuksime, kohaneksime uute energiatega, k\u00e4ivitaksime j\u00e4rkj\u00e4rgult oma valguskeha ja \u00f5piksime hoopis teistmoodi elama ja olema kui seni &#8211; vana 3D hirmumaailm kukub kokku, on alanud inimeste massiline \u00e4rkamine ja \u00fcleminek 5D valgusmaailma. Uuele &hellip; <\/p>\n<p class=\"link-more\"><a href=\"https:\/\/vaimnemaailm.ee\/www\/e-kursus-haalestumine-5d-teadvustasandile-elamine-uues-maailmas\/\" class=\"more-link\">Loe edasi<span class=\"screen-reader-text\"> &#8220;E-kursus &#8220;H\u00e4\u00e4lestumine 5D teadvustasandile, elamine uues maailmas&#8221;&#8221;<\/span><\/a><\/p>\n","protected":false},"author":2,"featured_media":0,"parent":0,"menu_order":0,"comment_status":"closed","ping_status":"closed","template":"","meta":{"footnotes":""},"class_list":["post-1802","page","type-page","status-publish","hentry"],"_links":{"self":[{"href":"https:\/\/vaimnemaailm.ee\/www\/wp-json\/wp\/v2\/pages\/1802","targetHints":{"allow":["GET"]}}],"collection":[{"href":"https:\/\/vaimnemaailm.ee\/www\/wp-json\/wp\/v2\/pages"}],"about":[{"href":"https:\/\/vaimnemaailm.ee\/www\/wp-json\/wp\/v2\/types\/page"}],"author":[{"embeddable":true,"href":"https:\/\/vaimnemaailm.ee\/www\/wp-json\/wp\/v2\/users\/2"}],"replies":[{"embeddable":true,"href":"https:\/\/vaimnemaailm.ee\/www\/wp-json\/wp\/v2\/comments?post=1802"}],"version-history":[{"count":1,"href":"https:\/\/vaimnemaailm.ee\/www\/wp-json\/wp\/v2\/pages\/1802\/revisions"}],"predecessor-version":[{"id":1803,"href":"https:\/\/vaimnemaailm.ee\/www\/wp-json\/wp\/v2\/pages\/1802\/revisions\/1803"}],"wp:attachment":[{"href":"https:\/\/vaimnemaailm.ee\/www\/wp-json\/wp\/v2\/media?parent=1802"}],"curies":[{"name":"wp","href":"https:\/\/api.w.org\/{rel}","templated":true}]}}