{"id":1726,"date":"2020-12-08T13:05:46","date_gmt":"2020-12-08T11:05:46","guid":{"rendered":"http:\/\/vaimnemaailm.ee\/www\/?page_id=1726"},"modified":"2022-11-30T12:33:54","modified_gmt":"2022-11-30T10:33:54","slug":"meditatsioonikursus-tasandivahetus-uude-maailma-vanadest-lugudest-puhastumine-teadlik-loomine","status":"publish","type":"page","link":"https:\/\/vaimnemaailm.ee\/www\/meditatsioonikursus-tasandivahetus-uude-maailma-vanadest-lugudest-puhastumine-teadlik-loomine\/","title":{"rendered":"E-kursus &#8220;Tasandivahetus &#8211; vanadest lugudest puhastumine&#8221;"},"content":{"rendered":"<div class=\"wp-block-image\">\n<figure class=\"alignright size-large is-resized\"><img loading=\"lazy\" decoding=\"async\" src=\"http:\/\/vaimnemaailm.ee\/www\/wp-content\/uploads\/2020\/08\/IMG_20200521_084710-1-776x1024.jpg\" alt=\"\" class=\"wp-image-1595\" width=\"379\" height=\"500\" srcset=\"https:\/\/vaimnemaailm.ee\/www\/wp-content\/uploads\/2020\/08\/IMG_20200521_084710-1-776x1024.jpg 776w, https:\/\/vaimnemaailm.ee\/www\/wp-content\/uploads\/2020\/08\/IMG_20200521_084710-1-227x300.jpg 227w, https:\/\/vaimnemaailm.ee\/www\/wp-content\/uploads\/2020\/08\/IMG_20200521_084710-1-768x1013.jpg 768w\" sizes=\"auto, (max-width: 379px) 100vw, 379px\" \/><figcaption class=\"wp-element-caption\">&#8220;K\u00fclluse loomine&#8221; 2020, Liina Kaumann<\/figcaption><\/figure>\n<\/div>\n\n\n<p>Kursus on sobivaks j\u00e4tkukursuseks algajatele m\u00f5eldud Meditatsiooni E-kursusele&nbsp;<a href=\"https:\/\/vaimnemaailm.ee\/www\/e-kursus-joondumine-terviklikuks-saamine-sisemise-perekonna-enda-eri-osade-tervendus-ja-kokkutoomine\/\">\u201cJoondumine \u2013 terviklikuks saamine. Sisemise perekonna, enda eri osade tervendus ja kokkutoomine\u201d<\/a> samas aga sobilik ka iseseisva kursusena !<\/p>\n\n\n\n<p><strong>E-kursust saad l\u00e4bida just endale sobival ajal ja kasv\u00f5i mitu korda! <\/strong><\/p>\n\n\n\n<p>Vaimne areng t\u00e4hendab sageduse t\u00f5usmist, kihtkihilt illusioonidest vabanemist \u2013 vanadest energiatest, uskumustest, t\u00f5ekspidamistest puhastumist ja seel\u00e4bi \u00fcha suuremasse selgusesse, teadlikkusse, m\u00f5istmisesse ja Universumiga \u00fchenduses olekusse avardumist. K\u00e4esoleval kursusel keskendume enda vabastamisele \u201cvanadest lugudest\u201d, mis takistavad liikumist uude etappi\/k\u00f5rgemasse sagedusse:<\/p>\n\n\n\n<p>puhastame oma perest ja suguv\u00f5sast p\u00e4rinevaid mustreid &#8211; ema- ja isaliini, puhastume vanadest m\u00f5ttemustritest, uskumustest, programmidest DNA tasandil, v\u00f5tame \u00fchendust Aka\u015bi kroonikate vibratsioonilise v\u00e4ljaga ning muudame \u00e4ra eelmistest eludest kaasa tulnud programmid\/kordumised, tegeleme oma tuumhaavade ja p\u00f5hihirmudega, piirangutega, vabaneme erinevate egregoride m\u00f5just, mis ei lase olla t\u00e4iesti vabad ja suunavad meisse teatud t\u00fc\u00fcpm\u00f5tlemist\/k\u00e4itumist, puhastame ja programmerime \u00fcmber oma alateadvust, \u00f5pime \u00fchendama oma tavateadvust-\u00fcliteadvust ja alateadvust.<\/p>\n\n\n\n<p><strong>Kursus koosneb 2 osast:<\/strong><\/p>\n\n\n\n<p><strong>1. Teoreetiline osa<\/strong>&nbsp;l\u00e4bilugemiseks pdf failis (30 lk) sisaldab: Tasandivahetused vaimse arengu k\u00e4igus. Minevikumustritest vabanemine &#8211; ema- ja isaliini puhastamine, suguv\u00f5sa karma l\u00f5petamine, kuldajastu esivanematega \u00fchenduse loomine. Karma. Vanad vanded, t\u00f5otused, kokkulepped. Aka\u015bi kroonikad. Egregorid. Alateadvus. DNA \u00fcmberprogrammeerimine. Afirmatsioonid ja taotlused. T\u00f5ega \u00fchtesulamine. Praegune aeg.<\/p>\n\n\n\n<p><strong>2.  8 mp3 faili (pikemad juhitud meditatsioonir\u00e4nnakud),<\/strong> mille  saad endale allalaadida ja kasutada korduvalt:<\/p>\n\n\n\n<ol class=\"wp-block-list\">\n<li>Ema- ja isaliini puhastamine, kuldajastu esivanematega \u00fchenduse loomine suguv\u00f5sa karma l\u00f5petamine<\/li>\n\n\n\n<li>Aka\u015bi kroonikate lugemine ja \u00fcmberkirjutamine (eelmised elud)<\/li>\n\n\n\n<li>Alateadvuse korrastamine ja \u00fcmberprogrammeerimine<\/li>\n\n\n\n<li>Rakum\u00e4llu minek, vanade programmide kustutamine, DNA \u00fcmberprogrammeerimine<\/li>\n\n\n\n<li>Vanade vannete, t\u00f5otuste, kokkulepete t\u00fchistamine<\/li>\n\n\n\n<li>Egregoride m\u00f5just vabanemine<\/li>\n\n\n\n<li>Elupuu aktivatsioon \u2013 juure tasand -\u00fchenduse loomine p\u00f5hjaveega \u2013 alateadvusesse uute t\u00f5dede kinnistamine<\/li>\n\n\n\n<li>N\u00e4idisfail alateadvusesse uute t\u00f5dede kinnistamiseks &#8220;Usaldus&#8221;<\/li>\n<\/ol>\n\n\n\n<p><strong>NB<\/strong>! Meditatsioonir\u00e4nnakuid eeldavad m\u00f5ningast meditatsioonikogemust, kui sul seda  \u00fcldse pole, oleks sissejuhatuseks parim l\u00e4bida v\u00e4hemalt 1 neist:<\/p>\n\n\n\n<ul class=\"wp-block-list\">\n<li><a href=\"https:\/\/vaimnemaailm.ee\/www\/meditatsiooni-e-kursus-algajatele-enesevaartustamine-enesetervendamine\/\">Meditatsiooni E-kursus algajatele \u201cEnesev\u00e4\u00e4rtustamine\/enesetervendamine\u201d<\/a>&nbsp;<\/li>\n\n\n\n<li>Meditatsiooni E-kursus&nbsp;<a href=\"https:\/\/vaimnemaailm.ee\/www\/e-kursus-joondumine-terviklikuks-saamine-sisemise-perekonna-enda-eri-osade-tervendus-ja-kokkutoomine\/\">\u201cJoondumine \u2013 terviklikuks saamine. Sisemise perekonna, enda eri osade tervendus ja kokkutoomine\u201d<\/a><\/li>\n<\/ul>\n\n\n\n<p>E- kursuse hind&nbsp;<strong>99 EUR&nbsp;<\/strong>(sisaldab 8 MP3 faili + teoreetilist osa)<\/p>\n\n\n\n<p>Kursuse koostas Liina Kaumann<\/p>\n\n\n\n<p>Peale selle kursuse l\u00e4bimist on huvi korral v\u00f5imalik j\u00e4tkata edasij\u00f5udnutele m\u00f5eldud <\/p>\n\n\n\n<p><a href=\"https:\/\/vaimnemaailm.ee\/www\/e-kursus-valgustumisteekond-ulestous-5d-uude-maailma\/\"><strong>E-kursusega &#8220;Valgustumisteekond &#8211; \u00fclest\u00f5us 5D uude maailma&#8221;<\/strong>.<\/a> <strong><mark style=\"background-color:rgba(0, 0, 0, 0)\" class=\"has-inline-color has-vivid-red-color\">UUS!<\/mark><\/strong><\/p>\n\n\n\n<p>Kursusel osalemiseks tasu Vaimne Maailm O\u00dc pangakontole EE662200221049242077 99 EUR ja saada seej\u00e4rel meil koos maksekorralduse koopiaga liina@vaimnemaailm.ee.<\/p>\n","protected":false},"excerpt":{"rendered":"<p>Kursus on sobivaks j\u00e4tkukursuseks algajatele m\u00f5eldud Meditatsiooni E-kursusele&nbsp;\u201cJoondumine \u2013 terviklikuks saamine. Sisemise perekonna, enda eri osade tervendus ja kokkutoomine\u201d samas aga sobilik ka iseseisva kursusena ! E-kursust saad l\u00e4bida just endale sobival ajal ja kasv\u00f5i mitu korda! Vaimne areng t\u00e4hendab sageduse t\u00f5usmist, kihtkihilt illusioonidest vabanemist \u2013 vanadest energiatest, uskumustest, t\u00f5ekspidamistest puhastumist ja seel\u00e4bi \u00fcha suuremasse &hellip; <\/p>\n<p class=\"link-more\"><a href=\"https:\/\/vaimnemaailm.ee\/www\/meditatsioonikursus-tasandivahetus-uude-maailma-vanadest-lugudest-puhastumine-teadlik-loomine\/\" class=\"more-link\">Loe edasi<span class=\"screen-reader-text\"> &#8220;E-kursus &#8220;Tasandivahetus &#8211; vanadest lugudest puhastumine&#8221;&#8221;<\/span><\/a><\/p>\n","protected":false},"author":2,"featured_media":0,"parent":0,"menu_order":0,"comment_status":"closed","ping_status":"closed","template":"","meta":{"footnotes":""},"class_list":["post-1726","page","type-page","status-publish","hentry"],"_links":{"self":[{"href":"https:\/\/vaimnemaailm.ee\/www\/wp-json\/wp\/v2\/pages\/1726","targetHints":{"allow":["GET"]}}],"collection":[{"href":"https:\/\/vaimnemaailm.ee\/www\/wp-json\/wp\/v2\/pages"}],"about":[{"href":"https:\/\/vaimnemaailm.ee\/www\/wp-json\/wp\/v2\/types\/page"}],"author":[{"embeddable":true,"href":"https:\/\/vaimnemaailm.ee\/www\/wp-json\/wp\/v2\/users\/2"}],"replies":[{"embeddable":true,"href":"https:\/\/vaimnemaailm.ee\/www\/wp-json\/wp\/v2\/comments?post=1726"}],"version-history":[{"count":5,"href":"https:\/\/vaimnemaailm.ee\/www\/wp-json\/wp\/v2\/pages\/1726\/revisions"}],"predecessor-version":[{"id":2708,"href":"https:\/\/vaimnemaailm.ee\/www\/wp-json\/wp\/v2\/pages\/1726\/revisions\/2708"}],"wp:attachment":[{"href":"https:\/\/vaimnemaailm.ee\/www\/wp-json\/wp\/v2\/media?parent=1726"}],"curies":[{"name":"wp","href":"https:\/\/api.w.org\/{rel}","templated":true}]}}