{"id":1683,"date":"2020-10-22T12:22:58","date_gmt":"2020-10-22T09:22:58","guid":{"rendered":"http:\/\/vaimnemaailm.ee\/www\/?page_id=1683"},"modified":"2023-03-15T09:43:52","modified_gmt":"2023-03-15T07:43:52","slug":"korged-hingesidemed-puha-suhe-lahisuhe-uues-maailmas","status":"publish","type":"page","link":"https:\/\/vaimnemaailm.ee\/www\/korged-hingesidemed-puha-suhe-lahisuhe-uues-maailmas\/","title":{"rendered":"K\u00f5rged hingesidemed\/P\u00fcha Suhe &#8211; l\u00e4hisuhe uues maailmas"},"content":{"rendered":"\n<p><\/p>\n\n\n\n<p class=\"has-text-align-left\">Praegusel erilisel ajal, mil toimuvad suured muutused ja \u00fcmberh\u00e4\u00e4lestused meie sees ja ka v\u00e4line maailma hakkab ennast tasapisi \u00fcmberkorraldama, on kokkukukkumas ka vanat\u00fc\u00fcpi l\u00e4hisuhtemudelid, senised suhted ei toimi enam ega too ka rahuldust. Mida enam sagedus t\u00f5useb, seda rohkem aktiveerub l\u00e4hedasi hingesidemeid ja kaksikhingesid, kuid enamusel meist pole mittemingisugust aimugi, mida t\u00e4hendab k\u00f5rge hingeside, mis on selle eesm\u00e4rk ning kuidas selles edasi liikuda. <\/p>\n\n\n\n<p>Kursus on Sulle, kui oled arusaamatus, segadustttekitavas, keerulises aga v\u00e4ga l\u00e4hedases sidemes\/suhtes, mis Sind tugevalt m\u00f5jutab aga ei saa kuidagi edasi ega sealt ka v\u00e4lja, kui oled j\u00f5udnud \u00e4ratundmiseni, et vanat\u00fc\u00fcpi l\u00e4hisuhe enam ei toimi ega rahulda sind, hing ihkab midagi enamat, t\u00f5elist igak\u00fclgset l\u00e4hedust &#8211; nii hingelist kui ka f\u00fc\u00fcsilist,  kui soovid j\u00f5uda suuremasse enesearmastusse, sisemisse tasakaalu ja rahulollu iseendaga, avastada iseenda terviklikkus. <\/p>\n\n\n\n<p>Milline on erinevus 3D ja uue aja k\u00f5rge hingesideme vahel? Kuidas liikuda ka suhetes 3D hirmutasandilt- lahusteadvusest \u00fchtsusesse &#8211; tingimusteta armastusse, \u00f5ppida p\u00fcsima k\u00fclluse ja armastuse voolus?&nbsp;Mis on tegelikult armastus, mis klammerdumine? <\/p>\n\n\n\n<p>Kursusel \u00f5pid tegema nihet vanast 3D l\u00e4hisuhte ja armastuse mustrist 5D l\u00e4hisuhtesse, vabaned vanadest kinnistunud arusaamadest, suhtemustritest, ootustest, illusioonidest, klammerdumistest, vastupanust, survestamisest, p\u00f5hihirmudest jne, saad teadlikuks oma t\u00f5elistest p\u00f5hivajadustest, asud t\u00f5elise ja t\u00e4ieliku enesearmastuse teekonnale, \u00f5pid liikuma v\u00e4lja vana maailma haigetsaanud nais- ja meesenergiast jumaliku naisenergia ja jumaliku meesenergia seisundisse,  k\u00e4ima oma teel iseenda sisemisest tarkusest juhituna. Kursusel teeme hingamisharjutusi, visualiseerimisharjutusi, meditatsioone ning kogemuste jagamisringe.<\/p>\n\n\n\n<p><strong>1. Teoreetiline osa kodus l\u00e4bilugemiseks meilile:&nbsp;<\/strong>Uue aja l\u00e4hisuhted, k\u00f5rged hingesidemed, kaksikleegid. P\u00fcha suhe. S\u00fcdame energiate tasakaalustamine, sisemise mees- ja naisenergia \u00fchendamine, meessoo ja naissoo p\u00f5hihirmude eemaldamine, nihe lahusteadvusest \u00fchtsusteadvusesse, terviklikkuse loomine. Sakraalt\u015bakra puhastamine, vanade suhteegregoride, ahelate ja programmeeringute katkestamine, selguse loomine oma tegelike soovide osas. Ego lahustamine, puhastumine, sisemise \u00fcmberl\u00fclituse tegemine.<\/p>\n\n\n\n<p><strong>2. Kohapeal teeme juhitud meditatsioone, hingamisharjutusi, visualiseerimisharjutusi.<\/strong><\/p>\n\n\n\n<p>(4-osalise kursuse hind <strong>155 EUR, <\/strong>tasudes ettemaksu 60 EUR <strong>3. jaanuariks <\/strong>(Tartus)\/<strong>21. novembriks<\/strong> (Tallinnas) \u00fclej\u00e4\u00e4nud 95 EUR esimesel kokkusaamisel. Hiljem tasudes kogu 4-osalise kursuse hind <strong>170&nbsp;EUR<\/strong>, iga kord eraldi tasudes <strong>60 EUR 1. kord<\/strong> (siis saab kogu kursuse teoreetilise osa) + 50+40+35<\/p>\n\n\n\n<p>Kursuse hinna sees on ka omal valikul 2 juhitud meditatsiooni mp3 failina, mida saab endale allalaadida ja kasutada korduvalt + 3 mp3 faili hingamis- ja visualiseerimisharjutustega keha energiate t\u00f5stmiseks ja valguskeha laadimiseks.)<\/p>\n\n\n\n<p>Veebikursusel osalemiseks vajalik eelregistreerumine liina@vaimnemaailm.ee ja ettemaksu na kursusetasu 144 EUR  tasumine Vaimne Maailm O\u00dc pangakontole EE662200221049242077, mis on eelduseks teoreetilise osa ja meditatsioonide k\u00e4ttesaamisel!<\/p>\n\n\n\n<p>Juhendab Liina Kaumann<\/p>\n\n\n\n<p> <\/p>\n","protected":false},"excerpt":{"rendered":"<p>Praegusel erilisel ajal, mil toimuvad suured muutused ja \u00fcmberh\u00e4\u00e4lestused meie sees ja ka v\u00e4line maailma hakkab ennast tasapisi \u00fcmberkorraldama, on kokkukukkumas ka vanat\u00fc\u00fcpi l\u00e4hisuhtemudelid, senised suhted ei toimi enam ega too ka rahuldust. Mida enam sagedus t\u00f5useb, seda rohkem aktiveerub l\u00e4hedasi hingesidemeid ja kaksikhingesid, kuid enamusel meist pole mittemingisugust aimugi, mida t\u00e4hendab k\u00f5rge hingeside, mis &hellip; <\/p>\n<p class=\"link-more\"><a href=\"https:\/\/vaimnemaailm.ee\/www\/korged-hingesidemed-puha-suhe-lahisuhe-uues-maailmas\/\" class=\"more-link\">Loe edasi<span class=\"screen-reader-text\"> &#8220;K\u00f5rged hingesidemed\/P\u00fcha Suhe &#8211; l\u00e4hisuhe uues maailmas&#8221;<\/span><\/a><\/p>\n","protected":false},"author":2,"featured_media":0,"parent":0,"menu_order":0,"comment_status":"closed","ping_status":"closed","template":"","meta":{"footnotes":""},"class_list":["post-1683","page","type-page","status-publish","hentry"],"_links":{"self":[{"href":"https:\/\/vaimnemaailm.ee\/www\/wp-json\/wp\/v2\/pages\/1683","targetHints":{"allow":["GET"]}}],"collection":[{"href":"https:\/\/vaimnemaailm.ee\/www\/wp-json\/wp\/v2\/pages"}],"about":[{"href":"https:\/\/vaimnemaailm.ee\/www\/wp-json\/wp\/v2\/types\/page"}],"author":[{"embeddable":true,"href":"https:\/\/vaimnemaailm.ee\/www\/wp-json\/wp\/v2\/users\/2"}],"replies":[{"embeddable":true,"href":"https:\/\/vaimnemaailm.ee\/www\/wp-json\/wp\/v2\/comments?post=1683"}],"version-history":[{"count":5,"href":"https:\/\/vaimnemaailm.ee\/www\/wp-json\/wp\/v2\/pages\/1683\/revisions"}],"predecessor-version":[{"id":2922,"href":"https:\/\/vaimnemaailm.ee\/www\/wp-json\/wp\/v2\/pages\/1683\/revisions\/2922"}],"wp:attachment":[{"href":"https:\/\/vaimnemaailm.ee\/www\/wp-json\/wp\/v2\/media?parent=1683"}],"curies":[{"name":"wp","href":"https:\/\/api.w.org\/{rel}","templated":true}]}}