{"id":158,"date":"2017-01-01T17:53:35","date_gmt":"2017-01-01T15:53:35","guid":{"rendered":"http:\/\/vaimnemaailm.ee\/www\/?page_id=158"},"modified":"2024-02-19T16:34:19","modified_gmt":"2024-02-19T14:34:19","slug":"taro-voimalus-saada-korgemat-juhatust-ja-oma-elusaatust-kujundada","status":"publish","type":"page","link":"https:\/\/vaimnemaailm.ee\/www\/taro-voimalus-saada-korgemat-juhatust-ja-oma-elusaatust-kujundada\/","title":{"rendered":"TARO intensiivkursus"},"content":{"rendered":"<p><img loading=\"lazy\" decoding=\"async\" class=\"wp-image-2930 alignright\" src=\"https:\/\/vaimnemaailm.ee\/www\/wp-content\/uploads\/2023\/03\/IMG_20230116_115703-300x225.jpg\" alt=\"\" width=\"406\" height=\"304\" srcset=\"https:\/\/vaimnemaailm.ee\/www\/wp-content\/uploads\/2023\/03\/IMG_20230116_115703-300x225.jpg 300w, https:\/\/vaimnemaailm.ee\/www\/wp-content\/uploads\/2023\/03\/IMG_20230116_115703-1024x768.jpg 1024w, https:\/\/vaimnemaailm.ee\/www\/wp-content\/uploads\/2023\/03\/IMG_20230116_115703-768x576.jpg 768w, https:\/\/vaimnemaailm.ee\/www\/wp-content\/uploads\/2023\/03\/IMG_20230116_115703-1536x1152.jpg 1536w, https:\/\/vaimnemaailm.ee\/www\/wp-content\/uploads\/2023\/03\/IMG_20230116_115703-2048x1536.jpg 2048w\" sizes=\"auto, (max-width: 406px) 100vw, 406px\" \/><\/p>\n<p><strong>3. ja 17. m\u00e4rtsil <\/strong><strong>\u00a0kell 11-14.00<\/strong> Tartus<\/p>\n<p>Oleme k\u00f5ik v\u00f5imelised saama \u00fchendust K\u00f5rgema teadvusega, alati ei ole aga lihtne seda teha otse, vastuste kanaldamise teel oma K\u00f5rgema Mina kaudu. Sel juhul on heaks abivahendiks TARO, ruunid v\u00f5i pendel &#8211; nii on lihtsam saada\u00a0 ja t\u00f5lgendada enda jaoks vajalikku infot. \u00d5pi m\u00f5istmaTaro keelt &#8211; s\u00fcmbolitesse, piltidesse, numbritesse peidetud juhatust &#8211; valgustumise \u00f5petust!<\/p>\n<p>Kursus sobib h\u00e4sti neile, kes soovivad \u00f5ppida Taro kaarte m\u00f5istma,\u00a0 tunnetama ja lugema, nii algajatele kui ka neile, kes juba \u00fcht-teist teavad, kuid soovivad lihvida oma kaardiladumise- ja lugemisoskust.<\/p>\n<p>TARO kaartidesse on talletatud iidsed vaimsed teadmised kaugest minevikust, neil \u00f5nnestus s\u00e4ilida ja \u00fcle elada ka vahepealsed pimeduseajastud, mil valgustumisalaseid teadmisi\u00a0 massiliselt h\u00e4vitati, t\u00e4nu sellele, et need olid peidetud piltidesse, numbritesse, s\u00fcmbolitesse m\u00e4ngukaartidel. Kuigi, paljud on Taro suhtes v\u00e4ltivad,\u00a0 seostades seda mitte k\u00f5ige k\u00f5rgemate energiatega, isegi pimedusega, kuna t\u00f5esti\u00a0 neid kaarte ei ole alati kasutatud \u00f5igel eesm\u00e4rgil, ei ole hirmuks tegelikult p\u00f5hjust, kui hoiad oma sageduse k\u00f5rge ja taotluse puhta. Taro on\u00a0 suurep\u00e4raseks abiliseks, et paremini saada \u00fchendust\u00a0 iseenda sisemise teadlikkusega, m\u00f5ista seda kuidas arengud toimuvad nii meie endi sees kui ka v\u00e4lises maailmas.\u00a0 \u00a0Suure Arkaani kaardid v\u00e4ljendavad eri olukordi\/elusituatsioone,\u00a0 mida me k\u00f5ik kogeme\u00a0 ja mis esinevad pea iga projekti teostamisel \u2013 so. inimese teekond teadmatusest valgustuse suunas \u2013 v\u00f5i eesm\u00e4rgi tekkimisest selle realiseerumise suunas. Iga kaart s\u00fcmboliseerib mingit konkreetset \u00f5ppetundi v\u00f5i arengustaadiumi, mille inimene l\u00e4bib. Hea on teada, kus parajasti oma teekonnal asud, siis saad teha soovi korral vajalikke muutusi, et kujundada oma elu teadlikult selles suunas, kuhu soovid liikuda.<\/p>\n<p>\u00d5nnistame sisse oma TARO-kaardid, \u00f5pime tegema ennustamisele eelnevat h\u00e4\u00e4lestavat ja kaitsvat rituaali, \u00f5pime m\u00f5istma kaartide t\u00e4hendusi ning teostama lihtsamaid ladumisi. Teoreetilise osa saab iga osaleja eelnevalt endale meilile, mis tuleks kodus l\u00e4bi lugeda ja v\u00e4ljaprindituna kursusele tulles kaasa v\u00f5tta, Taro-kaardid tuleks soetada ise.<\/p>\n<ol>\n<li>Teeme h\u00e4\u00e4lestava sissejuhatava meditatsiooni ja Taro sisse\u00f5nnistamise rituaali<\/li>\n<li>Esimesel kohtumiskorral vaatleme l\u00e4hemalt Suure Arkaani kaarte, annan n\u00e4pun\u00e4iteid nende paremaks tunnetamiseks ja m\u00f5istmiseks, teeme nendega ladumisi, \u00f5pime neid lugema<\/li>\n<li>Vaatleme l\u00e4hemalt V\u00e4ikese Arkaani kaarte, 4 elementi, nende v\u00e4ljakutseid, teemasid, teeme ladumisi nendega endale, \u00f5pime neid t\u00f5lgendama<\/li>\n<li>\u00d5pime erinevaid ladumisi kaardipakiga, kus on kasutusel nii Suure kui V\u00e4ikese Arkaani kaardid segamini.<\/li>\n<\/ol>\n<p><strong>Hind 135 EUR<br \/>\n<\/strong><\/p>\n<p><strong>Teoreetilised materjalid<\/strong>\u00a0 meilile kodus l\u00e4bilugemiseks.<\/p>\n<p>Endal oleks vaja soetada TARO kaardid (soovitavalt Rider Waite)<\/p>\n<p>Vajalik eelregistreerumine ning tagastamatu ettemaksu 75 EUR tasumine Vaimne Maailm O\u00dc pangakontole EE662200221049242077. V\u00e4ike grupp!<\/p>\n<p>Ettemaksu tasudes kinnitad endale koha grupis + saad k\u00e4tte kursuse esimese &#8211; teoreetilise osa. Kursusele mittetulemise korral ettemaksu ei tagastata!<\/p>\n<p>Juhendab Liina Kaumann<\/p>\n","protected":false},"excerpt":{"rendered":"<p>3. ja 17. m\u00e4rtsil \u00a0kell 11-14.00 Tartus Oleme k\u00f5ik v\u00f5imelised saama \u00fchendust K\u00f5rgema teadvusega, alati ei ole aga lihtne seda teha otse, vastuste kanaldamise teel oma K\u00f5rgema Mina kaudu. Sel juhul on heaks abivahendiks TARO, ruunid v\u00f5i pendel &#8211; nii on lihtsam saada\u00a0 ja t\u00f5lgendada enda jaoks vajalikku infot. \u00d5pi m\u00f5istmaTaro keelt &#8211; s\u00fcmbolitesse, piltidesse, &hellip; <\/p>\n<p class=\"link-more\"><a href=\"https:\/\/vaimnemaailm.ee\/www\/taro-voimalus-saada-korgemat-juhatust-ja-oma-elusaatust-kujundada\/\" class=\"more-link\">Loe edasi<span class=\"screen-reader-text\"> &#8220;TARO intensiivkursus&#8221;<\/span><\/a><\/p>\n","protected":false},"author":2,"featured_media":0,"parent":0,"menu_order":0,"comment_status":"closed","ping_status":"closed","template":"","meta":{"footnotes":""},"class_list":["post-158","page","type-page","status-publish","hentry"],"_links":{"self":[{"href":"https:\/\/vaimnemaailm.ee\/www\/wp-json\/wp\/v2\/pages\/158","targetHints":{"allow":["GET"]}}],"collection":[{"href":"https:\/\/vaimnemaailm.ee\/www\/wp-json\/wp\/v2\/pages"}],"about":[{"href":"https:\/\/vaimnemaailm.ee\/www\/wp-json\/wp\/v2\/types\/page"}],"author":[{"embeddable":true,"href":"https:\/\/vaimnemaailm.ee\/www\/wp-json\/wp\/v2\/users\/2"}],"replies":[{"embeddable":true,"href":"https:\/\/vaimnemaailm.ee\/www\/wp-json\/wp\/v2\/comments?post=158"}],"version-history":[{"count":5,"href":"https:\/\/vaimnemaailm.ee\/www\/wp-json\/wp\/v2\/pages\/158\/revisions"}],"predecessor-version":[{"id":3778,"href":"https:\/\/vaimnemaailm.ee\/www\/wp-json\/wp\/v2\/pages\/158\/revisions\/3778"}],"wp:attachment":[{"href":"https:\/\/vaimnemaailm.ee\/www\/wp-json\/wp\/v2\/media?parent=158"}],"curies":[{"name":"wp","href":"https:\/\/api.w.org\/{rel}","templated":true}]}}