{"id":153,"date":"2017-01-01T17:49:30","date_gmt":"2017-01-01T15:49:30","guid":{"rendered":"http:\/\/vaimnemaailm.ee\/www\/?page_id=153"},"modified":"2024-08-06T11:47:11","modified_gmt":"2024-08-06T08:47:11","slug":"pendel-voimalus-saada-korgemat-juhatust-ja-tervendada","status":"publish","type":"page","link":"https:\/\/vaimnemaailm.ee\/www\/pendel-voimalus-saada-korgemat-juhatust-ja-tervendada\/","title":{"rendered":"Pendlikursus"},"content":{"rendered":"\n<p><strong>31. augustil 2024 kell 11-14.00 <\/strong>Tartus<\/p>\n\n\n<div class=\"wp-block-image\">\n<figure class=\"alignleft size-large is-resized\"><img loading=\"lazy\" decoding=\"async\" width=\"1024\" height=\"768\" src=\"https:\/\/vaimnemaailm.ee\/www\/wp-content\/uploads\/2024\/03\/IMG_20240313_145418-1024x768.jpg\" alt=\"\" class=\"wp-image-3463\" style=\"width:423px;height:auto\" srcset=\"https:\/\/vaimnemaailm.ee\/www\/wp-content\/uploads\/2024\/03\/IMG_20240313_145418-1024x768.jpg 1024w, https:\/\/vaimnemaailm.ee\/www\/wp-content\/uploads\/2024\/03\/IMG_20240313_145418-300x225.jpg 300w, https:\/\/vaimnemaailm.ee\/www\/wp-content\/uploads\/2024\/03\/IMG_20240313_145418-768x576.jpg 768w, https:\/\/vaimnemaailm.ee\/www\/wp-content\/uploads\/2024\/03\/IMG_20240313_145418-1536x1152.jpg 1536w, https:\/\/vaimnemaailm.ee\/www\/wp-content\/uploads\/2024\/03\/IMG_20240313_145418-2048x1536.jpg 2048w\" sizes=\"auto, (max-width: 767px) 89vw, (max-width: 1000px) 54vw, (max-width: 1071px) 543px, 580px\" \/><figcaption class=\"wp-element-caption\">Kaitsvate ja info kanaldamist soodustavate ruunim\u00e4rkidega savipendlid (k\u00e4sit\u00f6\u00f6, Liina Kaumann)<\/figcaption><\/figure>\n<\/div>\n\n\n<p><em>Kursusel osaledes \u00f5pid meetodi, kuidas saada egovabu vastuseid, saad teada oma hinge vanuse, k\u00e4esoleva elu \u00f5ppetunnid, \u00fclesanded, \u00f5pid tervendama t\u015bakraid, puhastama ennast v\u00f5\u00f5rast energiast! V\u00e4ike grupp! Kursust on v\u00f5imalik l\u00e4bida ka videokursusena oma kodus endale sobival ajal &#8211; vt. siia: <a class=\"x1i10hfl xjbqb8w x1ejq31n xd10rxx x1sy0etr x17r0tee x972fbf xcfux6l x1qhh985 xm0m39n x9f619 x1ypdohk xt0psk2 xe8uvvx xdj266r x11i5rnm xat24cr x1mh8g0r xexx8yu x4uap5 x18d9i69 xkhd6sd x16tdsg8 x1hl2dhg xggy1nq x1a2a7pz xt0b8zv x1fey0fg\" tabindex=\"0\" role=\"link\" href=\"https:\/\/l.facebook.com\/l.php?u=https%3A%2F%2Fvaimnemaailm.ee%2Fwww%2Fpendli-videokursus%2F%3Ffbclid%3DIwAR37Zn_lITn4iLkLridcXxS1TpV6QeJLVtL_LJVRHrVyXOwVKgNVzFMW1XU&amp;h=AT0fuMSKJnp1zs4ujAPc3cdEidX5dAuDbajbqWNxg9Ohvtv4nWk7PwYTAQHkhLk9H99HEUPd9ARoVxMgEvFDGul0LPxQh6R7AhPczWzqOt31W0P-tigGpQ1f1nHYuN0QJ-SZ7pW94AI-cVnxC9ua&amp;__tn__=q&amp;c[0]=AT3nLZd72fqe2fR_Qeticlvwc5SLgB6m6pUh3cAXF9Z0gOIBDrUVW3ZUNqTTmGu2dTGZXLZunRyL_prShQ5nlitKAvhrNeCaRpJXRP_i2jc0DuBouKKtpglwELl2NO14cclQOD0M99NfW45etU4z09yCM6Ed\" target=\"_blank\" rel=\"nofollow noopener noreferrer\">https:\/\/vaimnemaailm.ee\/www\/pendli-videokursus\/<\/a><\/em><\/p>\n\n\n\n<p>Pendli abil v\u00f5ime saada vastuseid oma alateadvusest, nendele k\u00fcsimustele, mille puhul ratsionaalne l\u00e4henemine ei aita v\u00f5i v\u00f5taks \u00fclem\u00e4\u00e4ra palju aega. Enamuse inimeste k\u00e4es pendel hakkab t\u00f6\u00f6le, kuid ometi on ka neid, kelle puhul see ei t\u00f6\u00f6ta. T\u00f6\u00f6 pendliga on tegelikult t\u00f6\u00f6 intuitsiooniga, seega on pendel ka t\u00f5hus oma intuitsiooni arendamiseks.<\/p>\n\n\n\n<p>Meie maailmas on \u00fcldiselt ikka veel valitsevaks ratsionaalne m\u00f5tlemine \u2013 meil domineerib vasem ajupool (ratsionaalsed, anal\u00fc\u00fctilised, lineaarsed v\u00f5imed), meesenergia. Parem ajupool (naisenergia) valitseb intuitiivset m\u00f5tlemist, seda oleks meil kasulik endas juurde arendada. Pendlit kasutades aktiviseerime oma aju selle osa, mis on v\u00f5imeline toimima vahetult, ilma m\u00f5tteprotsessi vahetalituseta. Nii on v\u00f5imalik saada vastuseid paljudele k\u00fcsimustele. Vastuste saamine pendlilt t\u00e4hendab seda, et oled \u00fchenduses \u00fcldise infov\u00e4ljaga, kus on hologrammi kujul k\u00f5ik sees.<\/p>\n\n\n\n<p><strong>Kursusel teeme:<\/strong><\/p>\n\n\n\n<ol class=\"wp-block-list\">\n<li>oma isikliku pendli sisse\u00f5nnistamine\/programmeerimine<\/li>\n\n\n\n<li>vastuste saamine pendlilt (jaa, ei, v\u00f5ibolla)<\/li>\n\n\n\n<li>t\u00f6\u00f6 pendlikaartidega<\/li>\n\n\n\n<li>meetod, kuidas saada egovabu vastuseid<\/li>\n\n\n\n<li>t\u015bakrate diagnoosimine ja puhastamine<\/li>\n\n\n\n<li>iseenda (ja ka teiste) energiav\u00e4lja puhastamine needustest, negatiivsetest energiatest, piirangutest, vanadest mustritest jms.<\/li>\n\n\n\n<li>karmiliste probleemide, suhete tervendamine<\/li>\n<\/ol>\n\n\n\n<p>Kursuse teoreetilise osa saab iga osaleja meilile kodus l\u00e4bit\u00f6\u00f6tamiseks. Kohapeal keskendume praktilistele harjutustele.<\/p>\n\n\n\n<p>Kohapeal on v\u00f5imalik osta endale kaitsem\u00e4rkidega pendel (10 EUR)<\/p>\n\n\n\n<p><strong>V\u00e4\u00e4rtus: 70 EUR<\/strong>, sisaldab teoreetilist osa, 3-tunnist intensiivset praktikumi v\u00e4ikeses grupis ja videot &#8211; eelh\u00e4\u00e4lestav meditatsioon pendli sisse\u00f5nnistamiseks ja kaitseks!<\/p>\n\n\n\n<p>Vajalik kindlasti eelregistreerumine <a href=\"mailto:liina@vaimnemaailm.ee\">liina@vaimnemaailm.ee<\/a> (grupp on v\u00e4ike), koha kursusel tagab tagastamatu ettemaksu (40 EUR) laekumine Vaimne Maailm O\u00dc pangakontole EE662200221049242077.<\/p>\n\n\n\n<p>Ettemaksu tasudes kinnitad endale koha grupis + saad k\u00e4tte kursuse esimese &#8211; teoreetilise osa. Kursusele mittetulemise korral ettemaksu ei tagastata!<\/p>\n\n\n\n<p>Kursust viib l\u00e4bi Liina Kaumann<\/p>\n","protected":false},"excerpt":{"rendered":"<p>31. augustil 2024 kell 11-14.00 Tartus Kursusel osaledes \u00f5pid meetodi, kuidas saada egovabu vastuseid, saad teada oma hinge vanuse, k\u00e4esoleva elu \u00f5ppetunnid, \u00fclesanded, \u00f5pid tervendama t\u015bakraid, puhastama ennast v\u00f5\u00f5rast energiast! V\u00e4ike grupp! Kursust on v\u00f5imalik l\u00e4bida ka videokursusena oma kodus endale sobival ajal &#8211; vt. siia: https:\/\/vaimnemaailm.ee\/www\/pendli-videokursus\/ Pendli abil v\u00f5ime saada vastuseid oma alateadvusest, nendele &hellip; <\/p>\n<p class=\"link-more\"><a href=\"https:\/\/vaimnemaailm.ee\/www\/pendel-voimalus-saada-korgemat-juhatust-ja-tervendada\/\" class=\"more-link\">Loe edasi<span class=\"screen-reader-text\"> &#8220;Pendlikursus&#8221;<\/span><\/a><\/p>\n","protected":false},"author":2,"featured_media":0,"parent":0,"menu_order":0,"comment_status":"closed","ping_status":"closed","template":"","meta":{"footnotes":""},"class_list":["post-153","page","type-page","status-publish","hentry"],"_links":{"self":[{"href":"https:\/\/vaimnemaailm.ee\/www\/wp-json\/wp\/v2\/pages\/153","targetHints":{"allow":["GET"]}}],"collection":[{"href":"https:\/\/vaimnemaailm.ee\/www\/wp-json\/wp\/v2\/pages"}],"about":[{"href":"https:\/\/vaimnemaailm.ee\/www\/wp-json\/wp\/v2\/types\/page"}],"author":[{"embeddable":true,"href":"https:\/\/vaimnemaailm.ee\/www\/wp-json\/wp\/v2\/users\/2"}],"replies":[{"embeddable":true,"href":"https:\/\/vaimnemaailm.ee\/www\/wp-json\/wp\/v2\/comments?post=153"}],"version-history":[{"count":5,"href":"https:\/\/vaimnemaailm.ee\/www\/wp-json\/wp\/v2\/pages\/153\/revisions"}],"predecessor-version":[{"id":3708,"href":"https:\/\/vaimnemaailm.ee\/www\/wp-json\/wp\/v2\/pages\/153\/revisions\/3708"}],"wp:attachment":[{"href":"https:\/\/vaimnemaailm.ee\/www\/wp-json\/wp\/v2\/media?parent=153"}],"curies":[{"name":"wp","href":"https:\/\/api.w.org\/{rel}","templated":true}]}}