{"id":1513,"date":"2020-04-14T11:18:32","date_gmt":"2020-04-14T08:18:32","guid":{"rendered":"http:\/\/vaimnemaailm.ee\/www\/?page_id=1513"},"modified":"2021-11-15T11:04:36","modified_gmt":"2021-11-15T09:04:36","slug":"e-kursus-puha-suhe-ja-maagiline-seksuaalsus","status":"publish","type":"page","link":"https:\/\/vaimnemaailm.ee\/www\/e-kursus-puha-suhe-ja-maagiline-seksuaalsus\/","title":{"rendered":"E-kursus &#8220;P\u00fcha Suhe ja maagiline seksuaalsus&#8221;"},"content":{"rendered":"\n<div class=\"wp-block-image\"><figure class=\"alignright is-resized\"><img loading=\"lazy\" decoding=\"async\" src=\"http:\/\/vaimnemaailm.ee\/www\/wp-content\/uploads\/2020\/04\/Koosloomine-751x1024.jpg\" alt=\"\" class=\"wp-image-1514\" width=\"302\" height=\"412\" srcset=\"https:\/\/vaimnemaailm.ee\/www\/wp-content\/uploads\/2020\/04\/Koosloomine-751x1024.jpg 751w, https:\/\/vaimnemaailm.ee\/www\/wp-content\/uploads\/2020\/04\/Koosloomine-220x300.jpg 220w, https:\/\/vaimnemaailm.ee\/www\/wp-content\/uploads\/2020\/04\/Koosloomine-768x1047.jpg 768w\" sizes=\"auto, (max-width: 302px) 100vw, 302px\" \/><figcaption>&#8220;Koosloomine&#8221; Liina Kaumann 2019<\/figcaption><\/figure><\/div>\n\n\n\n<p>Kuidas kogeda l\u00e4hisuhtest t\u00f5elist r\u00f5\u00f5mu ja rahulolu? Kuidas teha l\u00e4bi selleks vajalik sisemine nihe? Milline on erinevus 3. dimensiooni ja uue aja l\u00e4hisuhte vahel? Kuidas \u00f5ppida p\u00fcsima k\u00fclluse ja armastuse voolus? Mis on tegelikult armastus, mis klammerdumine? <\/p>\n\n\n\n<p>Kursusel \u00f5pid tegema nihet vanast 3. D l\u00e4hisuhte ja armastuse mustrist 4\/5D l\u00e4hisuhtesse, vabaned egregoride m\u00f5ju alt, mis saadavad meisse arvamusi, vanu mustreid, kinnistunud ideid, hoides meid endiselt kinni madalamas sageduses ega lase saada teadlikuks sellest, kes me tegelikult oleme, mis on meie t\u00f5elised p\u00f5hivajadused ja k\u00e4ia oma teel enda sisemisest tarkusest juhituna. Joondud taas oma p\u00f5hiolemusliku seksuaalse loomusega &#8211; teed nihke tagasi tavaseksilt s\u00fc\u00fctu ja loomuliku seksi juurde \u2013 asud tantristlikule r\u00e4nnakule, \u00f5pid kasutama seksuaalenergiat enda tervendamiseks ja valguskeha laadimiseks. Paljud probleemid, \u00e4revus, viletsus, haigused saavad alguse seksuaalprobleemidest. Kui kaasame seksuaalsusesse teadvustatuse, siis on seksil tervendav vaimne j\u00f5ud, seks selle k\u00f5rgeimas vormis on jumalik element tuues meid kohale k\u00e4esoleva hetke jumalikkusesse, muretusse. Kursus koosneb teoreetilisest osast, \u00fclesannetest, juhitud hingamisharjutustust, visualiseerimisharjutustest ja meditatsioonidest mp3 failidel, mida saad kodus kasutada igap\u00e4evaseks harjutamiseks just endale sobival ajal ja niipalju kui soovid.<\/p>\n\n\n\n<p><strong>1. Teoreetiline osa:&nbsp;<\/strong>P\u00fcha suhe. Sisemise mees- ja naisenergia \u00fchendamine ja \u00fcmberl\u00fclitamine vastandumiselt koost\u00f6\u00f6le, meessoo ja naissoo p\u00f5hihirmude eemaldamine. Sakraalt\u015bakra puhastamine, vanade suhteegregoride, ahelate ja programmeeringute katkestamine, selguse loomine oma tegelike p\u00f5hivajaduste osas. Seksuaalsus uues energias, tantraseksi olemus. Ego lahustamine, 3. t\u015bakra puhastamine, sisemise \u00fcmberl\u00fclituse tegemine.<\/p>\n\n\n\n<p><strong>2.  9 Mp3 faili meditatsioonide, hingamisharjutuste ja visualiseerimisharjutustega.<\/strong><\/p>\n\n\n\n<p><strong>I osa:<\/strong><\/p>\n\n\n\n<ol class=\"wp-block-list\"><li>Meditatsioon \u201eJumaliku meesenergia \u2013 Allika P\u00e4ikeseenergia ja Jumaliku Naisenergia &#8211; Maaema energia \u00fchendamine, sisemise  seksuaalenergia t\u00f5stmine \u00fclemistesse t\u015bakratesse, \u00fche mao hingamistehnika.\u201d (39 min)<\/li><li>Hingamismeditatsioon &#8220;Sisemise valgusringi loomine&#8221; (16 min)<\/li><li>Meditatsioon &#8221; Illusioonidest vabanemine, avarama vaatenurga leidmine, oma suhtealastest p\u00f5hiv\u00e4ljakutsetest teadlikuks saamine ja nendega seotud emotsioonide vabastamine\u201d (42 min)<\/li><li>Meditatsioon \u201e&nbsp;Kontakti loomine iseenda sisemise mees- ja naisenergiaga, nende suhte vaatlemine, p\u00f5hihirmudest, takistustest ja piirangutest teadlikuks saamine, DNA tasandil \u00fcmberprogrammeerimine\u201d (41 min)<\/li><\/ol>\n\n\n\n<p><strong>II osa:<\/strong><\/p>\n\n\n\n<ol class=\"wp-block-list\"><li>Meditatsioon \u201eJumaliku meesenergia \u2013 Allika P\u00e4ikeseenergia ja Jumaliku Naisenergia &#8211; Maaema energia \u00fchendamine, sisemise valgusringi loomine, seksuaalenergia t\u00f5stmine \u00fclemistesse t\u015bakratesse, kahe mao hingamistehnika\u201d (52 min)<\/li><li>Meditatsioon \u201e Mineviku suhetega l\u00f5pu tegemine, vanadest suhteegregoridest vabanemine ja t\u00fchjuse kogemine, k\u00f5igega \u00fcksolekutunde loomine. Uue alguse loomine vastavalt oma t\u00f5elistestele p\u00f5hivajadustele\u201d (43 min)<\/li><li> Iseenda k\u00f5igi osadega tervikuks \u00fchinemine, ego vabastamine (48 min) <\/li><\/ol>\n\n\n\n<p><strong>III osa:<\/strong><\/p>\n\n\n\n<ol class=\"wp-block-list\"><li>Meditatsioon \u201eJumaliku meesenergia \u2013 Allika P\u00e4ikeseenergia ja Jumaliku Naisenergia &#8211; Maaema energia \u00fchendamine, sisemise valgusringi loomine, seksuaalenergia t\u00f5stmine \u00fclemistesse t\u015bakratesse, valguskeha laadimine\u201d (34 min)<\/li><li>Meditatsioon \u201eSisemise mees- ja naisenergia vahel t\u00e4ieliku aktsepteerimise, tingimusteta armastuse, v\u00f5rdse partnerluse ja koost\u00f6\u00f6 loomine 5 D tasandil\u201d (48 min)<\/li><li>Meditatsioon &#8220;Jumaliku mees- ja naisenergiaga samastumine, iseenda Jumaliku Mina seisundisse sisenemine, k\u00f5iges ja k\u00f5igis jumalikkuse n\u00e4gemine, valgusmaailma loomine.&#8221; (55 min)<\/li><\/ol>\n\n\n\n<p>3-osalise E- kursuse hind<strong> 133 EUR<\/strong> <\/p>\n\n\n\n<p>Osalemiseks tasu 133 EUR  Vaimne Maailm O\u00dc pangakontole EE662200221049242077 ja saada meil  <a href=\"mailto:liina@vaimenmaailm.ee\">liina@vaimenmaailm.ee<\/a> oma osalussooviga, seej\u00e4rel saad meilile kursusematerjalid ja isiklikud ligip\u00e4\u00e4sukoodid mp3 failide allalaadimiseks!<\/p>\n\n\n\n<h3 class=\"wp-block-heading\">Interneti\u00f5pe on mugav<\/h3>\n\n\n\n<p>Sa saad ise \u00f5ppida oma arvutist omas tempos just seal, kus ise soovid!<\/p>\n\n\n\n<p>Kursuse koostas ja meditatsioone juhendab Liina Kaumann<\/p>\n","protected":false},"excerpt":{"rendered":"<p>Kuidas kogeda l\u00e4hisuhtest t\u00f5elist r\u00f5\u00f5mu ja rahulolu? Kuidas teha l\u00e4bi selleks vajalik sisemine nihe? Milline on erinevus 3. dimensiooni ja uue aja l\u00e4hisuhte vahel? Kuidas \u00f5ppida p\u00fcsima k\u00fclluse ja armastuse voolus? Mis on tegelikult armastus, mis klammerdumine? Kursusel \u00f5pid tegema nihet vanast 3. D l\u00e4hisuhte ja armastuse mustrist 4\/5D l\u00e4hisuhtesse, vabaned egregoride m\u00f5ju alt, mis &hellip; <\/p>\n<p class=\"link-more\"><a href=\"https:\/\/vaimnemaailm.ee\/www\/e-kursus-puha-suhe-ja-maagiline-seksuaalsus\/\" class=\"more-link\">Loe edasi<span class=\"screen-reader-text\"> &#8220;E-kursus &#8220;P\u00fcha Suhe ja maagiline seksuaalsus&#8221;&#8221;<\/span><\/a><\/p>\n","protected":false},"author":2,"featured_media":0,"parent":0,"menu_order":0,"comment_status":"closed","ping_status":"closed","template":"","meta":{"footnotes":""},"class_list":["post-1513","page","type-page","status-publish","hentry"],"_links":{"self":[{"href":"https:\/\/vaimnemaailm.ee\/www\/wp-json\/wp\/v2\/pages\/1513","targetHints":{"allow":["GET"]}}],"collection":[{"href":"https:\/\/vaimnemaailm.ee\/www\/wp-json\/wp\/v2\/pages"}],"about":[{"href":"https:\/\/vaimnemaailm.ee\/www\/wp-json\/wp\/v2\/types\/page"}],"author":[{"embeddable":true,"href":"https:\/\/vaimnemaailm.ee\/www\/wp-json\/wp\/v2\/users\/2"}],"replies":[{"embeddable":true,"href":"https:\/\/vaimnemaailm.ee\/www\/wp-json\/wp\/v2\/comments?post=1513"}],"version-history":[{"count":5,"href":"https:\/\/vaimnemaailm.ee\/www\/wp-json\/wp\/v2\/pages\/1513\/revisions"}],"predecessor-version":[{"id":2070,"href":"https:\/\/vaimnemaailm.ee\/www\/wp-json\/wp\/v2\/pages\/1513\/revisions\/2070"}],"wp:attachment":[{"href":"https:\/\/vaimnemaailm.ee\/www\/wp-json\/wp\/v2\/media?parent=1513"}],"curies":[{"name":"wp","href":"https:\/\/api.w.org\/{rel}","templated":true}]}}