{"id":1478,"date":"2020-03-29T18:59:43","date_gmt":"2020-03-29T15:59:43","guid":{"rendered":"http:\/\/vaimnemaailm.ee\/www\/?page_id=1478"},"modified":"2022-04-05T12:44:01","modified_gmt":"2022-04-05T09:44:01","slug":"e-kurus-sisemine-nihe-5d-uhtsusmaailma-vana-maailma-hirmumustrist-vabanemine-rakutasandil","status":"publish","type":"page","link":"https:\/\/vaimnemaailm.ee\/www\/e-kurus-sisemine-nihe-5d-uhtsusmaailma-vana-maailma-hirmumustrist-vabanemine-rakutasandil\/","title":{"rendered":"E- kursus &#8220;Sisemine nihe 5D \u00fchtsusmaailma, vana maailma hirmumustrist vabanemine rakutasandil&#8221;"},"content":{"rendered":"\n<div class=\"wp-block-image\"><figure class=\"alignright is-resized\"><img loading=\"lazy\" decoding=\"async\" src=\"http:\/\/vaimnemaailm.ee\/www\/wp-content\/uploads\/2020\/03\/\u00dchtsusesse-1024x772.jpg\" alt=\"\" class=\"wp-image-1459\" width=\"335\" height=\"253\" srcset=\"https:\/\/vaimnemaailm.ee\/www\/wp-content\/uploads\/2020\/03\/\u00dchtsusesse-1024x772.jpg 1024w, https:\/\/vaimnemaailm.ee\/www\/wp-content\/uploads\/2020\/03\/\u00dchtsusesse-300x226.jpg 300w, https:\/\/vaimnemaailm.ee\/www\/wp-content\/uploads\/2020\/03\/\u00dchtsusesse-768x579.jpg 768w\" sizes=\"auto, (max-width: 335px) 100vw, 335px\" \/><figcaption>&#8220;\u00dchtsusesse&#8221; 2020 Liina Kaumann, akr\u00fc\u00fcl l\u00f5uendil 70&#215;50<\/figcaption><\/figure><\/div>\n\n\n\n<p>Praegune keeruline aeg on antud meile iseendaga olemiseks ja puhastumiseks, et valmistuda  uueks alguseks, tehes l\u00e4bi nihke 3D hirmumaailmast 5D valgusmaailma. Intensiivsemat kui kunagi varem, kerkivad \u00fcles vanad hirmud, m\u00e4lestused, arvamused ja piirangud, et saaksime need teadvustada ja vabastada, mitte aga nende t\u00f5ttu veelgi suuremasse eraldatusesse sulguda. Oleme l\u00e4bimas suurt p\u00fchitsusprotsessist, kui teeme selle l\u00e4bi, valime armastuse ja valguse, oleme valmis. Uueks. Paremaks, v\u00e4ekamaks, r\u00f5\u00f5msamaks, helgemaks maailmaks, koosloomiseks.  <\/p>\n\n\n\n<p> Maailmas kujunenud olukord raputab \u00e4rkvele ja pakub valikuv\u00f5imalust, kas j\u00e4\u00e4da vanasse \u2013 valida hirm, paanika ja eraldatus v\u00f5i hoopis armastus, \u00fchtsus ja koost\u00f6\u00f6, mis on tuleviku kudajastu alustalad. <\/p>\n\n\n\n<p>Kollektiivne \u00fcleminek valgusmaailma saab aga toimuda vaid seel\u00e4bi, et iga\u00fches endas toimub esmalt vajalik \u00fcmberl\u00fclitus. Kuidas vabaneda 3D hirmumentaliteedist ja asendada see tingimusteta armastuse, \u00fchtsuse, usalduse ja koost\u00f6\u00f6ga?<\/p>\n\n\n\n<p>E-<strong>kursust saad l\u00e4bida just endale sobival ajal ja see koosneb 2 osast:<\/strong><\/p>\n\n\n\n<p><strong>1. Teoreetiline osa<\/strong><\/p>\n\n\n\n<p><strong>2. 7 juhitud meditatsiooni  mp3 failidena, <\/strong>mis aitavad teha sisemise nihke l\u00e4bi kiirendatud korras, ning mille saad endale allalaadida ja kasutada just niipalju kui soovid<\/p>\n\n\n\n<ul class=\"wp-block-list\"><li> \u00f5pime puhastama ennast t\u00f5husalt veelgi s\u00fcgavamal tasandil,  <\/li><li> \u00f5pime visualiseerimismeetodi, kuidas jooksvalt kiiresti oma sagedust t\u00f5sta, kuidas seda hoida<\/li><li> \u00f5pime tasakaalustama ja liitma iseenda erinevaid osi \u00fcheks tervikuks \u2013 saama terviklikuks <\/li><li> programmeerime ennast rakutasandil \u00fcmber, et see toetaks k\u00f5rgemale tasandile t\u00f5usmist ning r\u00f5\u00f5msa ja kerge elu elamist <\/li><li> \u00f5pime \u00e4ratundma, vaigistama ja transformeerima oma egot,  <\/li><li> \u00f5pime usaldama vaimset maailma ja tegema temaga koost\u00f6\u00f6d j\u00e4rgides jumalikke seadusi <\/li><li>\u00f5pime olema kohal hetkes, tajuma \u00fcksolekut k\u00f5ige olemasolevaga<\/li><\/ul>\n\n\n\n<p><strong>Teoreetiline osa:<\/strong><\/p>\n\n\n\n<ol class=\"wp-block-list\"><li>Dimensioonidest<\/li><li>K\u00f5rgem Mina ja Hing, vikerkaresilla ehitamine<\/li><li>Isikliku tahte koosk\u00f5lastamine K\u00f5rgema tahtega, ego lahustamine<\/li><li>Iseenda erinevate osade tundma\u00f5ppimine ja \u00fchendamine<\/li><li>Alateadvuse korrastamine, vaimse DNA \u00fcmberprogrammeerimine<\/li><li>Vaimse karvu kiirendamine<\/li><li>Kuidas teha midagi teiste ja maailma heaks?<\/li><li> Vaimsed seadused<\/li><li>Illusioonidest vabanemine, tervikpildi n\u00e4gemine, vaimse maailmaga koost\u00f6\u00f6 tegemine<\/li><li>Terviklikkuse loomine<\/li><li>Tasakaal, rahu, oma j\u00f5usse astumine, valgustumine<\/li><li>Kuidas j\u00f5uda \u00fchtsusesse<\/li><li>5 elementi <\/li><\/ol>\n\n\n\n<p><strong>Mp3 failid juhitud meditatsioonidega: <\/strong><\/p>\n\n\n\n<ol class=\"wp-block-list\"><li>\u201eSisemine nihe k\u00f5rgemasse sagedusse, takistustest ja piirangutest vabanemine\u201d <\/li><li>\u201eIseenda k\u00f5igi osadega \u00fchinemine, ego lahustamine\u201d<\/li><li>\u201eRakum\u00e4llu minek, vanade programmide kustutamine, DNA \u00fcmberprogrammeerimine\u201d<\/li><li>&#8220;Alateadvuse korrastamine ja \u00fcmberprogrammeerimine&#8221;<\/li><li> &#8220;Illusioonidest vabanemine, asjade vaatlemine avaramast perspektiivist&#8221; <\/li><li> \u201eArmastuse, tarkuse ja v\u00e4e \u00fchendamine, j\u00f5ustamine\u201d<\/li><li>Kohalolu, k\u00f5ige olemasolevaga \u00fcksolemise ja puhta teadlikkuse tajumine<\/li><\/ol>\n\n\n\n<p>E- kursuse hind <strong>111  EUR <\/strong>(sisaldab 7 ca 45 minutilist juhitud meditatsioonir\u00e4nnakut MP3 failidena, mida saad korduvalt kasutada, 44 lk. teoreetilist osa, pildimaterjali ja \u00fclesandeid)<\/p>\n\n\n\n<p>Kursusel osalemiseks  tasu Vaimne Maailm O\u00dc pangakontole  EE662200221049242077  111 EUR ja saada seej\u00e4rel meil koos maksekorralduse koopiaga liina@vaimnemaailm.ee.<\/p>\n","protected":false},"excerpt":{"rendered":"<p>Praegune keeruline aeg on antud meile iseendaga olemiseks ja puhastumiseks, et valmistuda uueks alguseks, tehes l\u00e4bi nihke 3D hirmumaailmast 5D valgusmaailma. Intensiivsemat kui kunagi varem, kerkivad \u00fcles vanad hirmud, m\u00e4lestused, arvamused ja piirangud, et saaksime need teadvustada ja vabastada, mitte aga nende t\u00f5ttu veelgi suuremasse eraldatusesse sulguda. Oleme l\u00e4bimas suurt p\u00fchitsusprotsessist, kui teeme selle l\u00e4bi, &hellip; <\/p>\n<p class=\"link-more\"><a href=\"https:\/\/vaimnemaailm.ee\/www\/e-kurus-sisemine-nihe-5d-uhtsusmaailma-vana-maailma-hirmumustrist-vabanemine-rakutasandil\/\" class=\"more-link\">Loe edasi<span class=\"screen-reader-text\"> &#8220;E- kursus &#8220;Sisemine nihe 5D \u00fchtsusmaailma, vana maailma hirmumustrist vabanemine rakutasandil&#8221;&#8221;<\/span><\/a><\/p>\n","protected":false},"author":2,"featured_media":0,"parent":0,"menu_order":0,"comment_status":"closed","ping_status":"closed","template":"","meta":{"footnotes":""},"class_list":["post-1478","page","type-page","status-publish","hentry"],"_links":{"self":[{"href":"https:\/\/vaimnemaailm.ee\/www\/wp-json\/wp\/v2\/pages\/1478","targetHints":{"allow":["GET"]}}],"collection":[{"href":"https:\/\/vaimnemaailm.ee\/www\/wp-json\/wp\/v2\/pages"}],"about":[{"href":"https:\/\/vaimnemaailm.ee\/www\/wp-json\/wp\/v2\/types\/page"}],"author":[{"embeddable":true,"href":"https:\/\/vaimnemaailm.ee\/www\/wp-json\/wp\/v2\/users\/2"}],"replies":[{"embeddable":true,"href":"https:\/\/vaimnemaailm.ee\/www\/wp-json\/wp\/v2\/comments?post=1478"}],"version-history":[{"count":5,"href":"https:\/\/vaimnemaailm.ee\/www\/wp-json\/wp\/v2\/pages\/1478\/revisions"}],"predecessor-version":[{"id":2282,"href":"https:\/\/vaimnemaailm.ee\/www\/wp-json\/wp\/v2\/pages\/1478\/revisions\/2282"}],"wp:attachment":[{"href":"https:\/\/vaimnemaailm.ee\/www\/wp-json\/wp\/v2\/media?parent=1478"}],"curies":[{"name":"wp","href":"https:\/\/api.w.org\/{rel}","templated":true}]}}