{"id":146,"date":"2017-01-01T17:37:32","date_gmt":"2017-01-01T15:37:32","guid":{"rendered":"http:\/\/vaimnemaailm.ee\/www\/?page_id=146"},"modified":"2025-06-19T12:46:58","modified_gmt":"2025-06-19T09:46:58","slug":"meditatsioonikursused-grupis-ja-individuaalselt","status":"publish","type":"page","link":"https:\/\/vaimnemaailm.ee\/www\/meditatsioonikursused-grupis-ja-individuaalselt\/","title":{"rendered":"Meditatsioonikursused grupis ja individuaalselt"},"content":{"rendered":"\n<h2 class=\"wp-block-heading\">Individuaalne meditatsioonikursus \u2013 1 h 55 EUR, 1,5 h 65 EUR<\/h2>\n\n\n\n<p>Paljud, kes sooviksid alustada mediteerimisega kurdavad, et on v\u00e4ga raske niisama vaikselt istuda, ilma, et pea ketraks pidevalt argiprobleeme. Sel juhul on kergem alustada <u>juhitud meditatsioonidega<\/u>, kuna m\u00f5tted ei l\u00e4he siis nii kergesti uitama. Sellel kursusel teeme koos l\u00e4bi 2 juhitud meditatsiooni (teemad kliendi valikul), kodus harjutamiseks on v\u00f5imalik osta lisatasu eest kaasa mp3 faile minu poolt peale loetud juhitud meditatsioonidega. Tavaliselt on vaja teha 2-5 individuaalset kohtumist, et tekkiks v\u00f5ime iseseisvalt mediteerida.<\/p>\n\n\n\n<p>Juhitud meditatsiooni abil saab tervendada vanu allasurutud emotsioone, vabastada j\u00e4iku m\u00f5ttemustreid, oma aja \u00e4raelanud olukordi, v\u00f5ime korrigeerida oma karmat, tervendada suhteid, avastada oma elu\u00fclesannet, k\u00fclastada minevikku, oma eelmisi elusid ja teha seal korrektuure, aga ka k\u00e4ia tulevikus, teistes dimensioonides, suhelda inglite ja k\u00f5rgete valgusolenditega, oma juhendajatega, saada neilt juhtn\u00f6\u00f6re ja l\u00f5puks saame selliste r\u00e4nnakute k\u00e4igus ka luua endale visualiseerimise abil selline tegelikkus nagu soovime, teha oma unistused teoks.<\/p>\n\n\n\n<p>Valida saab erinevate meditatsiooniteemade vahel:<\/p>\n\n\n\n<ol class=\"wp-block-list\">\n<li>Aka\u015bi kroonikate lugemine ja \u00fcmberprogrammeerimine<\/li>\n\n\n\n<li>Alateadvuse korrastamine ja \u00fcmbrprogrammeerimine<\/li>\n\n\n\n<li>Vanadest mustritest vabanemine ja vaimse DNA \u00fcmberprogrammeerimine<\/li>\n\n\n\n<li>Sisemine nihe k\u00f5rgemasse sagedusse<\/li>\n\n\n\n<li>Tervikuks \u00fchinemine, iseeenda kaotsilinud osade \u00fchendamine<\/li>\n\n\n\n<li>Enesev\u00e4\u00e4rtustamine<\/li>\n\n\n\n<li>Minevikumustritest vabanemine, ema- ja isaliini puhastamine, suguv\u00f5sa karma vabastamine.<\/li>\n\n\n\n<li>Sisemise perekonna tervendamine<\/li>\n\n\n\n<li>Emotsioonikeha tervendamine<\/li>\n\n\n\n<li>Suhete tervendamine<\/li>\n\n\n\n<li>Inglitega suhtlemine<\/li>\n\n\n\n<li>Iseenda eri isiksuseosade tasakaalustamine<\/li>\n\n\n\n<li>T\u015bakrate tervendamine<\/li>\n\n\n\n<li>4 elemendi tasakaalustamine<\/li>\n\n\n\n<li>Piirangutest ja takistustest vabanemine<\/li>\n\n\n\n<li>Eelmiste elude tervendamine ja alateadvuse \u00fcmberprogrammeerimine<\/li>\n\n\n\n<li>Elu\u00fclesande avastamine<\/li>\n\n\n\n<li>Meelep\u00e4rase reaalsuse loomine<\/li>\n\n\n\n<li>Karma t\u00fchistamine<\/li>\n\n\n\n<li>Vanadest vannetest, kokkulepetest, needustest ja t\u00f5otustest vabastamine<\/li>\n\n\n\n<li>Kaksikleegteemalised meditatsioonid<\/li>\n\n\n\n<li>K\u00fcllusteadvuse aktiveerimine<\/li>\n\n\n\n<li>Kuldajastu loomine<\/li>\n<\/ol>\n\n\n\n<h2 class=\"wp-block-heading\">Meditatsioonikursused grupis:<\/h2>\n\n\n\n<p>Loe praegu kavas olevate kursuse kohta siit: <a href=\"http:\/\/vaimnemaailm.ee\/www\/kursuste-ajakava\/\">http:\/\/vaimnemaailm.ee\/www\/kursuste-ajakava\/<\/a><\/p>\n\n\n\n<p><\/p>\n","protected":false},"excerpt":{"rendered":"<p>Individuaalne meditatsioonikursus \u2013 1 h 55 EUR, 1,5 h 65 EUR Paljud, kes sooviksid alustada mediteerimisega kurdavad, et on v\u00e4ga raske niisama vaikselt istuda, ilma, et pea ketraks pidevalt argiprobleeme. Sel juhul on kergem alustada juhitud meditatsioonidega, kuna m\u00f5tted ei l\u00e4he siis nii kergesti uitama. Sellel kursusel teeme koos l\u00e4bi 2 juhitud meditatsiooni (teemad kliendi &hellip; <\/p>\n<p class=\"link-more\"><a href=\"https:\/\/vaimnemaailm.ee\/www\/meditatsioonikursused-grupis-ja-individuaalselt\/\" class=\"more-link\">Loe edasi<span class=\"screen-reader-text\"> &#8220;Meditatsioonikursused grupis ja individuaalselt&#8221;<\/span><\/a><\/p>\n","protected":false},"author":2,"featured_media":0,"parent":0,"menu_order":0,"comment_status":"closed","ping_status":"closed","template":"","meta":{"footnotes":""},"class_list":["post-146","page","type-page","status-publish","hentry"],"_links":{"self":[{"href":"https:\/\/vaimnemaailm.ee\/www\/wp-json\/wp\/v2\/pages\/146","targetHints":{"allow":["GET"]}}],"collection":[{"href":"https:\/\/vaimnemaailm.ee\/www\/wp-json\/wp\/v2\/pages"}],"about":[{"href":"https:\/\/vaimnemaailm.ee\/www\/wp-json\/wp\/v2\/types\/page"}],"author":[{"embeddable":true,"href":"https:\/\/vaimnemaailm.ee\/www\/wp-json\/wp\/v2\/users\/2"}],"replies":[{"embeddable":true,"href":"https:\/\/vaimnemaailm.ee\/www\/wp-json\/wp\/v2\/comments?post=146"}],"version-history":[{"count":5,"href":"https:\/\/vaimnemaailm.ee\/www\/wp-json\/wp\/v2\/pages\/146\/revisions"}],"predecessor-version":[{"id":4086,"href":"https:\/\/vaimnemaailm.ee\/www\/wp-json\/wp\/v2\/pages\/146\/revisions\/4086"}],"wp:attachment":[{"href":"https:\/\/vaimnemaailm.ee\/www\/wp-json\/wp\/v2\/media?parent=146"}],"curies":[{"name":"wp","href":"https:\/\/api.w.org\/{rel}","templated":true}]}}