{"id":1425,"date":"2020-03-04T12:17:04","date_gmt":"2020-03-04T10:17:04","guid":{"rendered":"http:\/\/vaimnemaailm.ee\/www\/?page_id=1425"},"modified":"2025-08-18T08:47:31","modified_gmt":"2025-08-18T05:47:31","slug":"kanaldamine-endale-vajaliku-juhatuse-ja-vastuste-saamine-otse-korgemast-allikast","status":"publish","type":"page","link":"https:\/\/vaimnemaailm.ee\/www\/kanaldamine-endale-vajaliku-juhatuse-ja-vastuste-saamine-otse-korgemast-allikast\/","title":{"rendered":"Kanaldamine oma K\u00f5rgema Mina l\u00e4bi otse ja abivahendiga"},"content":{"rendered":"\n<p><strong>4.10 kell 11-17.30<\/strong> Tartus kohapeal v\u00e4ikeses grupis v\u00f5i <strong><a href=\"https:\/\/vaimnemaailm.ee\/www\/e-kursus-kanaldamine-endale-vajaliku-info-ja-juhatuse-saamine-otse-korgemast-allikast\/\">E-kursusena!<\/a><\/strong> <\/p>\n\n\n<div class=\"wp-block-image\">\n<figure class=\"alignright size-large is-resized\"><img loading=\"lazy\" decoding=\"async\" width=\"809\" height=\"1024\" src=\"https:\/\/vaimnemaailm.ee\/www\/wp-content\/uploads\/2025\/08\/IMG_20250817_162053-809x1024.jpg\" alt=\"\" class=\"wp-image-4161\" style=\"width:323px;height:auto\" srcset=\"https:\/\/vaimnemaailm.ee\/www\/wp-content\/uploads\/2025\/08\/IMG_20250817_162053-809x1024.jpg 809w, https:\/\/vaimnemaailm.ee\/www\/wp-content\/uploads\/2025\/08\/IMG_20250817_162053-237x300.jpg 237w, https:\/\/vaimnemaailm.ee\/www\/wp-content\/uploads\/2025\/08\/IMG_20250817_162053-768x972.jpg 768w, https:\/\/vaimnemaailm.ee\/www\/wp-content\/uploads\/2025\/08\/IMG_20250817_162053-1214x1536.jpg 1214w, https:\/\/vaimnemaailm.ee\/www\/wp-content\/uploads\/2025\/08\/IMG_20250817_162053-1619x2048.jpg 1619w, https:\/\/vaimnemaailm.ee\/www\/wp-content\/uploads\/2025\/08\/IMG_20250817_162053-scaled.jpg 2023w\" sizes=\"auto, (max-width: 767px) 89vw, (max-width: 1000px) 54vw, (max-width: 1071px) 543px, 580px\" \/><\/figure>\n<\/div>\n\n\n<p>K\u00f5igil meil on k\u00e4ia siin maapeal oma unikaalne hingetee, oma \u00fclesanne. Kui alles otsime iseenast ja oma teed, kogume endasse erinevaid teadmisi, teooriad, k\u00e4sitlusviise, katsetame eri praktikaid,  kuulame eri \u00f5petusi ja siis juhtub \u00fchel hetkel, et oleme oma teadvuse nii \u00fclekuhjanud, et ei suuda enam eristada. Millist \u00f5petust on k\u00f5ige \u00f5igem j\u00e4rgida, mida uskuda? Selles \u00fclekoormatuses tekib selguse asemel segadus, mis aina kasvab. Me otsime veel rohkem juhatust v\u00e4ljastpoolt, kuhjame juurde veel suurema hunniku v\u00e4liste \u00f5petajate arvamusi, ja kuuleme \u00fcha v\u00e4hem omaenda k\u00f5rgema mina sisemist juhatust. <\/p>\n\n\n\n<p>Selleks, et k\u00e4ia omaenda teed, teha just seda, mis on sinu jaoks \u00f5ige, just endalesobival parimal viisil, on h\u00e4davajalik \u00fchel hetkel \u00f5ppida usaldama  iseennast, vaid seda infot, mis tuleb sinu enda l\u00e4bi, sinu enda otse\u00fchendusest puhta teadlikkusega, mitte aga l\u00e4bi kellegi teise filtri. Et selleni j\u00f5uda, on vaja alguses t\u00fchendada oma teadvus, oma s\u00fcda k\u00f5igist segajatest &#8211; heita k\u00f5rvale uskumused, arvamused, \u00f5petused, dogmad, loogline anal\u00fc\u00fcs, ootused, kahtlused, hirmud.  Kanaldamine \u00f5nnestub seda paremini, mida t\u00fchjem ja vabam on sinu meel. <\/p>\n\n\n\n<p>Kursusel \u00f5pid t\u00f5stma oma teadvustasandit, et luua ise \u00fchendus puhta teadlikkusega ja saada sealt vastuseid oma k\u00fcsimustele, \u00f5pid kanadama ka abivahendiga. \u00d5pid ka saadud infot t\u00f5lgendama ja kasutama. Kuna kanaldame l\u00e4bi omaenda K\u00f5rgema Mina \/Jumaliku Mina, siis on see meetod ohutu!<\/p>\n\n\n\n<p><strong>Teoreetiline osa<\/strong> meilile iseseisvaks l\u00e4bit\u00f6\u00f6tamiseks enne praktikumi!<\/p>\n\n\n\n<p>4. oktoobril Tartus <strong>prakikum:<\/strong><\/p>\n\n\n\n<p>Meditatasioon \u201eHinge ja Vaimuga \u00fchinemine. Jumaliku Mina seisundisse minek\u201d<br>Kanaldamine iseendale, grupiga kanaldamine, teisele kanaldamine<br>L\u00f5unapaus 14-15.30<br>15.30 -Kanaldamine abivahendiga (TARO, kanaldatud s\u00f5numid, &#8220;k\u00fcsi maailmalt&#8221; meetod)<\/p>\n\n\n\n<p><strong>Kursuse v\u00e4\u00e4rtus 110 EUR<\/strong>, hinna sees ka mp3 failil 3 juhtud meditatsiooni &#8220;Ettevalmistus kanaldamiseks &#8211; Kanadamiseks sobiva tasandi leidmine ja kanaldamiskristalli programmeerimine&#8221;, &#8220;Jumaliku Mina seisundisse minek&#8221; ja &#8220;Kiirmeetod kanaldamiseks&#8221;, mille saad endale allaadida ja korduvalt kasutada!<\/p>\n\n\n\n<p>Vajalik eelregistreerumine ning tagastamatu ettemaksu 70 EUR tasumine Vaimne Maailm O\u00dc pangakontole EE662200221049242077. V\u00e4ike grupp!<\/p>\n\n\n\n<p>Ettemaksu tasudes kinnitad endale koha grupis + saad k\u00e4tte kursuse esimese \u2013 teoreetilise osa. Kursusele mittetulemise korral ettemaksu ei tagastata, kuid on v\u00f5imalik l\u00e4bida kursus iseseisvalt mp3 failide ja video abil !<\/p>\n\n\n\n<p>Juhendab Liina Kaumann<\/p>\n","protected":false},"excerpt":{"rendered":"<p>4.10 kell 11-17.30 Tartus kohapeal v\u00e4ikeses grupis v\u00f5i E-kursusena! K\u00f5igil meil on k\u00e4ia siin maapeal oma unikaalne hingetee, oma \u00fclesanne. Kui alles otsime iseenast ja oma teed, kogume endasse erinevaid teadmisi, teooriad, k\u00e4sitlusviise, katsetame eri praktikaid, kuulame eri \u00f5petusi ja siis juhtub \u00fchel hetkel, et oleme oma teadvuse nii \u00fclekuhjanud, et ei suuda enam eristada. &hellip; <\/p>\n<p class=\"link-more\"><a href=\"https:\/\/vaimnemaailm.ee\/www\/kanaldamine-endale-vajaliku-juhatuse-ja-vastuste-saamine-otse-korgemast-allikast\/\" class=\"more-link\">Loe edasi<span class=\"screen-reader-text\"> &#8220;Kanaldamine oma K\u00f5rgema Mina l\u00e4bi otse ja abivahendiga&#8221;<\/span><\/a><\/p>\n","protected":false},"author":2,"featured_media":0,"parent":0,"menu_order":0,"comment_status":"closed","ping_status":"closed","template":"","meta":{"footnotes":""},"class_list":["post-1425","page","type-page","status-publish","hentry"],"_links":{"self":[{"href":"https:\/\/vaimnemaailm.ee\/www\/wp-json\/wp\/v2\/pages\/1425","targetHints":{"allow":["GET"]}}],"collection":[{"href":"https:\/\/vaimnemaailm.ee\/www\/wp-json\/wp\/v2\/pages"}],"about":[{"href":"https:\/\/vaimnemaailm.ee\/www\/wp-json\/wp\/v2\/types\/page"}],"author":[{"embeddable":true,"href":"https:\/\/vaimnemaailm.ee\/www\/wp-json\/wp\/v2\/users\/2"}],"replies":[{"embeddable":true,"href":"https:\/\/vaimnemaailm.ee\/www\/wp-json\/wp\/v2\/comments?post=1425"}],"version-history":[{"count":5,"href":"https:\/\/vaimnemaailm.ee\/www\/wp-json\/wp\/v2\/pages\/1425\/revisions"}],"predecessor-version":[{"id":4183,"href":"https:\/\/vaimnemaailm.ee\/www\/wp-json\/wp\/v2\/pages\/1425\/revisions\/4183"}],"wp:attachment":[{"href":"https:\/\/vaimnemaailm.ee\/www\/wp-json\/wp\/v2\/media?parent=1425"}],"curies":[{"name":"wp","href":"https:\/\/api.w.org\/{rel}","templated":true}]}}