{"id":1325,"date":"2019-12-16T13:10:04","date_gmt":"2019-12-16T11:10:04","guid":{"rendered":"http:\/\/vaimnemaailm.ee\/www\/?page_id=1325"},"modified":"2024-08-06T11:40:39","modified_gmt":"2024-08-06T08:40:39","slug":"akasi-kroonikate-lugemine-ja-umberkirjutamine","status":"publish","type":"page","link":"https:\/\/vaimnemaailm.ee\/www\/akasi-kroonikate-lugemine-ja-umberkirjutamine\/","title":{"rendered":"Aka\u015bi kroonikate lugemine &#8211; elu \u00fclesanded, v\u00e4ljakutsed"},"content":{"rendered":"<div class=\"wp-block-image\">\n<figure class=\"alignright is-resized\"><img loading=\"lazy\" decoding=\"async\" width=\"300\" height=\"157\" src=\"http:\/\/vaimnemaailm.ee\/www\/wp-content\/uploads\/2019\/12\/eluraamat-300x157.jpeg\" alt=\"\" class=\"wp-image-1326\" style=\"width:380px;height:auto\" srcset=\"https:\/\/vaimnemaailm.ee\/www\/wp-content\/uploads\/2019\/12\/eluraamat-300x157.jpeg 300w, https:\/\/vaimnemaailm.ee\/www\/wp-content\/uploads\/2019\/12\/eluraamat-768x401.jpeg 768w, https:\/\/vaimnemaailm.ee\/www\/wp-content\/uploads\/2019\/12\/eluraamat-1024x535.jpeg 1024w, https:\/\/vaimnemaailm.ee\/www\/wp-content\/uploads\/2019\/12\/eluraamat.jpeg 1200w\" sizes=\"auto, (max-width: 300px) 100vw, 300px\" \/><\/figure>\n<\/div>\n\n\n<p><strong>24.08. kell 11-13.30<\/strong> Tartus kohapeal v\u00e4ikeses grupis v\u00f5i &nbsp;<a href=\"https:\/\/vaimnemaailm.ee\/www\/e-kursus-akasi-kroonikate-lugemine-ja-umberkirjutamine\/\">E-kursusena<\/a>!<\/p>\n\n\n\n<p class=\"has-text-align-left\"><em>Aka\u015bi kroonikad <\/em>on vibreeriv infov\u00e4li, kus peitub igavikuline informatsioon absoluutselt k\u00f5ige kohta &#8211; nii meie isiklike elude, karma, vaimse kasvu ja elueesm\u00e4rkide kohta kui ka laiemalt Universumi toimimise kohta. Neis peituv info v\u00f5ib aidata meil m\u00f5ista miks asjad elus juhtuvad just nii nagu juhtuvad, kuidas muuta oma elu \u00f5nnelikumaks, saavutada k\u00f5ike seda, mida t\u00f5eliselt soovid, kuidas tervendada ennast ja oma elu, suhteid, rahaasju jne. Muutes oma minevikukroonikaid, muudame oma olevikku ja tulevikku. <\/p>\n\n\n\n<p>Kroonikad vibreerivad k\u00f5ikjal meie \u00fcmber, isegi meie sees, igas hinges, rakus, igavikulises meeles ja neid v\u00f5ib avada igal ajal. Ka suured avastused, enesev\u00e4ljendus, looming, kunst s\u00fcnnivad \u00fchendusest selle v\u00f5imsa infov\u00e4ljaga (puhta teadlikkusega), vaja on vaid avada ennast Aka\u015bi kroonikates peituvae suurele tarkusele. Me salvestame igal hetkel oma kroonikaid, kas siis teadlikult v\u00f5i vaikimisi, \u00f5ppides oma m\u00f5tteid, tegusid, kavatsusi teadlikult salvestama, koosk\u00f5lastad ja lood uued Tuleviku Kroonikad ja t\u00f5stad oma elu t\u00f5elist kvaliteeti. Aka\u015bi kroonikaid v\u00f5ib nimetada ka sinu hinge kaardiks, sest need n\u00e4itavad t\u00e4pselt, kust sa tuled, kus asub praegu ja kuhu oled teel. Vaadates oma eelmiste elude salvestisi, \u00f5ppetunde, m\u00f5istad paremini mida teha k\u00e4esolevas hetkes, et luua r\u00f5\u00f5msam ja k\u00fclluslikum tulevik.<\/p>\n\n\n\n<p>Kursusel loome juhitud meditatsiooni abil \u00fchenduse Aka\u015bi kroonikate infov\u00e4ljaga, loeme oma eluraamatust oma \u00f5ppetundide, v\u00e4ljakutsete, elu\u00fclesannete  kohta.  V\u00f5imalik l\u00e4bida ka <a href=\"https:\/\/vaimnemaailm.ee\/www\/e-kursus-akasi-kroonikate-lugemine-ja-umberkirjutamine\/\">E-kursusena: <\/a><\/p>\n\n\n\n<p><strong>Teoreetiline osa <\/strong>eelnevalt l\u00e4bilugemiseks meilile: Aka\u015bi kroonikad. Elu\u00fclesanne. N\u00e4pun\u00e4iteid ja juhtn\u00f6\u00f6rid, mis aitavad m\u00f5ista oma selle elu v\u00e4ljakutseid ja \u00fclesandeid. <\/p>\n\n\n\n<p><strong>V\u00e4\u00e4rtus  70 EUR<\/strong>, sisaldab teoreetilist osa, praktikumi kohapeal v\u00e4ikeses grupis ja mp3-failil juhitud meditatsiooni &#8220;Aka\u015bi kroonikate lugemine &#8211; elu\u00fclesanne&#8221;, mille saad endale allalaadida ja korduvalt ka edaspidi kasutada!<\/p>\n\n\n\n<p>Vajalik eelregistreerumine ning tagastamatu ettemaksu 40 EUR tasumine Vaimne Maailm O\u00dc pangakontole EE662200221049242077. <strong>V\u00e4ike grupp!<\/strong>  Ettemaksu tasudes kinnitad endale koha grupis + saad k\u00e4tte kursuse esimese \u2013 teoreetilise osa. Kursusele mittetulemise korral ettemaksu ei tagastata!<\/p>\n\n\n\n<p>Juhendab Liina Kaumann\n\n<\/p>\n","protected":false},"excerpt":{"rendered":"<p>24.08. kell 11-13.30 Tartus kohapeal v\u00e4ikeses grupis v\u00f5i &nbsp;E-kursusena! Aka\u015bi kroonikad on vibreeriv infov\u00e4li, kus peitub igavikuline informatsioon absoluutselt k\u00f5ige kohta &#8211; nii meie isiklike elude, karma, vaimse kasvu ja elueesm\u00e4rkide kohta kui ka laiemalt Universumi toimimise kohta. Neis peituv info v\u00f5ib aidata meil m\u00f5ista miks asjad elus juhtuvad just nii nagu juhtuvad, kuidas muuta &hellip; <\/p>\n<p class=\"link-more\"><a href=\"https:\/\/vaimnemaailm.ee\/www\/akasi-kroonikate-lugemine-ja-umberkirjutamine\/\" class=\"more-link\">Loe edasi<span class=\"screen-reader-text\"> &#8220;Aka\u015bi kroonikate lugemine &#8211; elu \u00fclesanded, v\u00e4ljakutsed&#8221;<\/span><\/a><\/p>\n","protected":false},"author":2,"featured_media":0,"parent":0,"menu_order":0,"comment_status":"closed","ping_status":"closed","template":"","meta":{"footnotes":""},"class_list":["post-1325","page","type-page","status-publish","hentry"],"_links":{"self":[{"href":"https:\/\/vaimnemaailm.ee\/www\/wp-json\/wp\/v2\/pages\/1325","targetHints":{"allow":["GET"]}}],"collection":[{"href":"https:\/\/vaimnemaailm.ee\/www\/wp-json\/wp\/v2\/pages"}],"about":[{"href":"https:\/\/vaimnemaailm.ee\/www\/wp-json\/wp\/v2\/types\/page"}],"author":[{"embeddable":true,"href":"https:\/\/vaimnemaailm.ee\/www\/wp-json\/wp\/v2\/users\/2"}],"replies":[{"embeddable":true,"href":"https:\/\/vaimnemaailm.ee\/www\/wp-json\/wp\/v2\/comments?post=1325"}],"version-history":[{"count":5,"href":"https:\/\/vaimnemaailm.ee\/www\/wp-json\/wp\/v2\/pages\/1325\/revisions"}],"predecessor-version":[{"id":3704,"href":"https:\/\/vaimnemaailm.ee\/www\/wp-json\/wp\/v2\/pages\/1325\/revisions\/3704"}],"wp:attachment":[{"href":"https:\/\/vaimnemaailm.ee\/www\/wp-json\/wp\/v2\/media?parent=1325"}],"curies":[{"name":"wp","href":"https:\/\/api.w.org\/{rel}","templated":true}]}}