{"id":1263,"date":"2019-10-22T14:53:35","date_gmt":"2019-10-22T11:53:35","guid":{"rendered":"http:\/\/vaimnemaailm.ee\/www\/?page_id=1263"},"modified":"2023-02-20T10:24:55","modified_gmt":"2023-02-20T08:24:55","slug":"teadlik-unenagemine","status":"publish","type":"page","link":"https:\/\/vaimnemaailm.ee\/www\/teadlik-unenagemine\/","title":{"rendered":"Teadlik unen\u00e4gemine"},"content":{"rendered":"<div class=\"wp-block-image\">\n<figure class=\"alignright\"><img loading=\"lazy\" decoding=\"async\" width=\"300\" height=\"217\" src=\"http:\/\/vaimnemaailm.ee\/www\/wp-content\/uploads\/2019\/10\/Edasi-300x217.jpg\" alt=\"\" class=\"wp-image-1264\"\/><\/figure>\n<\/div>\n\n\n<p><strong>5.03, 19.03 ja 2.04 kell 11-14.00 <\/strong>Tartus <\/p>\n\n\n\n<p>Kuidas saada aktiivseks ja teadlikuks unen\u00e4gijaks, \u00f5ppida oma unen\u00e4gudes p\u00fcsima, neid m\u00f5istma, seletama ja nende abil ennast ja oma elu tervendama?<\/p>\n\n\n\n<p>Unen\u00e4od viivad meid kontakti meie endi sees peituva s\u00fcgava vaimse allikaga, l\u00e4bi nende saame k\u00f5rgemat juhatust, saame r\u00e4nnata eri reaalsustesse, kogeda palju huvitavat aga ka leida vastuseid, lahendusi olulistele k\u00fcsimustele, tervendada ennast ja erinevaid olukordi elus. <\/p>\n\n\n\n<p><strong>Kursus sisaldab: <\/strong><\/p>\n\n\n\n<ul class=\"wp-block-list\">\n<li>teoreetiline osa ja kodused harjutused meilile (teadlik unen\u00e4gemine, kuidas unesid meelde j\u00e4tta, t\u00f5lgendada, anal\u00fc\u00fcsida, kuidas taassiseneda unen\u00e4kku ja seda tervendada, unen\u00e4omina tervendamine, ko\u015bmaarsed unen\u00e4od, \u015bamanistlik unen\u00e4gemine)<\/li>\n\n\n\n<li>kohapeal &#8211;  juhitud meditatsioonid, unen\u00e4gude jagamine, nende arutelu ja lahtim\u00f5testamine, unen\u00e4kku taassisenemine ja tervendamine,  alateadvuse korrastamine,  \u00fcliteadvuse, tavateaduse ja alateadvuse \u00fchendamine.<\/li>\n<\/ul>\n\n\n\n<p><strong>Hind 155 EUR<\/strong><\/p>\n\n\n\n<p>Vajalik eelregistreerumine ning tagastamatu ettemaksu 70 EUR  tasumine Vaimne Maailm O\u00dc pangakontole EE662200221049242077. V\u00e4ike grupp!<\/p>\n\n\n\n<p>Ettemaksu tasudes kinnitad endale koha grupis + saad k\u00e4tte kursuse esimese \u2013teoreetilise osa. Kursusele mittetulemise korral ettemaksu ei tagastata!<\/p>\n\n\n\n<p>Juhendab Liina Kaumann<\/p>\n","protected":false},"excerpt":{"rendered":"<p>5.03, 19.03 ja 2.04 kell 11-14.00 Tartus Kuidas saada aktiivseks ja teadlikuks unen\u00e4gijaks, \u00f5ppida oma unen\u00e4gudes p\u00fcsima, neid m\u00f5istma, seletama ja nende abil ennast ja oma elu tervendama? Unen\u00e4od viivad meid kontakti meie endi sees peituva s\u00fcgava vaimse allikaga, l\u00e4bi nende saame k\u00f5rgemat juhatust, saame r\u00e4nnata eri reaalsustesse, kogeda palju huvitavat aga ka leida vastuseid, &hellip; <\/p>\n<p class=\"link-more\"><a href=\"https:\/\/vaimnemaailm.ee\/www\/teadlik-unenagemine\/\" class=\"more-link\">Loe edasi<span class=\"screen-reader-text\"> &#8220;Teadlik unen\u00e4gemine&#8221;<\/span><\/a><\/p>\n","protected":false},"author":2,"featured_media":0,"parent":0,"menu_order":0,"comment_status":"closed","ping_status":"closed","template":"","meta":{"footnotes":""},"class_list":["post-1263","page","type-page","status-publish","hentry"],"_links":{"self":[{"href":"https:\/\/vaimnemaailm.ee\/www\/wp-json\/wp\/v2\/pages\/1263","targetHints":{"allow":["GET"]}}],"collection":[{"href":"https:\/\/vaimnemaailm.ee\/www\/wp-json\/wp\/v2\/pages"}],"about":[{"href":"https:\/\/vaimnemaailm.ee\/www\/wp-json\/wp\/v2\/types\/page"}],"author":[{"embeddable":true,"href":"https:\/\/vaimnemaailm.ee\/www\/wp-json\/wp\/v2\/users\/2"}],"replies":[{"embeddable":true,"href":"https:\/\/vaimnemaailm.ee\/www\/wp-json\/wp\/v2\/comments?post=1263"}],"version-history":[{"count":5,"href":"https:\/\/vaimnemaailm.ee\/www\/wp-json\/wp\/v2\/pages\/1263\/revisions"}],"predecessor-version":[{"id":2847,"href":"https:\/\/vaimnemaailm.ee\/www\/wp-json\/wp\/v2\/pages\/1263\/revisions\/2847"}],"wp:attachment":[{"href":"https:\/\/vaimnemaailm.ee\/www\/wp-json\/wp\/v2\/media?parent=1263"}],"curies":[{"name":"wp","href":"https:\/\/api.w.org\/{rel}","templated":true}]}}