{"id":121,"date":"2017-01-01T16:32:42","date_gmt":"2017-01-01T14:32:42","guid":{"rendered":"http:\/\/vaimnemaailm.ee\/www\/?page_id=121"},"modified":"2017-01-01T16:34:15","modified_gmt":"2017-01-01T14:34:15","slug":"mis-on-elu-eesmark","status":"publish","type":"page","link":"https:\/\/vaimnemaailm.ee\/www\/mis-on-elu-eesmark\/","title":{"rendered":"Mis on elu eesm\u00e4rk?"},"content":{"rendered":"<p><img loading=\"lazy\" decoding=\"async\" class=\"size-full wp-image-122 alignleft\" src=\"http:\/\/vaimnemaailm.ee\/www\/wp-content\/uploads\/2017\/01\/vaim1-v\u00e4ike.jpg\" alt=\"\" width=\"283\" height=\"387\" srcset=\"https:\/\/vaimnemaailm.ee\/www\/wp-content\/uploads\/2017\/01\/vaim1-v\u00e4ike.jpg 283w, https:\/\/vaimnemaailm.ee\/www\/wp-content\/uploads\/2017\/01\/vaim1-v\u00e4ike-219x300.jpg 219w\" sizes=\"auto, (max-width: 283px) 100vw, 283px\" \/>K\u00f5ik, kes \u00e4rkavad ja alustavad eneseavastamise teekonda, k\u00fcsivad \u00fchel hetkel selle k\u00fcsimuse, tundes, et peab olema veel midagi enamat lisaks v\u00e4lisest maailmast rahulduse otsimisele, elluj\u00e4\u00e4misele. On olemas v\u00e4ga lai valik vaimsesisulisi raamatuid ja k\u00f5ikv\u00f5imalikke eneseabitehnikaid ja see on v\u00e4ga hea, kuna k\u00f5ik inimesed on erinevad ja vajavad erinevaid praktikaid. Mida enam iseennast tundma \u00f5pid, seda kergemini taipad, mis on \u00f5ige just sinu jaoks. On v\u00e4ga oluline v\u00f5tta omaks ainult see osa infost, mis sinus t\u00f5esti \u201ekaasa heliseb\u201d. Sel viisil, kuulates alati omaenda s\u00fcdant, on vaimne teekond kergem, loomulikum, r\u00f5\u00f5msam. K\u00f5ik \u00f5pivad, arenevad, avanevad ja iga\u00fchel on selleks v\u00f5imalik valida just talle sobiv tee.<\/p>\n<p>Paljud uue aja raamatud k\u00e4sitlevad loomise lugu, igas kultuuris on oma loomisem\u00fc\u00fct, paljus on need sarnased. Me oleme vaimsed olendid, kes kehastuvad, et kogeda elu f\u00fc\u00fcsilises reaalsuses. Toon siinkohal \u00e4ra Diana Cooper\u00b4i raamatus \u201d\u00dclest\u00f5usmise valguses\u201d toodud loomise k\u00e4sitluse:<\/p>\n<p align=\"justify\"><em>Looja<\/em> on k\u00f5iketeadev, k\u00f5ikv\u00f5imas, k\u00f5ikjalolev, puhas Valgus ja Armastus. Looja (Allikas, Jumal) l\u00f5i 12 universumit ja saatis v\u00e4lja osakesi iseendast, miljardeid valguses\u00e4demekesi e. <em>monaade <\/em>k\u00f5ikide universumite k\u00f5ikidesse dimensioonidesse, et kogeda oma loomingut ja seda tundma \u00f5ppida. Jumaliku plaani kohaselt pidid need osakesed seej\u00e4rel saadud kogemustega Jumalikku Algallikasse tagasip\u00f6\u00f6rduma. Ka monaadidel oli vaja \u00fclesande teostamiseks kogemusi juurde saada, iga\u00fcks saatis neist enesest v\u00e4lja <em>12 hinge e. K\u00f5rgemat Mina<\/em>. Hinged madaldasid oma v\u00f5nkesagedust veelgi, saates enesest omakorda v\u00e4lja <em>12 hingefragmenti e. Isiksust<\/em>, mis kujutavad endast meie f\u00fc\u00fcsilist vormi. M\u00f5ned hinged pidid laskuma Maale, selles universumis asuvasse vaba tahte tsooni, et kogeda f\u00fc\u00fcsilist reaalsust. M\u00f5ni 12-st hingeperekonna liikmest v\u00f5ib olla Maal, m\u00f5ni Saturnil, teine Veenusel, m\u00f5ni Plejaadidel, m\u00f5ni v\u00f5ib puhata hingetasandil v\u00f5i olla kahe inkarnatsiooni vahelises olekus, aga k\u00f5ik 12 on omavahel tihedalt seotud. Praegu v\u00f5ib Maal viibida mitu \u00fche hingeperekonna liiget ka samaaegselt, varem ei olnud see v\u00f5imalik. Maale kehastumisega kaasnes p\u00e4ritolu unustamine, paljud saabusid siia ja j\u00e4id \u00fcha enam ja enam ainesse kinni, m\u00f5ned inkarneerusid tuhandeid kordi, et vabaneda pimedusest.<\/p>\n<p align=\"justify\">Me oleme k\u00f5ik Loojast v\u00e4lja voolanud, tema osakesed, lapsed ja \u00fchtlasi ka tema ise. Maale kehastudes me aga unustasime oma jumaliku p\u00e4ritolu, j\u00e4ime uskuma, et olemegi vaid f\u00fc\u00fcsiline vorm, meeled ja emotsioonid. Uskumine oma piiratusse tekitas eraldatusetunde ja arusaamise, et Jumal on meist v\u00e4ljaspoolt. Meie \u00fclesanne on aga j\u00e4lle vabaneda piirangulisest m\u00f5tlemisest ja saada uuesti teadlikuks oma tegelikust jumalikust olemusest, oma <em>K\u00f5rgemast Minast ja Mina Olen Kohalolekust (monaadist).<\/em> \u00dchenduse loomine oma K\u00f5rgema Mina ja Mina Olen Kohalolekuga v\u00f5imaldab meil t\u00e4ituda jumalikkusest ja elada oma elusid suuremas harmoonias, r\u00f5\u00f5mus, t\u00f5elises rahulolus. K\u00f5rgem Mina ja Mina Olen Kohalolek ei sekku meie asjadesse seni, kuni me ise hakkame neist teadlikuks saamisele p\u00fc\u00fcdlema. Me ise peame v\u00f5tma vastu otsuse taas\u00fchineda oma sisemise Jumalaga, kes r\u00e4\u00e4gib meiega tavaliselt intuitsiooni ja tunnete keeles. Mina Olen Kohalolekuga sulandumine toimub p\u00e4rast K\u00f5rgema Minaga sulandumist ja toob kaasa t\u00e4ieliku enesest teadlikuks saamise &#8211; valgustumise.<\/p>\n<p align=\"justify\">K\u00f5ik on alati arenemises. Kord oli inimkond vormitu loov energia. Selle v\u00e4ljendus muutus \u201etahkeks\u201d ja n\u00fc\u00fcd hakkame saama teadlikuks oma piiritust olemusest, meid \u00fclalpidavast energiast ja oma loomuomasest loomisv\u00f5imest. Me loome m\u00f5tte abil. See, mida me loome, s\u00f5ltub m\u00f5tte puhtusest, m\u00f5ttega seotud teadvusest. Elamise k\u00e4igus me \u00f5pime, saame rohkem teadlikuks oma K\u00f5rgemast Minast ja Mina Olen Kohalolekust ja meist saavad selles elum\u00e4ngus kaasloojad. Oma K\u00f5rgema Minaga sulandudes kutsume endasse oma Mina Olen Kohaloleku- monaadi, jumaliku s\u00e4deme. Sulandades oma teadvuse Mina Olen Kohalolekuga, muutume uuesti loomises, sest me ei tunne enam eraldatust, vaid ainult \u00fcksolekut. (Jasmuheen. \u201eVaimne resonants\u201d p\u00f5hjal)<\/p>\n","protected":false},"excerpt":{"rendered":"<p>K\u00f5ik, kes \u00e4rkavad ja alustavad eneseavastamise teekonda, k\u00fcsivad \u00fchel hetkel selle k\u00fcsimuse, tundes, et peab olema veel midagi enamat lisaks v\u00e4lisest maailmast rahulduse otsimisele, elluj\u00e4\u00e4misele. On olemas v\u00e4ga lai valik vaimsesisulisi raamatuid ja k\u00f5ikv\u00f5imalikke eneseabitehnikaid ja see on v\u00e4ga hea, kuna k\u00f5ik inimesed on erinevad ja vajavad erinevaid praktikaid. Mida enam iseennast tundma \u00f5pid, seda &hellip; <\/p>\n<p class=\"link-more\"><a href=\"https:\/\/vaimnemaailm.ee\/www\/mis-on-elu-eesmark\/\" class=\"more-link\">Loe edasi<span class=\"screen-reader-text\"> &#8220;Mis on elu eesm\u00e4rk?&#8221;<\/span><\/a><\/p>\n","protected":false},"author":2,"featured_media":0,"parent":0,"menu_order":0,"comment_status":"closed","ping_status":"closed","template":"","meta":{"footnotes":""},"class_list":["post-121","page","type-page","status-publish","hentry"],"_links":{"self":[{"href":"https:\/\/vaimnemaailm.ee\/www\/wp-json\/wp\/v2\/pages\/121","targetHints":{"allow":["GET"]}}],"collection":[{"href":"https:\/\/vaimnemaailm.ee\/www\/wp-json\/wp\/v2\/pages"}],"about":[{"href":"https:\/\/vaimnemaailm.ee\/www\/wp-json\/wp\/v2\/types\/page"}],"author":[{"embeddable":true,"href":"https:\/\/vaimnemaailm.ee\/www\/wp-json\/wp\/v2\/users\/2"}],"replies":[{"embeddable":true,"href":"https:\/\/vaimnemaailm.ee\/www\/wp-json\/wp\/v2\/comments?post=121"}],"version-history":[{"count":3,"href":"https:\/\/vaimnemaailm.ee\/www\/wp-json\/wp\/v2\/pages\/121\/revisions"}],"predecessor-version":[{"id":126,"href":"https:\/\/vaimnemaailm.ee\/www\/wp-json\/wp\/v2\/pages\/121\/revisions\/126"}],"wp:attachment":[{"href":"https:\/\/vaimnemaailm.ee\/www\/wp-json\/wp\/v2\/media?parent=121"}],"curies":[{"name":"wp","href":"https:\/\/api.w.org\/{rel}","templated":true}]}}