{"id":1184,"date":"2019-08-11T19:39:54","date_gmt":"2019-08-11T16:39:54","guid":{"rendered":"http:\/\/vaimnemaailm.ee\/www\/?page_id=1184"},"modified":"2020-04-10T14:11:17","modified_gmt":"2020-04-10T11:11:17","slug":"puha-suhe-ja-maagiline-seksuaalsus","status":"publish","type":"page","link":"https:\/\/vaimnemaailm.ee\/www\/puha-suhe-ja-maagiline-seksuaalsus\/","title":{"rendered":"P\u00fcha Suhe ja maagiline seksuaalsus"},"content":{"rendered":"<p align=\"left\"><span style=\"font-size: large;\"><span style=\"font-size: medium;\"><strong>\u00a01.02, 29.02 ja 28.03 kell 18-21.00<\/strong>\u00a0Tallinnas\u00a0 Pesas,\u00a0<img loading=\"lazy\" decoding=\"async\" class=\"alignright wp-image-1185 size-medium\" src=\"http:\/\/vaimnemaailm.ee\/www\/wp-content\/uploads\/2019\/08\/\u00dchinemine-208x300.jpg\" alt=\"\" width=\"208\" height=\"300\" srcset=\"https:\/\/vaimnemaailm.ee\/www\/wp-content\/uploads\/2019\/08\/\u00dchinemine-208x300.jpg 208w, https:\/\/vaimnemaailm.ee\/www\/wp-content\/uploads\/2019\/08\/\u00dchinemine-768x1109.jpg 768w, https:\/\/vaimnemaailm.ee\/www\/wp-content\/uploads\/2019\/08\/\u00dchinemine-709x1024.jpg 709w, https:\/\/vaimnemaailm.ee\/www\/wp-content\/uploads\/2019\/08\/\u00dchinemine.jpg 1395w\" sizes=\"auto, (max-width: 208px) 100vw, 208px\" \/><\/span><\/span><\/p>\n<p align=\"left\"><span style=\"font-size: large;\"><span style=\"font-size: medium;\"><b>8.02, 22.02 ja 14.03<\/b>.\u00a0 <strong>kell 11.30-14.30<\/strong> Tartus Teaduspargi 7-202.\u00a0<\/span><\/span><span style=\"font-size: medium;\"><span style=\"font-size: large;\"><strong><span style=\"color: #ff0000;\">UUS!\u00a0\u00a0<\/span><\/strong><\/span><\/span><\/p>\n<p align=\"left\"><span style=\"font-size: medium;\">Kuidas kogeda l\u00e4hisuhtest t\u00f5elist r\u00f5\u00f5mu ja rahulolu? Kuidas teha l\u00e4bi selleks vajalik sisemine nihe? Milline on erinevus 3. dimensiooni ja uue aja l\u00e4hisuhte vahel? Kuidas \u00f5ppida p\u00fcsima k\u00fclluse ja armastuse voolus? <\/span><span style=\"font-size: medium;\">Mis on tegelikult armastus, mis klammerdumine? <\/span><\/p>\n<p><span style=\"font-size: medium;\">K<\/span>ursusel \u00f5pime tegema nihet vanast 3. dimensiooni l\u00e4hisuhte ja armastuse mustrist 4. dimensiooni l\u00e4hisuhtesse, vabaneme egregoride m\u00f5ju alt, mis <span style=\"color: #1d2129;\"><span style=\"font-family: Liberation Serif, serif;\"><span style=\"font-size: medium;\">saadavad meisse arvamusi, vanu mustreid, kinnistunud ideid, <\/span><\/span><\/span><span style=\"color: #1d2129;\"><span style=\"font-family: Liberation Serif, serif;\"><span style=\"font-size: medium;\">hoides<\/span><\/span><\/span><span style=\"color: #1d2129;\"><span style=\"font-family: Liberation Serif, serif;\"><span style=\"font-size: medium;\"> meid endiselt kinni madalamas sageduses <\/span><\/span><\/span><span style=\"color: #1d2129;\"><span style=\"font-family: Liberation Serif, serif;\"><span style=\"font-size: medium;\">ega lase saada teadlikuks sellest, kes me tegelikult oleme, mis on meie t\u00f5elised p\u00f5hivajadused ja k\u00e4ia oma teel enda sisemisest tarkusest juhituna. Joondume taas oma p\u00f5hiolemusliku seksuaalse loomusega &#8211; teeme nihke tagasi tavaseksilt s\u00fc\u00fctu ja loomuliku seksi juurde \u2013 asume <\/span><\/span><\/span>tantristlikule r\u00e4nnakule, \u00f5pime kasutama seksuaalenergiat enda tervendamiseks ja valguskeha laadimiseks. <span style=\"font-size: medium;\">Paljud probleemid, \u00e4revus, viletsus, haigused saavad alguse seksuaalprobleemidest. Kui kaasame seksuaalsusesse teadvustatuse, siis on seksil tervendav vaimne j\u00f5ud, <\/span><span style=\"font-size: medium;\">s<\/span><span style=\"font-size: medium;\">eks selle k\u00f5rgeimas vormis on jumalik element <\/span><span style=\"font-size: medium;\">tuues meid kohale<\/span><span style=\"font-size: medium;\"> k\u00e4esoleva hetke jumalikkusesse, <\/span><span style=\"font-size: medium;\">muretusse. Kursusel t<\/span>eeme hingamisharjutusi, visualiseerimisharjutusi, meditatsioone.<\/p>\n<p><b>1. Teoreetiline osa kodus l\u00e4bilugemiseks meilile:\u00a0<\/b>P\u00fcha suhe. Sisemise mees- ja naisenergia \u00fchendamine ja \u00fcmberl\u00fclitamine vastandumiselt koost\u00f6\u00f6le, meessoo ja naissoo p\u00f5hihirmude eemldamine. Sakraalt\u015bakra puhastamine, vanade suhteegregoride, ahelate ja programmeeringute katkestamine, selguse loomine oma tegelike p\u00f5hivajaduste osas. Seksuaalsus uues energias, tantraseksi olemus. Ego lahustamine, 3. t\u015bakra puhastamine, sisemise \u00fcmberl\u00fclituse tegemine.<\/p>\n<p><b>2. Kohapeal teeme juhitud meditatsioone, hingamisharjutusi, visualiseerimisharjutusi.<\/b><\/p>\n<p><b>I osa:<\/b><\/p>\n<p>Meditatsioon \u201eJumaliku meesenergia \u2013 Allika P\u00e4ikeseenergia ja Jumaliku Naisenergia &#8211; Maaema energia \u00fchendamine, sisemise valgusringi loomine, seksuaalenergia t\u00f5stmine \u00fclemistesse t\u015bakratesse\u201d<\/p>\n<p>Meditatsioon &#8221; Illusioonidest vabanemine, avarama vaatenurga leidmine, oma suhtealastest p\u00f5hiv\u00e4ljakutsetest teadlikuks saamine ja nendega seotud emotsioonide vabastamine\u201d<\/p>\n<p>Meditatsioon \u201e\u00a0Kontakti loomine iseenda sisemise mees- ja naisenergiaga, nende suhte vaatlemine, p\u00f5hihirmudest, takistustest ja piirangutest teadlikuks saamine, DNA tasandil \u00fcmberprogrammeerimine\u201d<\/p>\n<p><b>II osa:<\/b><\/p>\n<p>Meditatsioon \u201eJumaliku meesenergia \u2013 Allika P\u00e4ikeseenergia ja Jumaliku Naisenergia &#8211; Maaema energia \u00fchendamine, sisemise valgusringi loomine, seksuaalenergia t\u00f5stmine \u00fclemistesse t\u015bakratesse\u201d<\/p>\n<p>Meditatsioon \u201e Mineviku suhetega l\u00f5pu tegemine, vanadest suhteegregoridest vabanemine ja t\u00fchjuse kogemine, k\u00f5igega \u00fcksolekutunde loomine. Uue alguse loomine vastavalt oma t\u00f5elistestele p\u00f5hivajadustele\u201d<\/p>\n<p><strong>III osa:<\/strong><\/p>\n<p>Meditatsioon \u201eJumaliku meesenergia \u2013 Allika P\u00e4ikeseenergia ja Jumaliku Naisenergia &#8211; Maaema energia \u00fchendamine, sisemise valgusringi loomine, seksuaalenergia t\u00f5stmine \u00fclemistesse t\u015bakratesse\u201d<\/p>\n<p>Meditatsioon \u201eSisemise mees- ja naisenergia vahel t\u00e4ieliku aktsepteerimise, tingimusteta armastuse, v\u00f5rdse partnerluse ja koost\u00f6\u00f6 loomine 4. dimensiooni tasandil\u201d<\/p>\n<p>Meditatsioon &#8220;\u00dchenduses olemine k\u00f5ige olemasolevaga, armastuse ja k\u00fclluse voolus olemine, k\u00f5iges ja k\u00f5igis jumalikkuse n\u00e4gemine.<\/p>\n<p>3-osalise kursuse hind <b>120<\/b><b> <\/b><b>EUR, <\/b>tasudes ettemaksuga <strong>1<\/strong><strong>6. jaanuariks<\/strong> 50 EUR ja \u00fclej\u00e4\u00e4nud 70 EUR esimesel kokkusaamisel. Hiljem tasudes kogu 3-osalise kursuse hind <b>135\u00a0<\/b><b>EUR<\/b>, iga kord eraldi tasudes <b>50<\/b><b> EUR kord<\/b><\/p>\n<p>Vajalik kindlasti eelregistreerumine <a href=\"mailto:liina@vaimenmaailm.ee\">liina@vaimenmaailm.ee<\/a> ja tagastamatu ettemaksu 50 EUR tasumine Vaimne Maailm O\u00dc pangakontole EE662200221049242077, mis on eelduseks teoreetilise osa k\u00e4ttesaamisel!<\/p>\n<p>Juhendab Liina Kaumann<\/p>\n","protected":false},"excerpt":{"rendered":"<p>\u00a01.02, 29.02 ja 28.03 kell 18-21.00\u00a0Tallinnas\u00a0 Pesas,\u00a0 8.02, 22.02 ja 14.03.\u00a0 kell 11.30-14.30 Tartus Teaduspargi 7-202.\u00a0UUS!\u00a0\u00a0 Kuidas kogeda l\u00e4hisuhtest t\u00f5elist r\u00f5\u00f5mu ja rahulolu? Kuidas teha l\u00e4bi selleks vajalik sisemine nihe? Milline on erinevus 3. dimensiooni ja uue aja l\u00e4hisuhte vahel? Kuidas \u00f5ppida p\u00fcsima k\u00fclluse ja armastuse voolus? Mis on tegelikult armastus, mis klammerdumine? Kursusel \u00f5pime &hellip; <\/p>\n<p class=\"link-more\"><a href=\"https:\/\/vaimnemaailm.ee\/www\/puha-suhe-ja-maagiline-seksuaalsus\/\" class=\"more-link\">Loe edasi<span class=\"screen-reader-text\"> &#8220;P\u00fcha Suhe ja maagiline seksuaalsus&#8221;<\/span><\/a><\/p>\n","protected":false},"author":2,"featured_media":0,"parent":0,"menu_order":0,"comment_status":"closed","ping_status":"closed","template":"","meta":{"footnotes":""},"class_list":["post-1184","page","type-page","status-publish","hentry"],"_links":{"self":[{"href":"https:\/\/vaimnemaailm.ee\/www\/wp-json\/wp\/v2\/pages\/1184","targetHints":{"allow":["GET"]}}],"collection":[{"href":"https:\/\/vaimnemaailm.ee\/www\/wp-json\/wp\/v2\/pages"}],"about":[{"href":"https:\/\/vaimnemaailm.ee\/www\/wp-json\/wp\/v2\/types\/page"}],"author":[{"embeddable":true,"href":"https:\/\/vaimnemaailm.ee\/www\/wp-json\/wp\/v2\/users\/2"}],"replies":[{"embeddable":true,"href":"https:\/\/vaimnemaailm.ee\/www\/wp-json\/wp\/v2\/comments?post=1184"}],"version-history":[{"count":5,"href":"https:\/\/vaimnemaailm.ee\/www\/wp-json\/wp\/v2\/pages\/1184\/revisions"}],"predecessor-version":[{"id":1515,"href":"https:\/\/vaimnemaailm.ee\/www\/wp-json\/wp\/v2\/pages\/1184\/revisions\/1515"}],"wp:attachment":[{"href":"https:\/\/vaimnemaailm.ee\/www\/wp-json\/wp\/v2\/media?parent=1184"}],"curies":[{"name":"wp","href":"https:\/\/api.w.org\/{rel}","templated":true}]}}