{"id":1141,"date":"2019-04-24T09:35:59","date_gmt":"2019-04-24T06:35:59","guid":{"rendered":"http:\/\/vaimnemaailm.ee\/www\/?page_id=1141"},"modified":"2020-02-06T10:27:07","modified_gmt":"2020-02-06T08:27:07","slug":"vanadest-mustritest-vabanemine-rakutasandil-dna-umberprogrammeerimine","status":"publish","type":"page","link":"https:\/\/vaimnemaailm.ee\/www\/vanadest-mustritest-vabanemine-rakutasandil-dna-umberprogrammeerimine\/","title":{"rendered":"Vanadest mustritest vabanemine rakutasandil, DNA \u00fcmberprogrammeerimine"},"content":{"rendered":"<p><strong>29. veebruaril\u00a0 kell 14.45-16.15<\/strong>\u00a0Tallinnas Pesas <img loading=\"lazy\" decoding=\"async\" class=\"alignright wp-image-1148 size-medium\" src=\"http:\/\/vaimnemaailm.ee\/www\/wp-content\/uploads\/2019\/04\/Vabadusse-246x300.jpg\" alt=\"\" width=\"246\" height=\"300\" srcset=\"https:\/\/vaimnemaailm.ee\/www\/wp-content\/uploads\/2019\/04\/Vabadusse-246x300.jpg 246w, https:\/\/vaimnemaailm.ee\/www\/wp-content\/uploads\/2019\/04\/Vabadusse-768x935.jpg 768w, https:\/\/vaimnemaailm.ee\/www\/wp-content\/uploads\/2019\/04\/Vabadusse-841x1024.jpg 841w, https:\/\/vaimnemaailm.ee\/www\/wp-content\/uploads\/2019\/04\/Vabadusse.jpg 1655w\" sizes=\"auto, (max-width: 246px) 100vw, 246px\" \/><strong><span style=\"color: #ff0000;\">UUS!<\/span><br \/>\n<\/strong><\/p>\n<p class=\"western\">Praegusel ajal on meie p\u00f5hiline \u00fclesanne viia t\u00e4ielikult l\u00f5pule iseenda\u00a0 t\u00e4ielik puhastumine karmast, vanadest mustritest, piirangutest, t\u00f5ekspidamistest, mis veel on alles j\u00e4\u00e4nud, sest oleme l\u00f5petamas \u00fcleminekuperioodi 3. dimensiooni sagedusest 4. dimensiooni sagedusse ning sealt edasi paralleelselt juba ka 5. dimensiooni sagedusse. \u00c4sja alanud Valge Metallroti aastaga algas t\u00e4iesti uus 12-aastane Hiina loomaastate ts\u00fckkel ja \u00fchtlasi ka uus ajastu. Praegu on viimane aeg lahtiste otste kokkus\u00f5lmimiseks ja uueks alguseks\/tasandivahetuseks, selleks on vaja \u00f5ppida teadlikult t\u00f5stma oma sagedust, keskenduma oma s\u00fcdamele ja iseenda jumalikule olemusele \u2013 Allikaminale.<\/p>\n<p><strong>Et seda \u00fclimalt olulist sisemist nihet edukalt l\u00e4bi teha, on v\u00e4ga t\u00e4htis:<\/strong><\/p>\n<ul>\n<li>lasta lahti k\u00f5ik oma senised veendumised ja uskumused selle kohta, kuidas asjad olid, on v\u00f5i olema peaksid, sest elu muutub niiv\u00f5rd p\u00f5hjalikult, et vanade arusaamade baasilt pole enam v\u00f5imalik toimida.<\/li>\n<li>\u00f5ppida olema voolus, kohal hetkes siin ja praegu ning m\u00e4rkama neid v\u00f5imalusi, mida k\u00e4esolev hetk peidab, sest ainult siin selles imelises hetkes asub meie j\u00f5upunkt.<\/li>\n<li>l\u00f5petada senine \u201epingutuste ja vaevan\u00e4gemise\u201d teel edasir\u00fchkimine, ise k\u00f5igi asjade kontrollimine ja suunamine ning asendada see hoopis usaldusega ja koost\u00f6\u00f6 tegemisega vaimse maailmaga. Kui suudame end viia t\u00e4ieliku usalduse seisundisse (mitte hirmuseguse ebakindla usalduse seisundisse), siis universum vastab ja hakkab ise meie eest hoolitsema ning elu l\u00e4heb iseenesest r\u00f5\u00f5mu ja kerguse radadele.<\/li>\n<li>\u00f5ppida m\u00e4rkama ja aktsepteerima oma madalamat olemust ja transformeerima pimedus enda sees \u2013 ego, sest ego ei taha loovutada oma seniseid positsioone ilma vastupanuta. Kui \u00f5pime omaks v\u00f5tma endas k\u00f5ike, nii head kui halba, kasutama k\u00f5iki endas peituvaid energiad, mitte osasid allasuruma, saame terviklikuks ja hakkame elama harmoonilist elu. Ja me peame elama oma elu j\u00e4rgides universumis toimivaid vaimseid seadusi.<\/li>\n<\/ul>\n<p class=\"western\"><strong>Kursus koosneb 2 osast:<\/strong><\/p>\n<p class=\"western\"><strong>1. Teoreetiline osa kodus l\u00e4bilugemiseks meilile <\/strong><\/p>\n<p class=\"western\"><strong>2. Kohapeal teeme juhitud meditatsiooni:<\/strong><\/p>\n<ul>\n<li class=\"western\"><b>\u00a0\u201eTervikuks \u00fchinemiseks, takistuste ja piirangute tuvastamiseks ja nende tervendamiseks, <\/b><b>Rakum\u00e4llu minekuks, vanade programmide kustutamiseks DNA tasandil\u201d<\/b><\/li>\n<\/ul>\n<p class=\"western\"><b>Palvekiri vanade programmide kustutamiseks<\/b><\/p>\n<p class=\"western\">Kursuse hind<b> 3<\/b><b>0 EUR<br \/>\n<\/b><\/p>\n<p>Vajalik kindlasti eelregistreerumine <a href=\"mailto:liina@vaimenmaailm.ee\">liina@vaimnemaailm.ee<\/a> ja tagastamatu ettemaksu 20 EUR tasumine Vaimne Maailm O\u00dc pangakontole EE662200221049242077, mis on eelduseks teoreetilise osa k\u00e4ttesaamisel!<\/p>\n","protected":false},"excerpt":{"rendered":"<p>29. veebruaril\u00a0 kell 14.45-16.15\u00a0Tallinnas Pesas UUS! Praegusel ajal on meie p\u00f5hiline \u00fclesanne viia t\u00e4ielikult l\u00f5pule iseenda\u00a0 t\u00e4ielik puhastumine karmast, vanadest mustritest, piirangutest, t\u00f5ekspidamistest, mis veel on alles j\u00e4\u00e4nud, sest oleme l\u00f5petamas \u00fcleminekuperioodi 3. dimensiooni sagedusest 4. dimensiooni sagedusse ning sealt edasi paralleelselt juba ka 5. dimensiooni sagedusse. \u00c4sja alanud Valge Metallroti aastaga algas t\u00e4iesti uus &hellip; <\/p>\n<p class=\"link-more\"><a href=\"https:\/\/vaimnemaailm.ee\/www\/vanadest-mustritest-vabanemine-rakutasandil-dna-umberprogrammeerimine\/\" class=\"more-link\">Loe edasi<span class=\"screen-reader-text\"> &#8220;Vanadest mustritest vabanemine rakutasandil, DNA \u00fcmberprogrammeerimine&#8221;<\/span><\/a><\/p>\n","protected":false},"author":2,"featured_media":0,"parent":0,"menu_order":0,"comment_status":"closed","ping_status":"closed","template":"","meta":{"footnotes":""},"class_list":["post-1141","page","type-page","status-publish","hentry"],"_links":{"self":[{"href":"https:\/\/vaimnemaailm.ee\/www\/wp-json\/wp\/v2\/pages\/1141","targetHints":{"allow":["GET"]}}],"collection":[{"href":"https:\/\/vaimnemaailm.ee\/www\/wp-json\/wp\/v2\/pages"}],"about":[{"href":"https:\/\/vaimnemaailm.ee\/www\/wp-json\/wp\/v2\/types\/page"}],"author":[{"embeddable":true,"href":"https:\/\/vaimnemaailm.ee\/www\/wp-json\/wp\/v2\/users\/2"}],"replies":[{"embeddable":true,"href":"https:\/\/vaimnemaailm.ee\/www\/wp-json\/wp\/v2\/comments?post=1141"}],"version-history":[{"count":5,"href":"https:\/\/vaimnemaailm.ee\/www\/wp-json\/wp\/v2\/pages\/1141\/revisions"}],"predecessor-version":[{"id":1393,"href":"https:\/\/vaimnemaailm.ee\/www\/wp-json\/wp\/v2\/pages\/1141\/revisions\/1393"}],"wp:attachment":[{"href":"https:\/\/vaimnemaailm.ee\/www\/wp-json\/wp\/v2\/media?parent=1141"}],"curies":[{"name":"wp","href":"https:\/\/api.w.org\/{rel}","templated":true}]}}