{"id":112,"date":"2017-01-01T16:15:44","date_gmt":"2017-01-01T14:15:44","guid":{"rendered":"http:\/\/vaimnemaailm.ee\/www\/?page_id=112"},"modified":"2025-12-19T10:41:57","modified_gmt":"2025-12-19T08:41:57","slug":"reiki-individuaalkursus","status":"publish","type":"page","link":"https:\/\/vaimnemaailm.ee\/www\/reiki-individuaalkursus\/","title":{"rendered":"Reiki individuaalkursus"},"content":{"rendered":"<div class=\"wp-block-image\">\n<figure class=\"alignright\"><img loading=\"lazy\" decoding=\"async\" width=\"343\" height=\"477\" src=\"http:\/\/vaimnemaailm.ee\/www\/wp-content\/uploads\/2017\/01\/reiki_15.jpg\" alt=\"\" class=\"wp-image-106\" srcset=\"https:\/\/vaimnemaailm.ee\/www\/wp-content\/uploads\/2017\/01\/reiki_15.jpg 343w, https:\/\/vaimnemaailm.ee\/www\/wp-content\/uploads\/2017\/01\/reiki_15-216x300.jpg 216w\" sizes=\"auto, (max-width: 343px) 100vw, 343px\" \/><\/figure>\n<\/div>\n\n\n<p>Et saada reiki kanaliks tuleb l\u00e4bi teha <em><strong>reiki p\u00fchitsus<\/strong><\/em> \u2013 st. taas\u00fchinemist universaalse eluv\u00e4e energiaga. Selle poolest erineb reiki teistest tervendamismeetoditest. P\u00fchitsuse viib l\u00e4bi reiki meister, kes h\u00e4\u00e4lestab inimese k\u00f5rgemale sagedusribale, kasutades selleks salajasi reiki s\u00fcmboleid ja mantraid.<\/p>\n\n\n\n<p><strong>REIKI I P\u00dcHITSUS<\/strong> t\u00e4hendab avanemist tervendavale energiale kanaliks olemisele, see ravib p\u00fchitsuse saajat juba iseenesest, ka v\u00f5ib p\u00fchitsuse saaja hakata kohe ravima k\u00e4tega ennast ja teisi. Reiki I kursusel \u00f5pime tegema reikit ja n\u00e4itame p\u00f5hilisi k\u00e4teasendeid. P\u00fchitsuse ja kursuse hind 177 EUR<\/p>\n\n\n\n<p><strong>REIKI II P\u00dcHITSUS<\/strong> t\u00e4hendab tervendamist s\u00f5ltumata aja ja ruumi piirangutest, see lisab veelgi raviv\u00f5imet, kuna hakatakse kasutama kolme reiki s\u00fcmbolit, \u00f5petatakse, kuidas saata reikit eemalasuvale vastuv\u00f5tjale. Reiki II p\u00fchitsus teravdab ettekujutusv\u00f5imet ja intuitsiooni, mida on vaja kaugraviks ja mentaalseks raviks. Vibratsioonide sagedus suureneb mitu korda rohkem kui reiki I astme p\u00fchitsuse puhul. Reiki II astme kursusel on sobiv osaleda m\u00f5ni kuu peale I astme kursuse l\u00e4bimist, kui on juba omandatud m\u00f5ningad kogemused ja soovitakse veelgi rohkem s\u00fcveneda tervendamisse. Jaapani keeles nimetatakse reiki II astet \u201eoku den\u201d \u2013 st. \u201es\u00fcgavamat teadmist\u201d. II p\u00fchitsus stimuleerib peamiselt kolmanda silma t\u015bakrat, arendades intuitiivseid v\u00f5imeid. Reiki II astme p\u00fchtsust on tark taotleda alles siis, kui tunned end selleks valmis olevat. Reiki II p\u00fchitsuse hind 222 EUR<\/p>\n\n\n\n<p><strong>TERVENDAV P\u00dcHITSUS <\/strong>(neile, kel on olemas v\u00e4hemalt Reiki I astme p\u00fchitsus) 60 EUR<\/p>\n\n\n\n<p><strong>REIKI III<\/strong> on eneses oleva meistri t\u00e4ielik aktiveerimine, <strong>REIKI IV<\/strong> \u2013 s\u00fcdame valgustamine, nende puhul on oluline tunnetada oma valmisolekut, kuna v\u00e4ega kaasneb vastutus. Reiki III astmega k\u00e4ib kaasas kohustus praktiseerida, \u00f5petada ja elada koos reikiga. III astme omandamine n\u00f5uab p\u00fchendumist ja aega, samuti vaimse k\u00fcpsuse k\u00f5rget taset. So. k\u00f5ige intensiivsem p\u00fchitsus ja paneb aluse s\u00fcgavale ulatuvale arengule k\u00f5ikidel tasanditel. Kursuse t\u00e4htis osa on energia \u00fclekanne koos sellega kaasnevate s\u00fcmbolitega. Reiki meistri p\u00fchitsuse hind on 555 EUR<\/p>\n\n\n\n<p><strong>Reiki p\u00fchitsused on <\/strong><em><strong>kallid<\/strong><\/em><strong>,<\/strong> hinda p\u00f5hjendatakse sellega, et tasuta v\u00f5i odavalt saadut inimesed ei hinda ja see ei toimi. Vastavalt universumis toimivatele vaimsetele seadustele peavad andmine ja saamine olema tasakaalus. Inimesel on vaja midagi tagasi anda selle eest, mis ta saab, muidu tundub elu v\u00e4\u00e4rtusetuna. Vaja on v\u00f5rdset energiavahetust, et lasta uuel oma ellu voolata, tuleb millestki loobuda.<\/p>\n\n\n\n<p>Kursused viiakse l\u00e4bi individuaalselt v\u00f5i v\u00e4ikese grupiga.<\/p>\n\n\n\n<div>Soovi korral palun saata e-mail:<\/div>\n\n\n\n<div><a href=\"mailto:liina@vaimnemaailm.ee\">liina@vaimnemaailm.ee<\/a> &#8211; reiki meister Liina Kaumann (tel: 55992477)<\/div>\n","protected":false},"excerpt":{"rendered":"<p>Et saada reiki kanaliks tuleb l\u00e4bi teha reiki p\u00fchitsus \u2013 st. taas\u00fchinemist universaalse eluv\u00e4e energiaga. Selle poolest erineb reiki teistest tervendamismeetoditest. P\u00fchitsuse viib l\u00e4bi reiki meister, kes h\u00e4\u00e4lestab inimese k\u00f5rgemale sagedusribale, kasutades selleks salajasi reiki s\u00fcmboleid ja mantraid. REIKI I P\u00dcHITSUS t\u00e4hendab avanemist tervendavale energiale kanaliks olemisele, see ravib p\u00fchitsuse saajat juba iseenesest, ka v\u00f5ib &hellip; <\/p>\n<p class=\"link-more\"><a href=\"https:\/\/vaimnemaailm.ee\/www\/reiki-individuaalkursus\/\" class=\"more-link\">Loe edasi<span class=\"screen-reader-text\"> &#8220;Reiki individuaalkursus&#8221;<\/span><\/a><\/p>\n","protected":false},"author":2,"featured_media":0,"parent":0,"menu_order":0,"comment_status":"closed","ping_status":"closed","template":"","meta":{"footnotes":""},"class_list":["post-112","page","type-page","status-publish","hentry"],"_links":{"self":[{"href":"https:\/\/vaimnemaailm.ee\/www\/wp-json\/wp\/v2\/pages\/112","targetHints":{"allow":["GET"]}}],"collection":[{"href":"https:\/\/vaimnemaailm.ee\/www\/wp-json\/wp\/v2\/pages"}],"about":[{"href":"https:\/\/vaimnemaailm.ee\/www\/wp-json\/wp\/v2\/types\/page"}],"author":[{"embeddable":true,"href":"https:\/\/vaimnemaailm.ee\/www\/wp-json\/wp\/v2\/users\/2"}],"replies":[{"embeddable":true,"href":"https:\/\/vaimnemaailm.ee\/www\/wp-json\/wp\/v2\/comments?post=112"}],"version-history":[{"count":5,"href":"https:\/\/vaimnemaailm.ee\/www\/wp-json\/wp\/v2\/pages\/112\/revisions"}],"predecessor-version":[{"id":4256,"href":"https:\/\/vaimnemaailm.ee\/www\/wp-json\/wp\/v2\/pages\/112\/revisions\/4256"}],"wp:attachment":[{"href":"https:\/\/vaimnemaailm.ee\/www\/wp-json\/wp\/v2\/media?parent=112"}],"curies":[{"name":"wp","href":"https:\/\/api.w.org\/{rel}","templated":true}]}}