{"id":110,"date":"2017-01-01T16:14:07","date_gmt":"2017-01-01T14:14:07","guid":{"rendered":"http:\/\/vaimnemaailm.ee\/www\/?page_id=110"},"modified":"2017-01-01T16:41:26","modified_gmt":"2017-01-01T14:41:26","slug":"mis-on-reiki","status":"publish","type":"page","link":"https:\/\/vaimnemaailm.ee\/www\/mis-on-reiki\/","title":{"rendered":"Mis on reiki?"},"content":{"rendered":"<p><img loading=\"lazy\" decoding=\"async\" class=\"alignright wp-image-129\" src=\"http:\/\/vaimnemaailm.ee\/www\/wp-content\/uploads\/2017\/01\/reiki_5.jpg\" width=\"180\" height=\"250\" srcset=\"https:\/\/vaimnemaailm.ee\/www\/wp-content\/uploads\/2017\/01\/reiki_5.jpg 343w, https:\/\/vaimnemaailm.ee\/www\/wp-content\/uploads\/2017\/01\/reiki_5-216x300.jpg 216w\" sizes=\"auto, (max-width: 180px) 100vw, 180px\" \/>Reiki on iidne<em> tervendamiskunst ja samas ka vaimse arengu tee<\/em>. Tervendamine on midagi rohkemat kui lihtsalt keha ravi. Me ise loome oma m\u00f5tlemisega seda, mida kogeme &#8211; k\u00f5ik olukorrad, s\u00fcndmused, suhted, haiguse v\u00f5i tervise, rikkuse v\u00f5i vaesuse. Kui meis on viha, s\u00fc\u00fctunne, v\u00e4\u00e4rtusetusetunne, kui oleme klammerdunud mineviku, inimeste, asjade, vanade arusaamade k\u00fclge, siis peegeldub see meie elus, sealhulgas ka meie tervises. V\u00f5ti tervise juurde on seega harmoonia ja tasakaalu loomine oma m\u00f5ttemaailmas.<\/p>\n<p>S\u00f5na \u201ereiki\u201d t\u00e4hendab universaalset eluj\u00f5u energiat. <em>\u201eRei\u201d<\/em> so. jaapani keeles universaalne, k\u00f5rgem vaimne teadvus, Jumala k\u00f5iketeadev, k\u00f5ikjalviibiv v\u00e4gi, mis suudab tungida iga probleemi algp\u00f5hjuseni, see taastab harmoonia, t\u00f5stes meie sagedust. <em>\u201eKi\u201d<\/em> on vitaalne eluj\u00f5uenergia, mis voolab l\u00e4bi k\u00f5ikide elavate olendite.<\/p>\n<p>Optimaalsetel tingimustel voolab eluenergia kehas takistamatult, me oleme harmoonias ja tervis on korras. Stressi- ja pingeperioodidel on see takistatud. Kui aga energiavoog on takistatud, siis satub tervis ohtu. Reiki emaldab energiat\u00f5kked, pannes liikumatu v\u00f5i v\u00e4heliikuva energia j\u00e4lle voolama, see aga taastab j\u00e4rkj\u00e4rgult sisemise tasakaalu.<\/p>\n<p>Reiki toimib harmoniseerivalt nii energiakehade (aura) kui f\u00fc\u00fcsilise keha tasandil tagades emotsionaalse tasakaalu, tugevdades heaolutunnet, suurendades meeleselgust ja enesem\u00f5istmist, aitab vabastada negatiivseid m\u00f5tteid ja tugevdada \u00fchendust omaenda K\u00f5rgema Minaga. Seega on reiki terviklik ravimiss\u00fcsteem. <em>Reikienerga t\u00f5mmatakse tervendatava poolt l\u00e4bi tervendaja reiki kanali.<\/em> Reiki energia siseneb kanalisse kroont\u015bakrast, l\u00e4bib \u00fclemised energiakeskused kuni s\u00fcdamet\u015bakrani, liigub k\u00e4sivartesse ja sealt l\u00e4bi k\u00e4te kehasse, millele need asetatakse. Reiki on s\u00f5ltumatu religioonidest, uskumustest, ravitav ei pea isegi uskuma reikit, piisab kui on siiras soov proovida.<\/p>\n<p>Reiki energia tehti esmakordselt k\u00e4ttesaadavaks Atlantise aegadel, Buddha ja Jeesus kasutasid samuti seda. 19. sajandi II poolel taasavastas reiki <em>Mikao Usui<\/em>, kes andis s\u00fcsteemile ka nimetuse \u201ereiki\u201d.Ta p\u00fchitses meistriks 16 inimest. L\u00e4\u00e4nemaailma j\u00f5udis \u00f5petus l\u00e4bi Chujiro Hayashi, Hawayo Takata ja Phyllis Lei Furumoto. Takata otsustas reiki meistri h\u00e4\u00e4lestuse ja v\u00e4lja\u00f5ppe eest k\u00fcsida suure summa raha, eesm\u00e4rgiga panna inimesed reikit rohkem hindama.<\/p>\n<p>Dr. Mikao Usui tutvustas <em><strong>viit eetilist p\u00f5him\u00f5tet<\/strong><\/em> \u2013<\/p>\n<p>1. juba t\u00e4na loobun muretsemisest<\/p>\n<p>2. juba t\u00e4na vabanen vihast<\/p>\n<p>3. austan oma vanemaid, \u00f5petajaid, eakaid<\/p>\n<p>4. teenin ausalt oma elatist<\/p>\n<p>5. olen t\u00e4nulik k\u00f5igele elavale.<\/p>\n<p>Et saada reiki kanaliks tuleb l\u00e4bi teha <em><strong>reiki p\u00fchitsus<\/strong><\/em> \u2013 st. taas\u00fchinemist universaalse eluv\u00e4e energiaga. Selle poolest erineb reiki teistest tervendamismeetoditest. P\u00fchitsuse viib l\u00e4bi reiki meister, kes h\u00e4\u00e4lestab inimese k\u00f5rgemale sagedusribale, kasutades selleks salajasi reiki s\u00fcmboleid ja mantraid.<\/p>\n<p>Reiki I p\u00fchitsus t\u00e4hendab avanemist tervendavale energiale kanaliks olemisele, see ravib p\u00fchitsuse saajat juba iseenesest, ka v\u00f5ib p\u00fchitsuse saaja hakata kohe ravima k\u00e4tega ennast ja teisi.<\/p>\n<p>Reiki II p\u00fchitsus t\u00e4hendab tervendamist s\u00f5ltumata aja ja ruumi piirangutest, see lisab veelgi raviv\u00f5imet, kuna hakatakse kasutama kolme reiki s\u00fcmbolit, \u00f5petatakse, kuidas saata reikit eemalasuvale vastuv\u00f5tjale.<\/p>\n<p>Reiki III on eneses oleva meistri t\u00e4ielik aktiveerimine, reiki IV \u2013 s\u00fcdame valgustamine, nende puhul on oluline tunnetada oma valmisolekut, kuna v\u00e4ega kaasneb vastutus.<\/p>\n<p>Reiki p\u00fchitsused on <em>kallid<\/em>, hinda p\u00f5hjedatakse sellega, et tasuta v\u00f5i odavalt saadut inimesed ei hinda ja see ei toimi. Vastavalt universumis toimivatele vaimsetele seadustele peavad andmine ja saamine olema tasakaalus. Inimesel on vaja midagi tagasi anda selle eest, mis ta saab, muidu tundub elu v\u00e4\u00e4rtusetuna. Vaja on v\u00f5rdset energiavahetust, et lasta uuel oma ellu voolata, tuleb millestki loobuda.<\/p>\n<p>Reikit saab h\u00e4sti kombineerida teiste alternatiivteraapia meetoditega ja tavameditsiiniga. Viimaste aastate jooksul on reiki v\u00f5itnud tohutu populaarsuse ja on vabalt k\u00e4ttesaadav paljudes alternatiivavi kliinikutes ja keskustes \u00fcle maailma, isegi ilusalongides pakutakse juba reikit v\u00f5rdselt massaa\u017aiga. Siiski on oluline kasutada endale sobiva tervendaja v\u00f5i h\u00e4\u00e4lestust l\u00e4biviiva reikimeistri leidmiseks oma sisetunnet, eristusv\u00f5imet. On olemas reiki tervendajaid ja reiki tehnikuid. Tehnikud t\u00f5mbavad ligi inimesi, kes vajavad p\u00fchitsuse l\u00e4biviimseks tehnikut, tervendajad aga vajavad h\u00e4\u00e4lestuse saamiseks t\u00f5elisi reiki tervendajaid. Tevendajad on m\u00e4rkimisv\u00e4\u00e4rselt v\u00f5imsamad, nad panustavad t\u00e4iusliku tulemuse saavutamiseks rohkem aega ja energiat, tehnikud j\u00e4lle j\u00e4rgivad rohkem kindlaid reegleid.<\/p>\n","protected":false},"excerpt":{"rendered":"<p>Reiki on iidne tervendamiskunst ja samas ka vaimse arengu tee. Tervendamine on midagi rohkemat kui lihtsalt keha ravi. Me ise loome oma m\u00f5tlemisega seda, mida kogeme &#8211; k\u00f5ik olukorrad, s\u00fcndmused, suhted, haiguse v\u00f5i tervise, rikkuse v\u00f5i vaesuse. Kui meis on viha, s\u00fc\u00fctunne, v\u00e4\u00e4rtusetusetunne, kui oleme klammerdunud mineviku, inimeste, asjade, vanade arusaamade k\u00fclge, siis peegeldub see &hellip; <\/p>\n<p class=\"link-more\"><a href=\"https:\/\/vaimnemaailm.ee\/www\/mis-on-reiki\/\" class=\"more-link\">Loe edasi<span class=\"screen-reader-text\"> &#8220;Mis on reiki?&#8221;<\/span><\/a><\/p>\n","protected":false},"author":2,"featured_media":0,"parent":0,"menu_order":0,"comment_status":"closed","ping_status":"closed","template":"","meta":{"footnotes":""},"class_list":["post-110","page","type-page","status-publish","hentry"],"_links":{"self":[{"href":"https:\/\/vaimnemaailm.ee\/www\/wp-json\/wp\/v2\/pages\/110","targetHints":{"allow":["GET"]}}],"collection":[{"href":"https:\/\/vaimnemaailm.ee\/www\/wp-json\/wp\/v2\/pages"}],"about":[{"href":"https:\/\/vaimnemaailm.ee\/www\/wp-json\/wp\/v2\/types\/page"}],"author":[{"embeddable":true,"href":"https:\/\/vaimnemaailm.ee\/www\/wp-json\/wp\/v2\/users\/2"}],"replies":[{"embeddable":true,"href":"https:\/\/vaimnemaailm.ee\/www\/wp-json\/wp\/v2\/comments?post=110"}],"version-history":[{"count":4,"href":"https:\/\/vaimnemaailm.ee\/www\/wp-json\/wp\/v2\/pages\/110\/revisions"}],"predecessor-version":[{"id":132,"href":"https:\/\/vaimnemaailm.ee\/www\/wp-json\/wp\/v2\/pages\/110\/revisions\/132"}],"wp:attachment":[{"href":"https:\/\/vaimnemaailm.ee\/www\/wp-json\/wp\/v2\/media?parent=110"}],"curies":[{"name":"wp","href":"https:\/\/api.w.org\/{rel}","templated":true}]}}