{"id":104,"date":"2017-01-01T16:12:01","date_gmt":"2017-01-01T14:12:01","guid":{"rendered":"http:\/\/vaimnemaailm.ee\/www\/?page_id=104"},"modified":"2025-12-19T11:00:52","modified_gmt":"2025-12-19T09:00:52","slug":"reiki-tervendus","status":"publish","type":"page","link":"https:\/\/vaimnemaailm.ee\/www\/reiki-tervendus\/","title":{"rendered":"Reiki tervendus"},"content":{"rendered":"\n<p>Reiki on suurep\u00e4rane tervendamisvahend ja teda saab h\u00e4sti kombineerida teiste alternatiivraviteraapiate ja tavameditsiiniga, eriti h\u00e4sti m\u00f5jub krooniliste haiguste, depressiooni, stressi puhul. Samas ei tohi teda mingil juhul kasutada arstiabi ja arstirohtude aseainena, pigem aitab reiki kaasa loomulikule paranemisele ja tugevdab igasuguste teraapiate m\u00f5ju. Reiki v\u00e4hendab ravimite toksilist m\u00f5ju, kiirendab ka paranemist peale operatsiooni, vaigistab valu. Kuna reiki suurendab teadlikkust, on ta suureks abiks alkoholist ja suitsetamisest loobumisel, samuti kehakaalu probleemide puhul.<\/p>\n\n\n\n<p>T\u00e4ielik traditsiooniline raviseanss kestab 50 min -1 tund, krooniliste haiguste puhul on vajalik ravi pikema aja v\u00e4ltel. Et aidata kehal avaneda energeetilisel tasandil ja et toksiinid vabaneksid t\u00f5husamalt, oleks vajalik alguses teha mitu reikiseanssi. Enne raviseanssi tuleks v\u00f5tta \u00e4ra pitsitavad rihmad, v\u00f6\u00f6d, ka metallesemed, mis takistavad energia vaba liikumist. Reiki vastuv\u00f5tja on tavaliselt pikali, t\u00e4ies riides, saateks m\u00e4ngitakse l\u00f5dvestavat meditatiivset muusikat. Tervendaja paneb k\u00e4ed eri asendites kehale v\u00f5i keha kohale ja hoiab iga asendit m\u00f5ne minuti, kuni kogu keha on l\u00e4bi k\u00e4idud.<\/p>\n\n\n\n<p>Tavaliselt hakkab energia kiiresti voolama ja patsient tunneb s\u00fcgavat l\u00f5dvestust, samas on iga raviseanss isemoodi ja ka inimeste kogemused varieeruvad. Paljud j\u00e4\u00e4vad magama, m\u00f5nel v\u00f5ivad pinnale t\u00f5usta vanad emotsioonid, v\u00f5ib ilmneda selgeid n\u00e4gemusi v\u00f5i leida ootamatuid lahendusi probleemidele. Vahel v\u00f5ib kogeda ka kerget ebamugavustunnet kui kehasse kogunenud j\u00e4\u00e4kained hakkavad vabanema. Peale reikiseanssi on vajalik juua \u00e4ra klaas vett ja tarbida \u00fcldse rohkem vedelikku, et aidata toklsiinidel vabaneda.<\/p>\n\n\n\n<p>Eriti kiire ja t\u00f5hus ravimeetod on on aga hoopis <strong>tervendav p\u00fchitsus<\/strong> &#8211; t\u00e4ielikuks raviks (suuremate h\u00e4irete puhul) oleks vaja teha tervendavat p\u00fchitsust 4 -5 korral, olenevalt olukorrast kas \u00fcle p\u00e4eva, paari p\u00e4eva tagant v\u00f5i erijuhtudel isegi 4 j\u00e4rjestikusel p\u00e4eval. V\u00e4iksemate probleemide puhul v\u00f5ib aidata 1 -2 korrast.<\/p>\n\n\n\n<p><strong>REIKI RAVI Tervendava p\u00fchitsusega &#8211; 60 EUR (1 p\u00fchitsuse t\u00f5husus = ca 3  1 tunnist reiki tervendusseanssi)<\/strong> &#8211; 1 seanss kestab kuni 30 min<\/p>\n\n\n\n<p><strong>4 korrast koosnev ravikuur  (tervendavad p\u00fchitsused) korraga ettemakstes &#8211; 200 EUR<\/strong><\/p>\n\n\n\n<p><strong>3 korrast koosnev ravikuur  (tervendavad p\u00fchitsused) korraga ettemakstes &#8211; 155 EUR<\/strong><\/p>\n\n\n\n<p><strong>Kaugreiki seanss &#8211; 40 EUR<\/strong> <\/p>\n\n\n\n<p><strong>Kaugreiki seansid 5 j\u00e4rjestikusel p\u00e4eval &#8211; 150 EUR<\/strong><\/p>\n\n\n\n<p><strong>3 j\u00e4rjestikusel p\u00e4eval &#8211; 100 EUR<\/strong><\/p>\n\n\n\n<p>Aja broneerimiseks v\u00f5ta \u00fchendust liina@vaimnemaailm.ee <\/p>\n\n\n\n<p><\/p>\n","protected":false},"excerpt":{"rendered":"<p>Reiki on suurep\u00e4rane tervendamisvahend ja teda saab h\u00e4sti kombineerida teiste alternatiivraviteraapiate ja tavameditsiiniga, eriti h\u00e4sti m\u00f5jub krooniliste haiguste, depressiooni, stressi puhul. Samas ei tohi teda mingil juhul kasutada arstiabi ja arstirohtude aseainena, pigem aitab reiki kaasa loomulikule paranemisele ja tugevdab igasuguste teraapiate m\u00f5ju. Reiki v\u00e4hendab ravimite toksilist m\u00f5ju, kiirendab ka paranemist peale operatsiooni, vaigistab valu. &hellip; <\/p>\n<p class=\"link-more\"><a href=\"https:\/\/vaimnemaailm.ee\/www\/reiki-tervendus\/\" class=\"more-link\">Loe edasi<span class=\"screen-reader-text\"> &#8220;Reiki tervendus&#8221;<\/span><\/a><\/p>\n","protected":false},"author":2,"featured_media":0,"parent":0,"menu_order":0,"comment_status":"closed","ping_status":"closed","template":"","meta":{"footnotes":""},"class_list":["post-104","page","type-page","status-publish","hentry"],"_links":{"self":[{"href":"https:\/\/vaimnemaailm.ee\/www\/wp-json\/wp\/v2\/pages\/104","targetHints":{"allow":["GET"]}}],"collection":[{"href":"https:\/\/vaimnemaailm.ee\/www\/wp-json\/wp\/v2\/pages"}],"about":[{"href":"https:\/\/vaimnemaailm.ee\/www\/wp-json\/wp\/v2\/types\/page"}],"author":[{"embeddable":true,"href":"https:\/\/vaimnemaailm.ee\/www\/wp-json\/wp\/v2\/users\/2"}],"replies":[{"embeddable":true,"href":"https:\/\/vaimnemaailm.ee\/www\/wp-json\/wp\/v2\/comments?post=104"}],"version-history":[{"count":5,"href":"https:\/\/vaimnemaailm.ee\/www\/wp-json\/wp\/v2\/pages\/104\/revisions"}],"predecessor-version":[{"id":4261,"href":"https:\/\/vaimnemaailm.ee\/www\/wp-json\/wp\/v2\/pages\/104\/revisions\/4261"}],"wp:attachment":[{"href":"https:\/\/vaimnemaailm.ee\/www\/wp-json\/wp\/v2\/media?parent=104"}],"curies":[{"name":"wp","href":"https:\/\/api.w.org\/{rel}","templated":true}]}}